{"id":13765,"date":"2017-01-27T15:44:21","date_gmt":"2017-01-27T14:44:21","guid":{"rendered":"http:\/\/sofine.haveatry.nl\/be\/nieuws-over-sofine-en-de-laatste-blogs\/"},"modified":"2021-11-02T15:23:52","modified_gmt":"2021-11-02T14:23:52","slug":"lactualite-sofine-et-les-derniers-blogs","status":"publish","type":"page","link":"https:\/\/www.sofine.eu\/be\/fr\/lactualite-sofine-et-les-derniers-blogs\/","title":{"rendered":"L&rsquo;actualit\u00e9 SoFine et les derniers blogs !"},"content":{"rendered":"<div class=\"wpb-content-wrapper\"><p>[vc_row][vc_column]<style type=\"text\/css\" data-type=\"the7_shortcodes-inline-css\">.blog-shortcode.blog-masonry-shortcode-id-d889fc7177400e8af78092ec47e6bb6a.dividers-on.classic-layout-list article {\n  padding-top: 0;\n}\n.blog-shortcode.blog-masonry-shortcode-id-d889fc7177400e8af78092ec47e6bb6a.dividers-on.classic-layout-list article:first-of-type {\n  margin-top: 0;\n  padding-top: 0;\n}\n.blog-shortcode.blog-masonry-shortcode-id-d889fc7177400e8af78092ec47e6bb6a.classic-layout-list.mode-list .post-entry-content {\n  width: calc(100% - );\n}\n.blog-shortcode.blog-masonry-shortcode-id-d889fc7177400e8af78092ec47e6bb6a.classic-layout-list.mode-list .no-img .post-entry-content {\n  width: 100%;\n}\n.blog-shortcode.blog-masonry-shortcode-id-d889fc7177400e8af78092ec47e6bb6a .filter-bg-decoration .filter-categories a.act {\n  color: #fff;\n}\n.blog-shortcode.blog-masonry-shortcode-id-d889fc7177400e8af78092ec47e6bb6a:not(.mode-masonry) article:first-of-type,\n.blog-shortcode.blog-masonry-shortcode-id-d889fc7177400e8af78092ec47e6bb6a:not(.mode-masonry) article.visible.first:not(.product) {\n  margin-top: 0;\n}\n.blog-shortcode.blog-masonry-shortcode-id-d889fc7177400e8af78092ec47e6bb6a.dividers-on:not(.mode-masonry) article {\n  margin-top: 0;\n}\n.blog-shortcode.blog-masonry-shortcode-id-d889fc7177400e8af78092ec47e6bb6a.dividers-on:not(.mode-masonry) article:first-of-type,\n.blog-shortcode.blog-masonry-shortcode-id-d889fc7177400e8af78092ec47e6bb6a.dividers-on:not(.mode-masonry) article.visible.first:not(.product) {\n  margin-top: 0;\n  padding-top: 0;\n}\n.blog-shortcode.blog-masonry-shortcode-id-d889fc7177400e8af78092ec47e6bb6a .post-thumbnail-wrap {\n  padding: 0px 0px 0px 0px;\n}\n.blog-shortcode.blog-masonry-shortcode-id-d889fc7177400e8af78092ec47e6bb6a.enable-bg-rollover .post-thumbnail-rollover:after {\n  background: -webkit-linear-gradient();\n  background: linear-gradient();\n}\n.blog-shortcode.blog-masonry-shortcode-id-d889fc7177400e8af78092ec47e6bb6a .gallery-zoom-ico {\n  width: 44px;\n  height: 44px;\n  line-height: 44px;\n  border-radius: 100px;\n  margin: -22px 0 0 -22px;\n  border-width: 0px;\n  color: #ffffff;\n}\n.bottom-overlap-layout-list.blog-shortcode.blog-masonry-shortcode-id-d889fc7177400e8af78092ec47e6bb6a .gallery-zoom-ico {\n  margin-top: -72px;\n}\n.gradient-overlay-layout-list.blog-shortcode.blog-masonry-shortcode-id-d889fc7177400e8af78092ec47e6bb6a .gallery-zoom-ico,\n.content-rollover-layout-list.blog-shortcode.blog-masonry-shortcode-id-d889fc7177400e8af78092ec47e6bb6a .gallery-zoom-ico {\n  margin: 0 0 10px;\n}\n.content-align-center.gradient-overlay-layout-list.blog-shortcode.blog-masonry-shortcode-id-d889fc7177400e8af78092ec47e6bb6a .gallery-zoom-ico,\n.content-align-center.content-rollover-layout-list.blog-shortcode.blog-masonry-shortcode-id-d889fc7177400e8af78092ec47e6bb6a .gallery-zoom-ico {\n  margin: 0 auto 10px;\n}\n.dt-icon-bg-on.blog-shortcode.blog-masonry-shortcode-id-d889fc7177400e8af78092ec47e6bb6a .gallery-zoom-ico {\n  background: rgba(255,255,255,0.3);\n  box-shadow: none;\n}\n.blog-shortcode.blog-masonry-shortcode-id-d889fc7177400e8af78092ec47e6bb6a .gallery-zoom-ico > span,\n.blog-shortcode.blog-masonry-shortcode-id-d889fc7177400e8af78092ec47e6bb6a .gallery-zoom-ico:before {\n  font-size: 32px;\n  line-height: 44px;\n}\n.blog-shortcode.blog-masonry-shortcode-id-d889fc7177400e8af78092ec47e6bb6a .gallery-zoom-ico > span,\n.blog-shortcode.blog-masonry-shortcode-id-d889fc7177400e8af78092ec47e6bb6a .gallery-zoom-ico:before {\n  color: #ffffff;\n}\n.blog-shortcode.blog-masonry-shortcode-id-d889fc7177400e8af78092ec47e6bb6a .entry-title,\n.blog-shortcode.blog-masonry-shortcode-id-d889fc7177400e8af78092ec47e6bb6a.owl-carousel .entry-title {\n  margin-bottom: 15px;\n  font-weight: bold;\n}\n.blog-shortcode.blog-masonry-shortcode-id-d889fc7177400e8af78092ec47e6bb6a .entry-meta {\n  margin-bottom: 15px;\n}\n.blog-shortcode.blog-masonry-shortcode-id-d889fc7177400e8af78092ec47e6bb6a .portfolio-categories {\n  margin-bottom: 15px;\n}\n.blog-shortcode.blog-masonry-shortcode-id-d889fc7177400e8af78092ec47e6bb6a .entry-excerpt {\n  margin-bottom: 5px;\n}\n.blog-shortcode.blog-masonry-shortcode-id-d889fc7177400e8af78092ec47e6bb6a:not(.centered-layout-list) .post-entry-content {\n  padding: 25px 30px 30px 30px;\n}\n.blog-shortcode.blog-masonry-shortcode-id-d889fc7177400e8af78092ec47e6bb6a:not(.centered-layout-list):not(.content-bg-on):not(.mode-list) .no-img .post-entry-content {\n  padding: 0;\n}\n@media screen and (max-width: ) {\n  .blog-shortcode.blog-masonry-shortcode-id-d889fc7177400e8af78092ec47e6bb6a article {\n    -ms-flex-flow: column nowrap;\n    flex-flow: column nowrap;\n    margin-top: 20px;\n  }\n  .blog-shortcode.blog-masonry-shortcode-id-d889fc7177400e8af78092ec47e6bb6a.dividers-on article {\n    border: none;\n  }\n  .blog-shortcode.blog-masonry-shortcode-id-d889fc7177400e8af78092ec47e6bb6a.content-bg-on.centered-layout-list article {\n    padding: 0;\n  }\n  .blog-shortcode.blog-masonry-shortcode-id-d889fc7177400e8af78092ec47e6bb6a.blog-shortcode.dividers-on article,\n  .blog-shortcode.blog-masonry-shortcode-id-d889fc7177400e8af78092ec47e6bb6a.dividers-on.classic-layout-list article {\n    margin-top: 20px;\n    padding: 0;\n  }\n  .blog-shortcode.blog-masonry-shortcode-id-d889fc7177400e8af78092ec47e6bb6a.blog-shortcode.dividers-on article:first-of-type,\n  .blog-shortcode.blog-masonry-shortcode-id-d889fc7177400e8af78092ec47e6bb6a.dividers-on.classic-layout-list article:first-of-type {\n    padding: 0;\n  }\n  #page .blog-shortcode.blog-masonry-shortcode-id-d889fc7177400e8af78092ec47e6bb6a .post-thumbnail-wrap,\n  #page .blog-shortcode.blog-masonry-shortcode-id-d889fc7177400e8af78092ec47e6bb6a .post-entry-content {\n    width: 100%;\n    margin: 0;\n    top: 0;\n  }\n  #page .blog-shortcode.blog-masonry-shortcode-id-d889fc7177400e8af78092ec47e6bb6a .post-thumbnail-wrap {\n    padding: 0;\n  }\n  #page .blog-shortcode.blog-masonry-shortcode-id-d889fc7177400e8af78092ec47e6bb6a .post-entry-content:after {\n    display: none;\n  }\n  #page .blog-shortcode.blog-masonry-shortcode-id-d889fc7177400e8af78092ec47e6bb6a .project-even .post-thumbnail-wrap,\n  #page .blog-shortcode.blog-masonry-shortcode-id-d889fc7177400e8af78092ec47e6bb6a.centered-layout-list .post-thumbnail-wrap {\n    -ms-flex-order: 0;\n    order: 0;\n  }\n  #page .blog-shortcode.blog-masonry-shortcode-id-d889fc7177400e8af78092ec47e6bb6a.centered-layout-list .post-entry-title-content {\n    -ms-flex-order: 1;\n    order: 1;\n    width: 100%;\n    padding: 20px 20px 0;\n  }\n  #page .blog-shortcode.blog-masonry-shortcode-id-d889fc7177400e8af78092ec47e6bb6a.centered-layout-list .post-entry-content {\n    -ms-flex-order: 2;\n    order: 2;\n    padding-top: 0;\n  }\n  #page .blog-shortcode.blog-masonry-shortcode-id-d889fc7177400e8af78092ec47e6bb6a .fancy-categories {\n    top: 10px;\n    left: 10px;\n    bottom: auto;\n    right: auto;\n  }\n  #page .blog-shortcode.blog-masonry-shortcode-id-d889fc7177400e8af78092ec47e6bb6a .fancy-date a {\n    top: 10px;\n    right: 10px;\n    left: auto;\n    bottom: auto;\n  }\n  #page .blog-shortcode.blog-masonry-shortcode-id-d889fc7177400e8af78092ec47e6bb6a .post-entry-content {\n    padding: 20px;\n  }\n  #page .blog-shortcode.blog-masonry-shortcode-id-d889fc7177400e8af78092ec47e6bb6a .entry-title {\n    margin: 3px 0 5px;\n    font-size: 20px;\n    line-height: 26px;\n  }\n  #page .blog-shortcode.blog-masonry-shortcode-id-d889fc7177400e8af78092ec47e6bb6a .entry-meta {\n    margin: 5px 0 5px;\n  }\n  #page .blog-shortcode.blog-masonry-shortcode-id-d889fc7177400e8af78092ec47e6bb6a .entry-excerpt {\n    margin: 15px 0 0;\n  }\n  #page .blog-shortcode.blog-masonry-shortcode-id-d889fc7177400e8af78092ec47e6bb6a .post-details {\n    margin: 5px 0 10px;\n  }\n  #page .blog-shortcode.blog-masonry-shortcode-id-d889fc7177400e8af78092ec47e6bb6a .post-details.details-type-link {\n    margin-bottom: 2px;\n  }\n}\n.blog-shortcode.blog-masonry-shortcode-id-d889fc7177400e8af78092ec47e6bb6a:not(.resize-by-browser-width) .dt-css-grid {\n  grid-row-gap: 10px;\n  grid-column-gap: 10px;\n  grid-template-columns: repeat(auto-fill,minmax(,1fr));\n}\n.blog-shortcode.blog-masonry-shortcode-id-d889fc7177400e8af78092ec47e6bb6a:not(.resize-by-browser-width) .dt-css-grid .double-width {\n  grid-column: span 2;\n}\n.cssgridlegacy.no-cssgrid .blog-shortcode.blog-masonry-shortcode-id-d889fc7177400e8af78092ec47e6bb6a:not(.resize-by-browser-width) .dt-css-grid,\n.no-cssgridlegacy.no-cssgrid .blog-shortcode.blog-masonry-shortcode-id-d889fc7177400e8af78092ec47e6bb6a:not(.resize-by-browser-width) .dt-css-grid {\n  display: flex;\n  flex-flow: row wrap;\n  margin: -5px;\n}\n.cssgridlegacy.no-cssgrid .blog-shortcode.blog-masonry-shortcode-id-d889fc7177400e8af78092ec47e6bb6a:not(.resize-by-browser-width) .dt-css-grid .wf-cell,\n.no-cssgridlegacy.no-cssgrid .blog-shortcode.blog-masonry-shortcode-id-d889fc7177400e8af78092ec47e6bb6a:not(.resize-by-browser-width) .dt-css-grid .wf-cell {\n  flex: 1 0 ;\n  max-width: 100%;\n  padding: 5px;\n  box-sizing: border-box;\n}\n.blog-shortcode.blog-masonry-shortcode-id-d889fc7177400e8af78092ec47e6bb6a.resize-by-browser-width .dt-css-grid {\n  grid-template-columns: repeat(3,1fr);\n  grid-template-rows: auto;\n  grid-column-gap: 10px;\n  grid-row-gap: 10px;\n}\n.blog-shortcode.blog-masonry-shortcode-id-d889fc7177400e8af78092ec47e6bb6a.resize-by-browser-width .dt-css-grid .double-width {\n  grid-column: span 2;\n}\n.cssgridlegacy.no-cssgrid .blog-shortcode.blog-masonry-shortcode-id-d889fc7177400e8af78092ec47e6bb6a.resize-by-browser-width .dt-css-grid {\n  margin: -5px;\n}\n.cssgridlegacy.no-cssgrid .blog-shortcode.blog-masonry-shortcode-id-d889fc7177400e8af78092ec47e6bb6a.resize-by-browser-width .dt-css-grid .wf-cell {\n  width: 33.333333333333%;\n  padding: 5px;\n}\n.cssgridlegacy.no-cssgrid .blog-shortcode.blog-masonry-shortcode-id-d889fc7177400e8af78092ec47e6bb6a.resize-by-browser-width .dt-css-grid .wf-cell.double-width {\n  width: calc(33.333333333333%) * 2;\n}\n.blog-shortcode.blog-masonry-shortcode-id-d889fc7177400e8af78092ec47e6bb6a.resize-by-browser-width:not(.centered-layout-list):not(.content-bg-on) .dt-css-grid {\n  grid-row-gap: -20px;\n}\n@media screen and (max-width: 1199px) {\n  .blog-shortcode.blog-masonry-shortcode-id-d889fc7177400e8af78092ec47e6bb6a.resize-by-browser-width .dt-css-grid {\n    grid-template-columns: repeat(3,1fr);\n  }\n  .cssgridlegacy.no-cssgrid .blog-shortcode.blog-masonry-shortcode-id-d889fc7177400e8af78092ec47e6bb6a.resize-by-browser-width .dt-css-grid .wf-cell,\n  .no-cssgridlegacy.no-cssgrid .blog-shortcode.blog-masonry-shortcode-id-d889fc7177400e8af78092ec47e6bb6a.resize-by-browser-width .dt-css-grid .wf-cell {\n    width: 33.333333333333%;\n  }\n  .cssgridlegacy.no-cssgrid .blog-shortcode.blog-masonry-shortcode-id-d889fc7177400e8af78092ec47e6bb6a.resize-by-browser-width .dt-css-grid .wf-cell.double-width,\n  .no-cssgridlegacy.no-cssgrid .blog-shortcode.blog-masonry-shortcode-id-d889fc7177400e8af78092ec47e6bb6a.resize-by-browser-width .dt-css-grid .wf-cell.double-width {\n    width: calc(33.333333333333%)*2;\n  }\n}\n@media screen and (max-width: 991px) {\n  .blog-shortcode.blog-masonry-shortcode-id-d889fc7177400e8af78092ec47e6bb6a.resize-by-browser-width .dt-css-grid {\n    grid-template-columns: repeat(2,1fr);\n  }\n  .cssgridlegacy.no-cssgrid .blog-shortcode.blog-masonry-shortcode-id-d889fc7177400e8af78092ec47e6bb6a.resize-by-browser-width .dt-css-grid .wf-cell,\n  .no-cssgridlegacy.no-cssgrid .blog-shortcode.blog-masonry-shortcode-id-d889fc7177400e8af78092ec47e6bb6a.resize-by-browser-width .dt-css-grid .wf-cell {\n    width: 50%;\n  }\n  .cssgridlegacy.no-cssgrid .blog-shortcode.blog-masonry-shortcode-id-d889fc7177400e8af78092ec47e6bb6a.resize-by-browser-width .dt-css-grid .wf-cell.double-width,\n  .no-cssgridlegacy.no-cssgrid .blog-shortcode.blog-masonry-shortcode-id-d889fc7177400e8af78092ec47e6bb6a.resize-by-browser-width .dt-css-grid .wf-cell.double-width {\n    width: calc(50%)*2;\n  }\n}\n@media screen and (max-width: 767px) {\n  .blog-shortcode.blog-masonry-shortcode-id-d889fc7177400e8af78092ec47e6bb6a.resize-by-browser-width .dt-css-grid {\n    grid-template-columns: repeat(1,1fr);\n  }\n  .blog-shortcode.blog-masonry-shortcode-id-d889fc7177400e8af78092ec47e6bb6a.resize-by-browser-width .dt-css-grid .double-width {\n    grid-column: span 1;\n  }\n  .cssgridlegacy.no-cssgrid .blog-shortcode.blog-masonry-shortcode-id-d889fc7177400e8af78092ec47e6bb6a.resize-by-browser-width .dt-css-grid .wf-cell,\n  .no-cssgridlegacy.no-cssgrid .blog-shortcode.blog-masonry-shortcode-id-d889fc7177400e8af78092ec47e6bb6a.resize-by-browser-width .dt-css-grid .wf-cell {\n    width: 100%;\n  }\n  .cssgridlegacy.no-cssgrid .blog-shortcode.blog-masonry-shortcode-id-d889fc7177400e8af78092ec47e6bb6a.resize-by-browser-width .dt-css-grid .wf-cell.double-width,\n  .no-cssgridlegacy.no-cssgrid .blog-shortcode.blog-masonry-shortcode-id-d889fc7177400e8af78092ec47e6bb6a.resize-by-browser-width .dt-css-grid .wf-cell.double-width {\n    width: calc(100%)*2;\n  }\n}<\/style><div class=\"blog-shortcode blog-masonry-shortcode-id-d889fc7177400e8af78092ec47e6bb6a mode-grid classic-layout-list content-bg-on jquery-filter scale-img meta-info-off dt-css-grid-wrap dt-icon-bg-off resize-by-browser-width loading-effect-none description-under-image \" data-padding=\"5px\" data-cur-page=\"1\" data-post-limit=\"-1\" data-pagination-mode=\"none\" data-desktop-columns-num=\"3\" data-v-tablet-columns-num=\"2\" data-h-tablet-columns-num=\"3\" data-phone-columns-num=\"1\" data-width=\"0px\" data-columns=\"0\"><div class=\"dt-css-grid\" ><div class=\"visible wf-cell\" data-post-id=\"13710\" data-date=\"2021-04-01T13:22:49+02:00\" data-name=\"Quelles sont les cons\u00e9quences de la surp\u00eache\u00a0?\" data-persons=\"\" data-cookingtime=\"\" data-products=\",,\"><article class=\"post project-odd visible post-13710 type-post status-publish format-standard has-post-thumbnail hentry category-blog-fr category-nouvelles category-657 category-655 description-off\" data-name=\"Quelles sont les cons\u00e9quences de la surp\u00eache\u00a0?\" data-date=\"2021-04-01T13:22:49+02:00\">\n\n<div class=\"post-thumbnail-wrap\">\n\t<div class=\"post-thumbnail\">\n\t\t\n\t\t\n\t\t<a href=\"https:\/\/www.sofine.eu\/be\/fr\/nouvelles\/surpeche\/\" class=\"post-thumbnail-rollover layzr-bg layzr-bg\" ><img fetchpriority=\"high\" decoding=\"async\" class=\"iso-lazy-load preload-me iso-lazy-load aspect\" src=\"data:image\/svg+xml,%3Csvg%20xmlns%3D&#39;http%3A%2F%2Fwww.w3.org%2F2000%2Fsvg&#39;%20viewBox%3D&#39;0%200%20750%20500&#39;%2F%3E\" data-src=\"https:\/\/www.sofine.eu\/be\/wp-content\/uploads\/sites\/4\/2019\/04\/Afbeeldingblog.png\" data-srcset=\"https:\/\/www.sofine.eu\/be\/wp-content\/uploads\/sites\/4\/2019\/04\/Afbeeldingblog.png 750w\" loading=\"eager\" style=\"--ratio: 750 \/ 500\" sizes=\"(max-width: 750px) 100vw, 750px\" alt=\"\" title=\"Afbeeldingblog\" width=\"750\" height=\"500\"  \/><\/a>\t<\/div>\n<\/div>\n\n\n<div class=\"post-entry-content\">\n\n\t<h3 class=\"entry-title\">\n\t\t<a href=\"https:\/\/www.sofine.eu\/be\/fr\/nouvelles\/surpeche\/\" title=\"Quelles sont les cons\u00e9quences de la surp\u00eache\u00a0?\" rel=\"bookmark\">Quelles sont les cons\u00e9quences de la surp\u00eache\u00a0?<\/a>\n\t<\/h3>\n\n\t\n\t\n\t\n<a href=\"https:\/\/www.sofine.eu\/be\/fr\/nouvelles\/surpeche\/\" class=\"dt-btn-s dt-btn post-details details-type-btn\" aria-label=\"En savoir plus sur Quelles sont les cons\u00e9quences de la surp\u00eache\u00a0?\">LIRE PLUS<i class=\"dt-icon-the7-arrow-03\" aria-hidden=\"true\"><\/i><\/a>\n\n<\/div><\/article><\/div><\/div><!-- iso-container|iso-grid --><\/div>[\/vc_column][\/vc_row]<\/p>\n<\/div>","protected":false},"excerpt":{"rendered":"<p>[vc_row][vc_column][\/vc_column][\/vc_row]<\/p>\n","protected":false},"author":1,"featured_media":0,"parent":0,"menu_order":0,"comment_status":"closed","ping_status":"closed","template":"","meta":{"footnotes":""},"class_list":["post-13765","page","type-page","status-publish","hentry","description-off"],"yoast_head":"<!-- This site is optimized with the Yoast SEO Premium plugin v25.1 (Yoast SEO v27.5) - https:\/\/yoast.com\/product\/yoast-seo-premium-wordpress\/ -->\n<title>Toutes les actualit\u00e9s et les blogs de SoFine Foods se trouvent sur la page.<\/title>\n<meta name=\"description\" content=\"Restez au courant de toutes les actualit\u00e9s de SoFine Foods et d\u00e9couvrez nos blogs int\u00e9ressants sur les aliments \u00e0 base de plantes et un mode de vie \u00e0 base de plantes !\" \/>\n<meta name=\"robots\" content=\"index, follow, max-snippet:-1, max-image-preview:large, max-video-preview:-1\" \/>\n<link rel=\"canonical\" href=\"https:\/\/www.sofine.eu\/be\/fr\/lactualite-sofine-et-les-derniers-blogs\/\" \/>\n<meta property=\"og:locale\" content=\"fr_FR\" \/>\n<meta property=\"og:type\" content=\"article\" \/>\n<meta property=\"og:title\" content=\"L&#039;actualit\u00e9 SoFine et les derniers blogs !\" \/>\n<meta property=\"og:url\" content=\"https:\/\/www.sofine.eu\/be\/fr\/lactualite-sofine-et-les-derniers-blogs\/\" \/>\n<meta property=\"og:site_name\" content=\"Sofine BE\" \/>\n<meta property=\"article:modified_time\" content=\"2021-11-02T14:23:52+00:00\" \/>\n<meta name=\"twitter:card\" content=\"summary_large_image\" \/>\n<meta name=\"twitter:label1\" content=\"Dur\u00e9e de lecture estim\u00e9e\" \/>\n\t<meta name=\"twitter:data1\" content=\"1 minute\" \/>\n<script type=\"application\/ld+json\" class=\"yoast-schema-graph\">{\"@context\":\"https:\\\/\\\/schema.org\",\"@graph\":[{\"@type\":\"WebPage\",\"@id\":\"https:\\\/\\\/www.sofine.eu\\\/be\\\/fr\\\/lactualite-sofine-et-les-derniers-blogs\\\/\",\"url\":\"https:\\\/\\\/www.sofine.eu\\\/be\\\/fr\\\/lactualite-sofine-et-les-derniers-blogs\\\/\",\"name\":\"Toutes les actualit\u00e9s et les blogs de SoFine Foods se trouvent sur la page.\",\"isPartOf\":{\"@id\":\"https:\\\/\\\/www.sofine.eu\\\/be\\\/fr\\\/#website\"},\"datePublished\":\"2017-01-27T14:44:21+00:00\",\"dateModified\":\"2021-11-02T14:23:52+00:00\",\"description\":\"Restez au courant de toutes les actualit\u00e9s de SoFine Foods et d\u00e9couvrez nos blogs int\u00e9ressants sur les aliments \u00e0 base de plantes et un mode de vie \u00e0 base de plantes !\",\"breadcrumb\":{\"@id\":\"https:\\\/\\\/www.sofine.eu\\\/be\\\/fr\\\/lactualite-sofine-et-les-derniers-blogs\\\/#breadcrumb\"},\"inLanguage\":\"fr-FR\",\"potentialAction\":[{\"@type\":\"ReadAction\",\"target\":[\"https:\\\/\\\/www.sofine.eu\\\/be\\\/fr\\\/lactualite-sofine-et-les-derniers-blogs\\\/\"]}]},{\"@type\":\"BreadcrumbList\",\"@id\":\"https:\\\/\\\/www.sofine.eu\\\/be\\\/fr\\\/lactualite-sofine-et-les-derniers-blogs\\\/#breadcrumb\",\"itemListElement\":[{\"@type\":\"ListItem\",\"position\":1,\"name\":\"Home\",\"item\":\"https:\\\/\\\/www.sofine.eu\\\/be\\\/fr\\\/\"},{\"@type\":\"ListItem\",\"position\":2,\"name\":\"L&rsquo;actualit\u00e9 SoFine et les derniers blogs !\"}]},{\"@type\":\"WebSite\",\"@id\":\"https:\\\/\\\/www.sofine.eu\\\/be\\\/fr\\\/#website\",\"url\":\"https:\\\/\\\/www.sofine.eu\\\/be\\\/fr\\\/\",\"name\":\"Sofine BE\",\"description\":\"The friendly food!\",\"publisher\":{\"@id\":\"https:\\\/\\\/www.sofine.eu\\\/be\\\/fr\\\/#organization\"},\"potentialAction\":[{\"@type\":\"SearchAction\",\"target\":{\"@type\":\"EntryPoint\",\"urlTemplate\":\"https:\\\/\\\/www.sofine.eu\\\/be\\\/fr\\\/?s={search_term_string}\"},\"query-input\":{\"@type\":\"PropertyValueSpecification\",\"valueRequired\":true,\"valueName\":\"search_term_string\"}}],\"inLanguage\":\"fr-FR\"},{\"@type\":\"Organization\",\"@id\":\"https:\\\/\\\/www.sofine.eu\\\/be\\\/fr\\\/#organization\",\"name\":\"Sofine\",\"url\":\"https:\\\/\\\/www.sofine.eu\\\/be\\\/fr\\\/\",\"logo\":{\"@type\":\"ImageObject\",\"inLanguage\":\"fr-FR\",\"@id\":\"https:\\\/\\\/www.sofine.eu\\\/be\\\/fr\\\/#\\\/schema\\\/logo\\\/image\\\/\",\"url\":\"https:\\\/\\\/www.sofine.eu\\\/be\\\/wp-content\\\/uploads\\\/sites\\\/4\\\/2021\\\/07\\\/LOGO_SoFine_baseline_blue_500.png\",\"contentUrl\":\"https:\\\/\\\/www.sofine.eu\\\/be\\\/wp-content\\\/uploads\\\/sites\\\/4\\\/2021\\\/07\\\/LOGO_SoFine_baseline_blue_500.png\",\"width\":500,\"height\":131,\"caption\":\"Sofine\"},\"image\":{\"@id\":\"https:\\\/\\\/www.sofine.eu\\\/be\\\/fr\\\/#\\\/schema\\\/logo\\\/image\\\/\"}}]}<\/script>\n<!-- \/ Yoast SEO Premium plugin. -->","yoast_head_json":{"title":"Toutes les actualit\u00e9s et les blogs de SoFine Foods se trouvent sur la page.","description":"Restez au courant de toutes les actualit\u00e9s de SoFine Foods et d\u00e9couvrez nos blogs int\u00e9ressants sur les aliments \u00e0 base de plantes et un mode de vie \u00e0 base de plantes !","robots":{"index":"index","follow":"follow","max-snippet":"max-snippet:-1","max-image-preview":"max-image-preview:large","max-video-preview":"max-video-preview:-1"},"canonical":"https:\/\/www.sofine.eu\/be\/fr\/lactualite-sofine-et-les-derniers-blogs\/","og_locale":"fr_FR","og_type":"article","og_title":"L'actualit\u00e9 SoFine et les derniers blogs !","og_url":"https:\/\/www.sofine.eu\/be\/fr\/lactualite-sofine-et-les-derniers-blogs\/","og_site_name":"Sofine BE","article_modified_time":"2021-11-02T14:23:52+00:00","twitter_card":"summary_large_image","twitter_misc":{"Dur\u00e9e de lecture estim\u00e9e":"1 minute"},"schema":{"@context":"https:\/\/schema.org","@graph":[{"@type":"WebPage","@id":"https:\/\/www.sofine.eu\/be\/fr\/lactualite-sofine-et-les-derniers-blogs\/","url":"https:\/\/www.sofine.eu\/be\/fr\/lactualite-sofine-et-les-derniers-blogs\/","name":"Toutes les actualit\u00e9s et les blogs de SoFine Foods se trouvent sur la page.","isPartOf":{"@id":"https:\/\/www.sofine.eu\/be\/fr\/#website"},"datePublished":"2017-01-27T14:44:21+00:00","dateModified":"2021-11-02T14:23:52+00:00","description":"Restez au courant de toutes les actualit\u00e9s de SoFine Foods et d\u00e9couvrez nos blogs int\u00e9ressants sur les aliments \u00e0 base de plantes et un mode de vie \u00e0 base de plantes !","breadcrumb":{"@id":"https:\/\/www.sofine.eu\/be\/fr\/lactualite-sofine-et-les-derniers-blogs\/#breadcrumb"},"inLanguage":"fr-FR","potentialAction":[{"@type":"ReadAction","target":["https:\/\/www.sofine.eu\/be\/fr\/lactualite-sofine-et-les-derniers-blogs\/"]}]},{"@type":"BreadcrumbList","@id":"https:\/\/www.sofine.eu\/be\/fr\/lactualite-sofine-et-les-derniers-blogs\/#breadcrumb","itemListElement":[{"@type":"ListItem","position":1,"name":"Home","item":"https:\/\/www.sofine.eu\/be\/fr\/"},{"@type":"ListItem","position":2,"name":"L&rsquo;actualit\u00e9 SoFine et les derniers blogs !"}]},{"@type":"WebSite","@id":"https:\/\/www.sofine.eu\/be\/fr\/#website","url":"https:\/\/www.sofine.eu\/be\/fr\/","name":"Sofine BE","description":"The friendly food!","publisher":{"@id":"https:\/\/www.sofine.eu\/be\/fr\/#organization"},"potentialAction":[{"@type":"SearchAction","target":{"@type":"EntryPoint","urlTemplate":"https:\/\/www.sofine.eu\/be\/fr\/?s={search_term_string}"},"query-input":{"@type":"PropertyValueSpecification","valueRequired":true,"valueName":"search_term_string"}}],"inLanguage":"fr-FR"},{"@type":"Organization","@id":"https:\/\/www.sofine.eu\/be\/fr\/#organization","name":"Sofine","url":"https:\/\/www.sofine.eu\/be\/fr\/","logo":{"@type":"ImageObject","inLanguage":"fr-FR","@id":"https:\/\/www.sofine.eu\/be\/fr\/#\/schema\/logo\/image\/","url":"https:\/\/www.sofine.eu\/be\/wp-content\/uploads\/sites\/4\/2021\/07\/LOGO_SoFine_baseline_blue_500.png","contentUrl":"https:\/\/www.sofine.eu\/be\/wp-content\/uploads\/sites\/4\/2021\/07\/LOGO_SoFine_baseline_blue_500.png","width":500,"height":131,"caption":"Sofine"},"image":{"@id":"https:\/\/www.sofine.eu\/be\/fr\/#\/schema\/logo\/image\/"}}]}},"_links":{"self":[{"href":"https:\/\/www.sofine.eu\/be\/fr\/wp-json\/wp\/v2\/pages\/13765","targetHints":{"allow":["GET"]}}],"collection":[{"href":"https:\/\/www.sofine.eu\/be\/fr\/wp-json\/wp\/v2\/pages"}],"about":[{"href":"https:\/\/www.sofine.eu\/be\/fr\/wp-json\/wp\/v2\/types\/page"}],"author":[{"embeddable":true,"href":"https:\/\/www.sofine.eu\/be\/fr\/wp-json\/wp\/v2\/users\/1"}],"replies":[{"embeddable":true,"href":"https:\/\/www.sofine.eu\/be\/fr\/wp-json\/wp\/v2\/comments?post=13765"}],"version-history":[{"count":1,"href":"https:\/\/www.sofine.eu\/be\/fr\/wp-json\/wp\/v2\/pages\/13765\/revisions"}],"predecessor-version":[{"id":13766,"href":"https:\/\/www.sofine.eu\/be\/fr\/wp-json\/wp\/v2\/pages\/13765\/revisions\/13766"}],"wp:attachment":[{"href":"https:\/\/www.sofine.eu\/be\/fr\/wp-json\/wp\/v2\/media?parent=13765"}],"curies":[{"name":"wp","href":"https:\/\/api.w.org\/{rel}","templated":true}]}}