{"id":12999,"date":"2021-09-07T16:04:08","date_gmt":"2021-09-07T14:04:08","guid":{"rendered":"http:\/\/sofine.haveatry.nl\/de\/?page_id=12999"},"modified":"2021-12-08T16:58:01","modified_gmt":"2021-12-08T15:58:01","slug":"teilnahmebedingungen","status":"publish","type":"page","link":"https:\/\/www.sofine.eu\/de\/teilnahmebedingungen\/","title":{"rendered":"Teilnahmebedingungen"},"content":{"rendered":"<p>Teilnahmebedingungen \u201eOnline cashback\u201c<\/p>\n<p>F\u00fcr die Teilnahme an der Aktion \u201eOnline cashback\u201c gelten die folgenden Bedingungen (\u201eTeilnahmebedingungen\u201c).<\/p>\n<p>Die Teilnahmebedingungen gelten f\u00fcr alle Teilnehmer der Aktion. Durch die Teilnahme erkl\u00e4ren die Teilnehmer ihr Einverst\u00e4ndnis mit den vorliegenden Bedingungen.<\/p>\n<p>Veranstalter dieser Aktion ist SoFine Foods B.V.<\/p>\n<h3>1. Teilnahme<\/h3>\n<p>1.1 Teilnahmeberechtigt sind Personen ab 18 Jahren mit Wohnsitz in Deutschland, die den Kassenbon in Deutschland erworben haben und die \u00fcber eine Bankverbindung in der Europ\u00e4ischen Union verf\u00fcgen, die im SEPA Zahlungsstandard erreichbar ist. Die Teilnahme ist nur im eigenen Namen m\u00f6glich. Mitarbeiter, s\u00e4mtliche an der Entwicklung oder Durchf\u00fchrung der Aktion beteiligten Personen (z. B. Agenturen, Berater, Lieferanten), sowie deren jeweilige Familien- und Haushaltsmitglieder sind von der Teilnahme ausgeschlossen.<\/p>\n<p>1.2 Die Aktion \u201eOnline cashback\u201c findet zwischen dem 13.09.2021 und dem 31.12.2021, 23.59 Uhr statt (\u201eAktionszeitraum\u201c). Teilnahmeberechtigt sind alle in diesem Aktionszeitraum hochgeladenen Kassenbons (siehe 2.1) \u00fcber den Kauf von SoFine Aktionsprodukten. Teilnehmende Superm\u00e4rkte sind REWE, TEGUT, TIHO, NETTO.<\/p>\n<p>1.3 SoFine Foods B.V. ist berechtigt, Teilnehmer von der Aktion auszuschlie\u00dfen, die den Teilnahmevorgang oder die Website manipulieren bzw. dieses versuchen, gegen die Teilnahmebedingungen versto\u00dfen oder sonst in unfairer bzw. unlauterer Weise versuchen, die Aktion zu beeinflussen. In diesen F\u00e4llen kommt der Ausschluss von der Aktion, die Verweigerung der Gelderstattung bzw. die R\u00fcckforderung des erstatteten Geldbetrages in Betracht.<\/p>\n<p>1.4 Ausgeschlossen wird auch, wer unwahre Personenangaben macht.<\/p>\n<h3>2. Durchf\u00fchrung der Aktion<\/h3>\n<p>2.1 Auf der Webseite kann ein Teilnehmer durch wahrheitsgem\u00e4\u00dfes Ausf\u00fcllen des Teilnahmeformulars (Kontakt- und Bankdaten, sowie Angabe des H\u00e4ndlers), Hochladen des Kassenbons an der Aktion \u201eOnline cashback\u201c teilnehmen.<\/p>\n<p>Erstattet wird pro Person (Name, Adresse, E-Mail, IBAN-Kontoverbindung) maximal der Kaufpreis von 1 Aktionspackung. Der maximale Kaufpreis betr\u00e4gt \u20ac2,99. (nur bei Auszahlungen)<\/p>\n<p>Der Kassenbon muss auf einem Foto vollst\u00e4ndig abgebildet sein. Besonders lange Bons k\u00f6nnen Sie falten\/knicken, solange noch die relevanten Elemente <strong>(Anzahl Artikel, H\u00e4ndler, Bonsumme, gew\u00e4hrte Rabatte und Kaufdatum)<\/strong> sichtbar bleiben. Jeder Hochladevorgang steht f\u00fcr eine Teilnahme. Das mehrmalige Verwenden von Kaufbelegen f\u00fchrt ebenfalls zum Ausschluss von der Aktion. Es werden folgende Formate akzeptiert: jpg, .png, .pdf mit maximal 10 MB Dateigr\u00f6\u00dfe in Summe. Sollte der Kassenbon unvollst\u00e4ndig oder nicht lesbar sein, ist die gesamte Teilnahme ung\u00fcltig. SoFine Foods B.V. beh\u00e4lt sich vor, den originalen Kassenbon bis zum Ablauf der Aktion f\u00fcr etwaige Nachpr\u00fcfungen einzufordern. Zu diesem Zweck muss der Teilnehmer den Original-Kassenbon auf eigene Kosten an SoFine Foods B.V. senden.\u00a0 Ein Haushalt definiert sich unter anderem \u00fcber gleichlautende Nachnamen, Adressen, Bankverbindungen sowie E-Mail-Adressen. Erfolgt eine weitere Teilnahme mit Angabe einer oder mehreren o. g. Kriterien, wird diese und jede weitere Teilnahme als ung\u00fcltig bewertet.<\/p>\n<p>2.2 Jeder Person mit g\u00fcltiger Teilnahme wird innerhalb eines Zeitraums von 4 Wochen nach Pr\u00fcfung der Teilnahme der Kaufpreis der Aktionsprodukte auf das angegebene Konto \u00fcberwiesen. Es erfolgt keine Mitteilung \u00fcber den Auszahlungsvorgang.<\/p>\n<p>SoFine Foods B.V. beh\u00e4lt sich vor, die Teilnahmebedingungen jederzeit zu \u00e4ndern.<\/p>\n<p>&nbsp;<\/p>\n<ol start=\"3\">\n<li>Haftung<\/li>\n<\/ol>\n<p>Eine Haftung in Bezug auf Sch\u00e4den, die im Rahmen der Teilnahme an der Aktion entstehen, ist ausgeschlossen. Insbesondere ist eine Haftung f\u00fcr entgangene Erstattungen ausgeschlossen, die auf einer technischen St\u00f6rung beruhen. Die SoFine Foods und acardo group AG \u00fcbernehmen keine Gew\u00e4hr daf\u00fcr, dass die Aktions-Website jederzeit verf\u00fcgbar und durch die Teilnehmer abrufbar bzw. inhaltlich oder technisch fehlerfrei ist. Mit Auszahlung der Erstattung an die Teilnehmer ist der Veranstalter von jeglicher Verpflichtung befreit. Alle Angaben seitens des Veranstalters erfolgen ohne Gewa\u0308hr. Vorstehende Haftungsbeschra\u0308nkungen oder -ausschlu\u0308sse gelten insbesondere fu\u0308r Sch\u00e4den durch technische Ausfa\u0308lle, Verzo\u0308gerungen oder Unterbrechungen im Zusammenhang mit der U\u0308bermittlung der Teilnehmerdaten sowie des Verlusts oder Lo\u0308schung von Daten. F\u00fcr Datenverluste, insbesondere im Wege der Daten\u00fcbertragung, und andere technische Defekte, insbesondere bei Nutzung von mobilen Endger\u00e4ten, \u00fcbernehmen SoFine Foods B.V. und acardo group AG keine Haftung. Die vorstehenden Haftungsbeschra\u0308nkungen oder -ausschlu\u0308sse gelten nicht fu\u0308r Sch\u00e4den aus der schuldhaften Verletzung des Lebens, des Ko\u0308rpers oder der Gesundheit.<\/p>\n<p>&nbsp;<\/p>\n<p><u>Hinweise zum Datenschutz<\/u><\/p>\n<p>Der Schutz ihrer Daten ist uns wichtig. SoFine Foods B.V. respektiert die Privatsph\u00e4re aller Personen, die an der Aktion teilnehmen. SoFine Foods B.V. wird, im Rahmen der Aktion gewonnene, personenbezogene Daten ausschlie\u00dflich und nur solange speichern und verarbeiten, soweit dies im Rahmen der Abwicklung der Aktion notwendig ist. Beg\u00fcnstigte k\u00f6nnen auf Webseiten von SoFine Foods B.V. und\/oder der jeweiligen Kooperationspartner namentlich ver\u00f6ffentlicht werden. Mit dieser Form der Ver\u00f6ffentlichung erkl\u00e4rt sich der Beg\u00fcnstigte ausdr\u00fccklich einverstanden.\u00a0 S\u00e4mtliche personenbezogenen Daten werden grunds\u00e4tzlich vertraulich und entsprechend der gesetzlichen Bestimmungen behandelt. Diese Daten werden insbesondere nicht zu Werbezwecken genutzt und nur zur optimalen Auftragsabwicklung ggf. an Dritte. Selbstverst\u00e4ndlich k\u00f6nnen Sie \u00fcber die bei SoFine Foods B.V. gespeicherten Daten jederzeit Auskunft verlangen und \/ oder der Verwendung Ihrer Daten jederzeit ganz oder teilweise mit Wirkung f\u00fcr die Zukunft gegen\u00fcber SoFine Foods B.V. widersprechen, indem Sie einfach eine E-Mail an (info@sofine.eu) schicken. SoFine Foods B.V. wird dann Ihre betreffenden Daten umgehend l\u00f6schen. Unsere aktuelle Datenschutzerkl\u00e4rung finden Sie hier https:\/\/www.sofine.eu\/de\/?de-de<\/p>\n<p>&nbsp;<\/p>\n","protected":false},"excerpt":{"rendered":"<p>Teilnahmebedingungen \u201eOnline cashback\u201c F\u00fcr die Teilnahme an der Aktion \u201eOnline cashback\u201c gelten die folgenden Bedingungen (\u201eTeilnahmebedingungen\u201c). Die Teilnahmebedingungen gelten f\u00fcr alle Teilnehmer der Aktion. Durch die Teilnahme erkl\u00e4ren die Teilnehmer ihr Einverst\u00e4ndnis mit den vorliegenden Bedingungen. Veranstalter dieser Aktion ist SoFine Foods B.V. 1. Teilnahme 1.1 Teilnahmeberechtigt sind Personen ab 18 Jahren mit Wohnsitz in&hellip;<\/p>\n","protected":false},"author":1,"featured_media":0,"parent":0,"menu_order":0,"comment_status":"closed","ping_status":"closed","template":"","meta":{"footnotes":""},"class_list":["post-12999","page","type-page","status-publish","hentry","description-off"],"yoast_head":"<!-- This site is optimized with the Yoast SEO Premium plugin v25.1 (Yoast SEO v27.5) - https:\/\/yoast.com\/product\/yoast-seo-premium-wordpress\/ -->\n<title>Teilnahmebedingungen - Sofine DE<\/title>\n<meta name=\"robots\" content=\"index, follow, max-snippet:-1, max-image-preview:large, max-video-preview:-1\" \/>\n<link rel=\"canonical\" href=\"https:\/\/www.sofine.eu\/de\/teilnahmebedingungen\/\" \/>\n<meta property=\"og:locale\" content=\"de_DE\" \/>\n<meta property=\"og:type\" content=\"article\" \/>\n<meta property=\"og:title\" content=\"Teilnahmebedingungen\" \/>\n<meta property=\"og:description\" content=\"Teilnahmebedingungen \u201eOnline cashback\u201c F\u00fcr die Teilnahme an der Aktion \u201eOnline cashback\u201c gelten die folgenden Bedingungen (\u201eTeilnahmebedingungen\u201c). Die\" \/>\n<meta property=\"og:url\" content=\"https:\/\/www.sofine.eu\/de\/teilnahmebedingungen\/\" \/>\n<meta property=\"og:site_name\" content=\"Sofine DE\" \/>\n<meta property=\"article:publisher\" content=\"https:\/\/www.facebook.com\/SoFineDeutschland\" \/>\n<meta property=\"article:modified_time\" content=\"2021-12-08T15:58:01+00:00\" \/>\n<meta property=\"og:image\" content=\"https:\/\/www.sofine.eu\/de\/wp-content\/uploads\/sites\/3\/2022\/01\/LOGO_SoFine_leaf.png\" \/>\n\t<meta property=\"og:image:width\" content=\"250\" \/>\n\t<meta property=\"og:image:height\" content=\"224\" \/>\n\t<meta property=\"og:image:type\" content=\"image\/png\" \/>\n<meta name=\"twitter:card\" content=\"summary_large_image\" \/>\n<meta name=\"twitter:label1\" content=\"Gesch\u00e4tzte Lesezeit\" \/>\n\t<meta name=\"twitter:data1\" content=\"4\u00a0Minuten\" \/>\n<script type=\"application\/ld+json\" class=\"yoast-schema-graph\">{\"@context\":\"https:\\\/\\\/schema.org\",\"@graph\":[{\"@type\":\"WebPage\",\"@id\":\"https:\\\/\\\/www.sofine.eu\\\/de\\\/teilnahmebedingungen\\\/\",\"url\":\"https:\\\/\\\/www.sofine.eu\\\/de\\\/teilnahmebedingungen\\\/\",\"name\":\"Teilnahmebedingungen - Sofine DE\",\"isPartOf\":{\"@id\":\"https:\\\/\\\/www.sofine.eu\\\/de\\\/#website\"},\"datePublished\":\"2021-09-07T14:04:08+00:00\",\"dateModified\":\"2021-12-08T15:58:01+00:00\",\"breadcrumb\":{\"@id\":\"https:\\\/\\\/www.sofine.eu\\\/de\\\/teilnahmebedingungen\\\/#breadcrumb\"},\"inLanguage\":\"de\",\"potentialAction\":[{\"@type\":\"ReadAction\",\"target\":[\"https:\\\/\\\/www.sofine.eu\\\/de\\\/teilnahmebedingungen\\\/\"]}]},{\"@type\":\"BreadcrumbList\",\"@id\":\"https:\\\/\\\/www.sofine.eu\\\/de\\\/teilnahmebedingungen\\\/#breadcrumb\",\"itemListElement\":[{\"@type\":\"ListItem\",\"position\":1,\"name\":\"Home\",\"item\":\"https:\\\/\\\/www.sofine.eu\\\/de\\\/\"},{\"@type\":\"ListItem\",\"position\":2,\"name\":\"Teilnahmebedingungen\"}]},{\"@type\":\"WebSite\",\"@id\":\"https:\\\/\\\/www.sofine.eu\\\/de\\\/#website\",\"url\":\"https:\\\/\\\/www.sofine.eu\\\/de\\\/\",\"name\":\"Sofine DE\",\"description\":\"The friendly food!\",\"publisher\":{\"@id\":\"https:\\\/\\\/www.sofine.eu\\\/de\\\/#organization\"},\"potentialAction\":[{\"@type\":\"SearchAction\",\"target\":{\"@type\":\"EntryPoint\",\"urlTemplate\":\"https:\\\/\\\/www.sofine.eu\\\/de\\\/?s={search_term_string}\"},\"query-input\":{\"@type\":\"PropertyValueSpecification\",\"valueRequired\":true,\"valueName\":\"search_term_string\"}}],\"inLanguage\":\"de\"},{\"@type\":\"Organization\",\"@id\":\"https:\\\/\\\/www.sofine.eu\\\/de\\\/#organization\",\"name\":\"Sofine\",\"url\":\"https:\\\/\\\/www.sofine.eu\\\/de\\\/\",\"logo\":{\"@type\":\"ImageObject\",\"inLanguage\":\"de\",\"@id\":\"https:\\\/\\\/www.sofine.eu\\\/de\\\/#\\\/schema\\\/logo\\\/image\\\/\",\"url\":\"https:\\\/\\\/www.sofine.eu\\\/de\\\/wp-content\\\/uploads\\\/sites\\\/3\\\/2021\\\/06\\\/logo-sofine-baseline-150.png\",\"contentUrl\":\"https:\\\/\\\/www.sofine.eu\\\/de\\\/wp-content\\\/uploads\\\/sites\\\/3\\\/2021\\\/06\\\/logo-sofine-baseline-150.png\",\"width\":689,\"height\":150,\"caption\":\"Sofine\"},\"image\":{\"@id\":\"https:\\\/\\\/www.sofine.eu\\\/de\\\/#\\\/schema\\\/logo\\\/image\\\/\"},\"sameAs\":[\"https:\\\/\\\/www.facebook.com\\\/SoFineDeutschland\",\"https:\\\/\\\/www.instagram.com\\\/SoFine.Deutschland\\\/\"]}]}<\/script>\n<!-- \/ Yoast SEO Premium plugin. -->","yoast_head_json":{"title":"Teilnahmebedingungen - Sofine DE","robots":{"index":"index","follow":"follow","max-snippet":"max-snippet:-1","max-image-preview":"max-image-preview:large","max-video-preview":"max-video-preview:-1"},"canonical":"https:\/\/www.sofine.eu\/de\/teilnahmebedingungen\/","og_locale":"de_DE","og_type":"article","og_title":"Teilnahmebedingungen","og_description":"Teilnahmebedingungen \u201eOnline cashback\u201c F\u00fcr die Teilnahme an der Aktion \u201eOnline cashback\u201c gelten die folgenden Bedingungen (\u201eTeilnahmebedingungen\u201c). Die","og_url":"https:\/\/www.sofine.eu\/de\/teilnahmebedingungen\/","og_site_name":"Sofine DE","article_publisher":"https:\/\/www.facebook.com\/SoFineDeutschland","article_modified_time":"2021-12-08T15:58:01+00:00","og_image":[{"width":250,"height":224,"url":"https:\/\/www.sofine.eu\/de\/wp-content\/uploads\/sites\/3\/2022\/01\/LOGO_SoFine_leaf.png","type":"image\/png"}],"twitter_card":"summary_large_image","twitter_misc":{"Gesch\u00e4tzte Lesezeit":"4\u00a0Minuten"},"schema":{"@context":"https:\/\/schema.org","@graph":[{"@type":"WebPage","@id":"https:\/\/www.sofine.eu\/de\/teilnahmebedingungen\/","url":"https:\/\/www.sofine.eu\/de\/teilnahmebedingungen\/","name":"Teilnahmebedingungen - Sofine DE","isPartOf":{"@id":"https:\/\/www.sofine.eu\/de\/#website"},"datePublished":"2021-09-07T14:04:08+00:00","dateModified":"2021-12-08T15:58:01+00:00","breadcrumb":{"@id":"https:\/\/www.sofine.eu\/de\/teilnahmebedingungen\/#breadcrumb"},"inLanguage":"de","potentialAction":[{"@type":"ReadAction","target":["https:\/\/www.sofine.eu\/de\/teilnahmebedingungen\/"]}]},{"@type":"BreadcrumbList","@id":"https:\/\/www.sofine.eu\/de\/teilnahmebedingungen\/#breadcrumb","itemListElement":[{"@type":"ListItem","position":1,"name":"Home","item":"https:\/\/www.sofine.eu\/de\/"},{"@type":"ListItem","position":2,"name":"Teilnahmebedingungen"}]},{"@type":"WebSite","@id":"https:\/\/www.sofine.eu\/de\/#website","url":"https:\/\/www.sofine.eu\/de\/","name":"Sofine DE","description":"The friendly food!","publisher":{"@id":"https:\/\/www.sofine.eu\/de\/#organization"},"potentialAction":[{"@type":"SearchAction","target":{"@type":"EntryPoint","urlTemplate":"https:\/\/www.sofine.eu\/de\/?s={search_term_string}"},"query-input":{"@type":"PropertyValueSpecification","valueRequired":true,"valueName":"search_term_string"}}],"inLanguage":"de"},{"@type":"Organization","@id":"https:\/\/www.sofine.eu\/de\/#organization","name":"Sofine","url":"https:\/\/www.sofine.eu\/de\/","logo":{"@type":"ImageObject","inLanguage":"de","@id":"https:\/\/www.sofine.eu\/de\/#\/schema\/logo\/image\/","url":"https:\/\/www.sofine.eu\/de\/wp-content\/uploads\/sites\/3\/2021\/06\/logo-sofine-baseline-150.png","contentUrl":"https:\/\/www.sofine.eu\/de\/wp-content\/uploads\/sites\/3\/2021\/06\/logo-sofine-baseline-150.png","width":689,"height":150,"caption":"Sofine"},"image":{"@id":"https:\/\/www.sofine.eu\/de\/#\/schema\/logo\/image\/"},"sameAs":["https:\/\/www.facebook.com\/SoFineDeutschland","https:\/\/www.instagram.com\/SoFine.Deutschland\/"]}]}},"_links":{"self":[{"href":"https:\/\/www.sofine.eu\/de\/wp-json\/wp\/v2\/pages\/12999","targetHints":{"allow":["GET"]}}],"collection":[{"href":"https:\/\/www.sofine.eu\/de\/wp-json\/wp\/v2\/pages"}],"about":[{"href":"https:\/\/www.sofine.eu\/de\/wp-json\/wp\/v2\/types\/page"}],"author":[{"embeddable":true,"href":"https:\/\/www.sofine.eu\/de\/wp-json\/wp\/v2\/users\/1"}],"replies":[{"embeddable":true,"href":"https:\/\/www.sofine.eu\/de\/wp-json\/wp\/v2\/comments?post=12999"}],"version-history":[{"count":2,"href":"https:\/\/www.sofine.eu\/de\/wp-json\/wp\/v2\/pages\/12999\/revisions"}],"predecessor-version":[{"id":13318,"href":"https:\/\/www.sofine.eu\/de\/wp-json\/wp\/v2\/pages\/12999\/revisions\/13318"}],"wp:attachment":[{"href":"https:\/\/www.sofine.eu\/de\/wp-json\/wp\/v2\/media?parent=12999"}],"curies":[{"name":"wp","href":"https:\/\/api.w.org\/{rel}","templated":true}]}}