{"id":13350,"date":"2021-09-08T09:32:05","date_gmt":"2021-09-08T08:32:05","guid":{"rendered":"https:\/\/www.sofine.eu\/de\/sofish-alles-over-vegetarische-vis\/"},"modified":"2021-12-22T09:36:31","modified_gmt":"2021-12-22T08:36:31","slug":"sofish","status":"publish","type":"page","link":"https:\/\/www.sofine.eu\/de\/ueber-sofine\/sofish\/","title":{"rendered":"Vegetarischer Fisch"},"content":{"rendered":"<div class=\"wpb-content-wrapper\"><p>[vc_row][vc_column][vc_column_text]Vegetarischer Fisch: gut f\u00fcr Sie, die Fische und den Planeten<\/p>\n<p><strong>Immer mehr Menschen angeln sich lieber einen vegetarischen Fisch als einen normalen Fisch. Vor allem nachdem sie Seaspiracy gesehen haben, ist vielen Menschen deutlich geworden, dass der Verzehr von Fisch zu verschiedenen Umweltproblemen beitr\u00e4gt. Es ist also eine gute Nachricht, dass die Nachfrage nach vegetarischem oder veganem Fisch steigt. Aber was genau ist vegetarischer Fisch? Ist ein veganes Lachssteak auch ges\u00fcnder als ein Wild- oder Zuchtlachs? Und warum ist der Verzehr von vegetarischem Fisch besser f\u00fcr den Planeten? In diesem Artikel erfahren Sie alles, was Sie \u00fcber vegetarischen Fisch wissen m\u00fcssen.<\/strong><\/p>\n<p><strong>6 Gr\u00fcnde, sich f\u00fcr vegetarischen oder veganen Fisch zu entscheiden<br \/>\n<\/strong>Es sprechen mehrere Gr\u00fcnde daf\u00fcr, sich hin und wieder einen vegetarischen Fisch zu angeln. Das ist nicht nur gut f\u00fcr die Fische selbst, sondern auch f\u00fcr unseren Planeten. Und f\u00fcr Sie selbst! Wir haben 6 wichtige Gr\u00fcnde daf\u00fcr aufgelistet:<\/p>\n<ol>\n<li><strong>\u00dcberfischung f\u00fchrt zu leeren Meeren<\/strong><\/li>\n<\/ol>\n<p>Fr\u00fcher a\u00df man nur Fisch, wenn man in der Umgebung des Meeres lebte. Ein einheimischer Fischer holte den Fisch eigenh\u00e4ndig mit einer Angel aus dem Meer. Wenn die Fischerei so klein geblieben w\u00e4re, g\u00e4be keine Probleme. Heutzutage ist die gesamte Lebensmittelindustrie jedoch auf unglaubliche Massen ausgelegt. Auch die Fischerei. Riesige Boote stechen in See und fangen mit riesigen Netzen Fische. Es gibt eine massive \u00dcberfischung; die Meere werden in Rekordtempo leer gemacht.<\/p>\n<ol start=\"2\">\n<li><strong>Massenfischerei st\u00f6rt das gesamte \u00d6kosystem<\/strong><\/li>\n<\/ol>\n<p>Die derzeitige Fischereimethode ist nicht nur so gro\u00df angelegt, dass die Meere leer gefischt werden, sie hat auch noch weitere katastrophalere Folgen. Die gro\u00dfen (Schlepp)netze schleifen \u00fcber den Meeresboden und ziehen alle Meeresbewohner mit. Die Fischerei wirkt sich nicht nur auf die Fischpopulation selbst aus, sondern &#8211; aufgrund der Fangmethode und der Nahrungsentnahme &#8211; auch auf Tierarten wie Delphine, Wale, Meeresschildkr\u00f6ten und V\u00f6gel. Der Verzehr von Fisch hat negative Auswirkungen auf das gesamte \u00d6kosystem der Ozeane.<\/p>\n<ol start=\"3\">\n<li><strong>In Zuchtfischen sind Antibiotika enthalten<\/strong><\/li>\n<\/ol>\n<p>Denken Sie sich nach der Lekt\u00fcre des Obenstehenden: OK, ich esse keinen Fisch aus dem Meer mehr, aber Zuchtfisch ist doch noch in Ordnung, oder? Dem ist leider nicht so. Auch Fisch, der in sogenannten Aquakulturen gez\u00fcchtet wird, hat viele Nachteile. Die Fische haben wenig Platz und schwimmen dicht beieinander. Das macht sie anf\u00e4lliger f\u00fcr Krankheiten. Um diesen Krankheiten vorzubeugen, werden den Fischen Antibiotika verabreicht. Deren R\u00fcckst\u00e4nde k\u00f6nnen im Fisch verbleiben, den Sie essen. Nicht empfehlenswert f\u00fcr Ihre Gesundheit!<\/p>\n<ol start=\"4\">\n<li><strong>Verschmutztes Meerwasser schadet Ihrer Gesundheit<\/strong><\/li>\n<\/ol>\n<p>Das Meerwasser hat auch Auswirkungen auf Ihre Gesundheit. Wenn Sie jemals Bilder von der Plastiksuppe gesehen haben, wissen Sie, dass unser Meerwasser enorm verschmutzt ist. Diese Plastiksuppe entsteht durch all den M\u00fcll, der im Meer landet. Wenn Sie Seaspiracy gesehen haben, dann wissen Sie, dass die Netze, die f\u00fcr die Fischerei verwendet werden, die gr\u00f6\u00dften \u00dcbelt\u00e4ter sind.<\/p>\n<p>Neben der Plastiksuppe ist unser Meerwasser auch stark mit Mikroplastik verschmutzt: winzige Plastikpartikel, die unter anderem in Zahnpasta, Duschgel, Handseife, Shampoo, Waschmittel und Make-up enthalten sind. Sie werden auch Mikrokugeln genannt. Jeden Tag sp\u00fclen wir auf diese Weise kiloweise Plastik ins Meer! Wenn Sie kein Plastik zu sich nehmen wollen, w\u00e4hlen Sie stattdessen vegetarischen Fisch. Und sind Sie neugierig, wie viele Mikrokugeln in Ihrem Make-up oder Ihrer Zahnpasta enthalten sind? Sie k\u00f6nnen sich auf der Website <a href=\"https:\/\/www.beatthemicrobead.org\/product-lists\/\">Beat the microbead<\/a> informieren.<\/p>\n<ol start=\"5\">\n<li><strong>Unn\u00f6tiges Tierleid aufgrund schlecht durchdachter Schlachtmethoden<\/strong><\/li>\n<\/ol>\n<p>Vegetarischer Fisch ist nicht nur ges\u00fcnder f\u00fcr unseren Planeten und unsere Gesundheit, er verhindert auch viel Tierleid. Es gibt noch keine gut durchdachten \u201eSchlachtmethoden\u201c f\u00fcr Fische. Sie werden oft lebend verarbeitet, sie ersticken oder erfrieren in Gefriertruhen. Wenn Sie damit nichts zu tun haben wollen, w\u00e4hlen Sie vegetarisches Fischfilet oder ein veganes Lachssteak.<\/p>\n<ol start=\"6\">\n<li><strong>Es gibt sehr leckere Fischalternativen<\/strong><\/li>\n<\/ol>\n<p>Nach all den oben genannten Geschichten \u00fcber \u00dcberfischung, verschmutztes Meerwasser und Tierleid gibt es noch einen weiteren positiven Grund, sich f\u00fcr vegetarischen Fisch zu entscheiden. Es gibt immer mehr nachhaltige, tierfreundliche und sehr schmackhafte Alternativen zu Fisch. Mit ihrer herrlich saftigen Struktur und ihrem cremigen Geschmack sind die 100\u00a0% pflanzlichen SoFish-Produkte eine superleckere Alternative zu Fisch.\u00a0Von vegetarischen und veganen Fischburgern \u00fcber Lachssteaks bis hin zu knusprigen Fischnuggets finden Sie alles im SoFish-Sortiment.<\/p>\n<p><strong>SoFish: veganer Fisch aus Sojabohnen<\/strong><\/p>\n<p>Die gute Nachricht: SoFish-Produkte sind garantiert gr\u00e4tenfrei. Alle Fischersatzprodukte im SoFish-Sortiment wurden aus Bio-Sojabohnen hergestellt. Keine Schleppnetze, keine Antibiotika und kein Tierleid, sondern vielf\u00e4ltige, \u00fcberraschende, nachhaltige und gesunde Produkte. Soja ist reich an Eiwei\u00df und hat weitere positive Auswirkungen auf die Gesundheit. Sie k\u00f6nnen sich die SoFish-Produkte selbst im Regal mit vegetarischen Produkten im Supermarkt angeln.<\/p>\n<p><strong>Leckere Rezepte mit veganem Fisch<\/strong><\/p>\n<p>W\u00fcrden Sie nach der Lekt\u00fcre dieses Artikels gerne \u00f6fter einen vegetarischen Fisch fangen? Dann m\u00f6chten wir Sie gerne mit den leckersten Rezepten mit veganem Fisch inspirieren. Alle unsere Rezepte sind einfach zuzubereiten und k\u00f6nnen im Handumdrehen auf den Tisch gezaubert werden. Die Fische, unser Planet und Ihr eigener K\u00f6rper werden Ihnen sehr dankbar sein![\/vc_column_text][\/vc_column][\/vc_row]<\/p>\n<\/div>","protected":false},"excerpt":{"rendered":"<p>[vc_row][vc_column][vc_column_text]Vegetarischer Fisch: gut f\u00fcr Sie, die Fische und den Planeten Immer mehr Menschen angeln sich lieber einen vegetarischen Fisch als einen normalen Fisch. Vor allem nachdem sie Seaspiracy gesehen haben, ist vielen Menschen deutlich geworden, dass der Verzehr von Fisch zu verschiedenen Umweltproblemen beitr\u00e4gt. Es ist also eine gute Nachricht, dass die Nachfrage nach vegetarischem&hellip;<\/p>\n","protected":false},"author":1,"featured_media":0,"parent":323,"menu_order":0,"comment_status":"closed","ping_status":"closed","template":"","meta":{"footnotes":""},"class_list":["post-13350","page","type-page","status-publish","hentry","description-off"],"yoast_head":"<!-- This site is optimized with the Yoast SEO Premium plugin v25.1 (Yoast SEO v27.5) - https:\/\/yoast.com\/product\/yoast-seo-premium-wordpress\/ -->\n<title>Vegetarischer Fisch - Sofine DE<\/title>\n<meta name=\"robots\" content=\"index, follow, max-snippet:-1, max-image-preview:large, max-video-preview:-1\" \/>\n<link rel=\"canonical\" href=\"https:\/\/www.sofine.eu\/de\/ueber-sofine\/sofish\/\" \/>\n<meta property=\"og:locale\" content=\"de_DE\" \/>\n<meta property=\"og:type\" content=\"article\" \/>\n<meta property=\"og:title\" content=\"Vegetarischer Fisch\" \/>\n<meta property=\"og:description\" content=\"Vegetarischer Fisch: gut f\u00fcr Sie, die Fische und den Planeten Immer mehr Menschen angeln sich lieber einen vegetarischen Fisch als einen normalen Fisch.\" \/>\n<meta property=\"og:url\" content=\"https:\/\/www.sofine.eu\/de\/ueber-sofine\/sofish\/\" \/>\n<meta property=\"og:site_name\" content=\"Sofine DE\" \/>\n<meta property=\"article:publisher\" content=\"https:\/\/www.facebook.com\/SoFineDeutschland\" \/>\n<meta property=\"article:modified_time\" content=\"2021-12-22T08:36:31+00:00\" \/>\n<meta property=\"og:image\" content=\"https:\/\/www.sofine.eu\/de\/wp-content\/uploads\/sites\/3\/2022\/01\/LOGO_SoFine_leaf.png\" \/>\n\t<meta property=\"og:image:width\" content=\"250\" \/>\n\t<meta property=\"og:image:height\" content=\"224\" \/>\n\t<meta property=\"og:image:type\" content=\"image\/png\" \/>\n<meta name=\"twitter:card\" content=\"summary_large_image\" \/>\n<meta name=\"twitter:label1\" content=\"Gesch\u00e4tzte Lesezeit\" \/>\n\t<meta name=\"twitter:data1\" content=\"5\u00a0Minuten\" \/>\n<script type=\"application\/ld+json\" class=\"yoast-schema-graph\">{\"@context\":\"https:\\\/\\\/schema.org\",\"@graph\":[{\"@type\":\"WebPage\",\"@id\":\"https:\\\/\\\/www.sofine.eu\\\/de\\\/ueber-sofine\\\/sofish\\\/\",\"url\":\"https:\\\/\\\/www.sofine.eu\\\/de\\\/ueber-sofine\\\/sofish\\\/\",\"name\":\"Vegetarischer Fisch - Sofine DE\",\"isPartOf\":{\"@id\":\"https:\\\/\\\/www.sofine.eu\\\/de\\\/#website\"},\"datePublished\":\"2021-09-08T08:32:05+00:00\",\"dateModified\":\"2021-12-22T08:36:31+00:00\",\"breadcrumb\":{\"@id\":\"https:\\\/\\\/www.sofine.eu\\\/de\\\/ueber-sofine\\\/sofish\\\/#breadcrumb\"},\"inLanguage\":\"de\",\"potentialAction\":[{\"@type\":\"ReadAction\",\"target\":[\"https:\\\/\\\/www.sofine.eu\\\/de\\\/ueber-sofine\\\/sofish\\\/\"]}]},{\"@type\":\"BreadcrumbList\",\"@id\":\"https:\\\/\\\/www.sofine.eu\\\/de\\\/ueber-sofine\\\/sofish\\\/#breadcrumb\",\"itemListElement\":[{\"@type\":\"ListItem\",\"position\":1,\"name\":\"Home\",\"item\":\"https:\\\/\\\/www.sofine.eu\\\/de\\\/\"},{\"@type\":\"ListItem\",\"position\":2,\"name\":\"\u00dcber SoFine\",\"item\":\"https:\\\/\\\/www.sofine.eu\\\/de\\\/ueber-sofine\\\/\"},{\"@type\":\"ListItem\",\"position\":3,\"name\":\"Vegetarischer Fisch\"}]},{\"@type\":\"WebSite\",\"@id\":\"https:\\\/\\\/www.sofine.eu\\\/de\\\/#website\",\"url\":\"https:\\\/\\\/www.sofine.eu\\\/de\\\/\",\"name\":\"Sofine DE\",\"description\":\"The friendly food!\",\"publisher\":{\"@id\":\"https:\\\/\\\/www.sofine.eu\\\/de\\\/#organization\"},\"potentialAction\":[{\"@type\":\"SearchAction\",\"target\":{\"@type\":\"EntryPoint\",\"urlTemplate\":\"https:\\\/\\\/www.sofine.eu\\\/de\\\/?s={search_term_string}\"},\"query-input\":{\"@type\":\"PropertyValueSpecification\",\"valueRequired\":true,\"valueName\":\"search_term_string\"}}],\"inLanguage\":\"de\"},{\"@type\":\"Organization\",\"@id\":\"https:\\\/\\\/www.sofine.eu\\\/de\\\/#organization\",\"name\":\"Sofine\",\"url\":\"https:\\\/\\\/www.sofine.eu\\\/de\\\/\",\"logo\":{\"@type\":\"ImageObject\",\"inLanguage\":\"de\",\"@id\":\"https:\\\/\\\/www.sofine.eu\\\/de\\\/#\\\/schema\\\/logo\\\/image\\\/\",\"url\":\"https:\\\/\\\/www.sofine.eu\\\/de\\\/wp-content\\\/uploads\\\/sites\\\/3\\\/2021\\\/06\\\/logo-sofine-baseline-150.png\",\"contentUrl\":\"https:\\\/\\\/www.sofine.eu\\\/de\\\/wp-content\\\/uploads\\\/sites\\\/3\\\/2021\\\/06\\\/logo-sofine-baseline-150.png\",\"width\":689,\"height\":150,\"caption\":\"Sofine\"},\"image\":{\"@id\":\"https:\\\/\\\/www.sofine.eu\\\/de\\\/#\\\/schema\\\/logo\\\/image\\\/\"},\"sameAs\":[\"https:\\\/\\\/www.facebook.com\\\/SoFineDeutschland\",\"https:\\\/\\\/www.instagram.com\\\/SoFine.Deutschland\\\/\"]}]}<\/script>\n<!-- \/ Yoast SEO Premium plugin. -->","yoast_head_json":{"title":"Vegetarischer Fisch - Sofine DE","robots":{"index":"index","follow":"follow","max-snippet":"max-snippet:-1","max-image-preview":"max-image-preview:large","max-video-preview":"max-video-preview:-1"},"canonical":"https:\/\/www.sofine.eu\/de\/ueber-sofine\/sofish\/","og_locale":"de_DE","og_type":"article","og_title":"Vegetarischer Fisch","og_description":"Vegetarischer Fisch: gut f\u00fcr Sie, die Fische und den Planeten Immer mehr Menschen angeln sich lieber einen vegetarischen Fisch als einen normalen Fisch.","og_url":"https:\/\/www.sofine.eu\/de\/ueber-sofine\/sofish\/","og_site_name":"Sofine DE","article_publisher":"https:\/\/www.facebook.com\/SoFineDeutschland","article_modified_time":"2021-12-22T08:36:31+00:00","og_image":[{"width":250,"height":224,"url":"https:\/\/www.sofine.eu\/de\/wp-content\/uploads\/sites\/3\/2022\/01\/LOGO_SoFine_leaf.png","type":"image\/png"}],"twitter_card":"summary_large_image","twitter_misc":{"Gesch\u00e4tzte Lesezeit":"5\u00a0Minuten"},"schema":{"@context":"https:\/\/schema.org","@graph":[{"@type":"WebPage","@id":"https:\/\/www.sofine.eu\/de\/ueber-sofine\/sofish\/","url":"https:\/\/www.sofine.eu\/de\/ueber-sofine\/sofish\/","name":"Vegetarischer Fisch - Sofine DE","isPartOf":{"@id":"https:\/\/www.sofine.eu\/de\/#website"},"datePublished":"2021-09-08T08:32:05+00:00","dateModified":"2021-12-22T08:36:31+00:00","breadcrumb":{"@id":"https:\/\/www.sofine.eu\/de\/ueber-sofine\/sofish\/#breadcrumb"},"inLanguage":"de","potentialAction":[{"@type":"ReadAction","target":["https:\/\/www.sofine.eu\/de\/ueber-sofine\/sofish\/"]}]},{"@type":"BreadcrumbList","@id":"https:\/\/www.sofine.eu\/de\/ueber-sofine\/sofish\/#breadcrumb","itemListElement":[{"@type":"ListItem","position":1,"name":"Home","item":"https:\/\/www.sofine.eu\/de\/"},{"@type":"ListItem","position":2,"name":"\u00dcber SoFine","item":"https:\/\/www.sofine.eu\/de\/ueber-sofine\/"},{"@type":"ListItem","position":3,"name":"Vegetarischer Fisch"}]},{"@type":"WebSite","@id":"https:\/\/www.sofine.eu\/de\/#website","url":"https:\/\/www.sofine.eu\/de\/","name":"Sofine DE","description":"The friendly food!","publisher":{"@id":"https:\/\/www.sofine.eu\/de\/#organization"},"potentialAction":[{"@type":"SearchAction","target":{"@type":"EntryPoint","urlTemplate":"https:\/\/www.sofine.eu\/de\/?s={search_term_string}"},"query-input":{"@type":"PropertyValueSpecification","valueRequired":true,"valueName":"search_term_string"}}],"inLanguage":"de"},{"@type":"Organization","@id":"https:\/\/www.sofine.eu\/de\/#organization","name":"Sofine","url":"https:\/\/www.sofine.eu\/de\/","logo":{"@type":"ImageObject","inLanguage":"de","@id":"https:\/\/www.sofine.eu\/de\/#\/schema\/logo\/image\/","url":"https:\/\/www.sofine.eu\/de\/wp-content\/uploads\/sites\/3\/2021\/06\/logo-sofine-baseline-150.png","contentUrl":"https:\/\/www.sofine.eu\/de\/wp-content\/uploads\/sites\/3\/2021\/06\/logo-sofine-baseline-150.png","width":689,"height":150,"caption":"Sofine"},"image":{"@id":"https:\/\/www.sofine.eu\/de\/#\/schema\/logo\/image\/"},"sameAs":["https:\/\/www.facebook.com\/SoFineDeutschland","https:\/\/www.instagram.com\/SoFine.Deutschland\/"]}]}},"_links":{"self":[{"href":"https:\/\/www.sofine.eu\/de\/wp-json\/wp\/v2\/pages\/13350","targetHints":{"allow":["GET"]}}],"collection":[{"href":"https:\/\/www.sofine.eu\/de\/wp-json\/wp\/v2\/pages"}],"about":[{"href":"https:\/\/www.sofine.eu\/de\/wp-json\/wp\/v2\/types\/page"}],"author":[{"embeddable":true,"href":"https:\/\/www.sofine.eu\/de\/wp-json\/wp\/v2\/users\/1"}],"replies":[{"embeddable":true,"href":"https:\/\/www.sofine.eu\/de\/wp-json\/wp\/v2\/comments?post=13350"}],"version-history":[{"count":2,"href":"https:\/\/www.sofine.eu\/de\/wp-json\/wp\/v2\/pages\/13350\/revisions"}],"predecessor-version":[{"id":13352,"href":"https:\/\/www.sofine.eu\/de\/wp-json\/wp\/v2\/pages\/13350\/revisions\/13352"}],"up":[{"embeddable":true,"href":"https:\/\/www.sofine.eu\/de\/wp-json\/wp\/v2\/pages\/323"}],"wp:attachment":[{"href":"https:\/\/www.sofine.eu\/de\/wp-json\/wp\/v2\/media?parent=13350"}],"curies":[{"name":"wp","href":"https:\/\/api.w.org\/{rel}","templated":true}]}}