{"id":13363,"date":"2019-02-21T12:00:09","date_gmt":"2019-02-21T11:00:09","guid":{"rendered":"https:\/\/www.sofine.eu\/de\/alles-over-tofu\/"},"modified":"2023-10-02T12:42:32","modified_gmt":"2023-10-02T10:42:32","slug":"tofu","status":"publish","type":"page","link":"https:\/\/www.sofine.eu\/de\/ueber-sofine\/tofu\/","title":{"rendered":"Tofu"},"content":{"rendered":"<div class=\"wpb-content-wrapper\"><p>[vc_row type=&#8220;vc_default&#8220; css=&#8220;.vc_custom_1487237915484{margin-bottom: 70px !important;}&#8220;][vc_column width=&#8220;2\/3&#8243;][vc_column_text]Fakten \u00fcber Soja: alles, was Sie \u00fcber TOFU wissen sollten<\/p>\n<p><strong>Jeder hat schon einmal von Tofu geh\u00f6rt. Aber was genau ist Tofu? Woraus besteht er, wie wird er hergestellt, woher kommt Tofu urspr\u00fcnglich, aber auch: was kann man damit machen? Ist er gut f\u00fcr die Gesundheit und warum? Kurzum, Fragen gibt es genug! Und wir beantworten sie gerne. Auf dieser Seite finden Sie alles zu den Besonderheiten und zum Hintergrund dieses besonderen Produkts.<\/strong><\/p>\n<p>Was ist Tofu?<br \/>\nWozu kann ich Tofu verwenden?<br \/>\nWoraus wird Tofu hergestellt?<br \/>\nWie wird Tofu hergestellt?<br \/>\nIst Tofu gesund?<br \/>\nWie sieht&#8217;s mit Tofu und Eiwei\u00df aus?<br \/>\nWie viel Eiwei\u00df braucht man genau?<br \/>\nWie nimmt man gen\u00fcgend Eiwei\u00df zu sich?<br \/>\nWie viel Eiwei\u00df ist in Tofu enthalten?<br \/>\nWas ist der N\u00e4hrwert von Tofu?<br \/>\nWas sind die gesundheitlichen Vorteile von Tofu?<br \/>\nGibt es auch Nachteile?<br \/>\nWas ist der Unterschied zwischen Tempeh, Tofu und Tahu?<br \/>\nIst Tofu nachhaltig?<br \/>\nWie bereitet man Tofu zu?<br \/>\nWie bewahrt man Tofu auf?<\/p>\n<p><strong>Was ist Tofu?<\/strong><br \/>\nTofu ist 100\u00a0% pflanzlich und stammt urspr\u00fcnglich aus China. Dort wird es \u201edufu\u201c ausgesprochen. Tofu wird auch Tahu genannt. Tahu ist der indonesische Name f\u00fcr dieses besondere Produkt. Das Produkt sieht aus wie sehr junger K\u00e4se, wird aber aus geronnener Sojamilch hergestellt. Tofu hat eine neutralwei\u00dfe Farbe und einen ebenso neutralen Geschmack. Er nimmt jedoch sehr leicht den Geschmack anderer Zutaten an. Das macht Tofu zu einem perfekten pflanzlichen Fleischersatz, denn man hat unendlich viele M\u00f6glichkeiten. Das k\u00f6nnen Sie in unserer bunten Sammlung von Tofu-Rezepten auf einen Blick sehen.<\/p>\n<p><strong>Wozu kann ich Tofu verwenden?<\/strong><br \/>\nTofu ist eine ideale Eiwei\u00dfkomponente in vegetarischen oder veganen Gerichten. In der westlichen K\u00fcche wird Tofu oft als Alternative zu Fleisch verwendet. Aber in der klassischen asiatischen K\u00fcche wird Tofu oft neben dem Fleisch auf dem Teller serviert. In beiden K\u00fcchen ist Tofu wegen seiner Vielseitigkeit beliebt. Sie k\u00f6nnen ihn braten, backen, grillen, in Currys, Salaten und sogar in Brotaufstrichen und Smoothies verwenden. Manche Leute sagen, Tofu schmecke nach Nichts. Wir von SoFine sind der Meinung, dass diejenigen ihn noch nie richtig zubereitet haben \ud83d\ude09. Denn mit Tofu kann man so viele leckere Sachen machen! Entdecken Sie z. B. diese 3 k\u00f6stlichen Gerichte, die beweisen, dass Tofu alles andere als geschmacklos ist.<\/p>\n<p><strong>Woraus wird Tofu hergestellt?<\/strong><br \/>\nTofu wird aus Soja hergestellt. Um genau zu sein, aus geronnener Sojamilch. Das ist eine gute Nachricht, denn Soja hat einen hohen N\u00e4hrwert.\u00a0Sojabohnen sind reich an hochwertigen pflanzlichen Eiwei\u00dfen. Diese Eiwei\u00dfe sind wiederum aus Aminos\u00e4uren aufgebaut. Unser K\u00f6rper stellt auch selbst Eiwei\u00df her. Die daf\u00fcr ben\u00f6tigten Aminos\u00e4uren \u2013 die sogenannten essenziellen Aminos\u00e4uren \u2013 kann der K\u00f6rper jedoch nicht selbst herstellen. Sie m\u00fcssen also aus der Nahrung herausgeholt werden. Diese essenziellen Aminos\u00e4uren sind haupts\u00e4chlich in tierischen Eiwei\u00dfquellen wie Fleisch, Fisch, Schalentieren und Eiern enthalten. Gl\u00fccklicherweise sind sie aber auch in Soja und damit in Tofu enthalten. Was jedoch sehr wohl in tierischen Produkten, aber nicht in Soja enthalten ist, ist Vitamin B12.<\/p>\n<p><strong>Wie wird Tofu hergestellt?<\/strong><br \/>\nTofu besteht haupts\u00e4chlich aus Sojamilch und ist damit 100\u00a0% pflanzlich. So wird Tofu hergestellt: Zuerst werden die getrockneten Sojabohnen gewaschen und eingeweicht. Dann werden sie zu einer Paste vermahlen. Die Menge an Wasser, die der Paste zugesetzt wird, bestimmt, wie cremig die Sojamilch letztendlich wird.<\/p>\n<p>Die Sojapaste wird 15-30 Minuten lang leicht gekocht und tropft dann durch ein Tuch in einem Sieb ab. Die dicke Paste, die im Tuch zur\u00fcckbleibt, wird gut ausgepresst, damit alle N\u00e4hrstoffe in die fertige Sojamilch gelangen. Diese Milch wird bei schwacher Hitze erw\u00e4rmt und mit einem in Wasser gel\u00f6sten Gerinnungsmittel vermischt. Gerinnungsmittel sind z. B. Essig, Zitronensaft oder Nigari (eingekochtes Meerwasser), wie es in Japan verwendet wird. So gerinnt die Sojamilch. (Daher kommt auch der Name Tofu: to = Bohne und fu = gerinnen).<\/p>\n<p>Schlie\u00dflich besteht die Masse aus wei\u00dfen Klumpen und einer gelblichen Molke. Die wei\u00dfe Tofu-Masse wird in Formen mit K\u00e4set\u00fcchern gesch\u00f6pft und mit einem Gewicht abgedeckt, um die Feuchtigkeit aus dem Tofu zu pressen. Die Art des Tofus wird durch die Schwere des Gewichts und die Abtropfzeit bestimmt. Von sehr weich (seidig) bis superfest (extrafest).<\/p>\n<p><strong>Ist Tofu gut f\u00fcr die Gesundheit?<\/strong><br \/>\nTofu ist sehr eiwei\u00dfreich, fett-, kohlenhydrat- und kalorienarm und au\u00dferdem laktosefrei. Tofu ist eine wichtige Quelle f\u00fcr Vitamine und Mineralstoffe wie Kalium, Phosphor, Magnesium, Calcium, Eisen, Zink, die Vitamine A, B1, B2, B3, B5 und E sowie Fols\u00e4ure. Man kann also sagen, dass Tofu sehr gut f\u00fcr Ihre Gesundheit ist!<\/p>\n<p><strong>Wie sieht&#8217;s mit Tofu und Eiwei\u00df aus?<\/strong><br \/>\nTofu ist eine sehr gute pflanzliche Eiwei\u00dfquelle. Aber wie sieht es genau mit Eiwei\u00dfen aus? Wie viel Eiwei\u00df braucht man, und aus welchen Quellen kann man es beziehen?<\/p>\n<p><strong>Wie viel Eiwei\u00df braucht man genau?<\/strong><br \/>\nEiwei\u00df ist sowohl ein N\u00e4hrstoff als auch ein Baustoff. Deshalb ist es wichtig, jeden Tag ausreichend Eiwei\u00df zu sich zu nehmen. Das Voedingscentrum (Zentrum f\u00fcr Ern\u00e4hrung) gibt an, dass Erwachsene durchschnittlich 0,83 Gramm Eiwei\u00df pro Kilogramm K\u00f6rpergewicht ben\u00f6tigen. Angenommen, Sie wiegen 70 Kilo, dann ben\u00f6tigen Sie t\u00e4glich 58,1 Gramm Eiwei\u00df. Einige Gruppen sollten noch mehr Eiwei\u00df zu sich nehmen. Vegetarier und Veganer zum Beispiel, aber auch Kinder, Schwangere und stillende Frauen.<\/p>\n<p><strong>Wie nimmt man gen\u00fcgend Eiwei\u00df zu sich?<\/strong><br \/>\nEiwei\u00df kann aus tierischen Quellen wie Fleisch, Fisch, Milch, K\u00e4se und Eiern gewonnen werden. Wir von SoFine m\u00f6chten Sie jedoch dazu ermutigen, h\u00e4ufiger pflanzliches Eiwei\u00df zu w\u00e4hlen. Dies ist u. a. in Brot, H\u00fclsenfr\u00fcchten, N\u00fcssen und Getreideprodukten enthalten. Also auch in Tofu!<\/p>\n<p><strong>Wie viel Eiwei\u00df ist in Tofu enthalten?<\/strong><br \/>\nDer Eiwei\u00dfgehalt von Tofu h\u00e4ngt von seiner Festigkeit ab. Je weniger Wasser im Tofu enthalten ist, desto fester ist er und desto mehr Eiwei\u00df enth\u00e4lt er. Sehr weicher Tofu enth\u00e4lt zum Beispiel 4-5 Gramm Eiwei\u00df pro 85 Gramm Tofu. Bei festem Tofu (die am h\u00e4ufigsten verkaufte Tofusorte) sind das 9-10 Gramm. Und bei superfestem Tofu sind es sogar mehr als 14 Gramm! Absolut empfehlenswert f\u00fcr eine gesunde Ern\u00e4hrung.<\/p>\n<p><strong>Was ist der N\u00e4hrwert von Tofu?<\/strong><br \/>\nAbgesehen von der gro\u00dfen Menge an Eiwei\u00df kann man noch viele weitere positive Dinge \u00fcber den N\u00e4hrwert von Tofu sagen. Hier sind einige Zahlen, die diese Aussage belegen: Laut SELF Nutrition Data hat ein 100-Gramm-St\u00fcck fester Tofu einen N\u00e4hrwert von:<\/p>\n<p>Kilojoule \/ Kalorien: 70\u2028Eiwei\u00df: 8 g\u2028Fett: 4 g\u2028davon unges\u00e4ttigt: 3 g\u2028davon ges\u00e4ttigt: 1 g\u2028Kohlenhydrate: 2 g\u2028Cholesterin: 0 mg\u2028Natrium: 12 mg<\/p>\n<p>Dar\u00fcber hinaus enth\u00e4lt 100 Gramm fester Tofu zahlreiche Vitamine und Mineralstoffe:<br \/>\nVitamin K, Vitamin B, Vitamin B2, Vitamin B6, Niacin, Fols\u00e4ure und Phantotens\u00e4ure\u2028Calcium, Eisen, Magnesium, Phosphor, Kalium, Natrium, Kupfer, Mangan, Selen<\/p>\n<p><strong>Was sind die gesundheitlichen Vorteile von Tofu?<\/strong><br \/>\nFettarm &gt; Fester Tofu (die meistverkaufte Sorte, auch Firm Tofu genannt) enth\u00e4lt nur 4 Gramm Fett pro 100 Gramm. Davon sind 3 Gramm sogar unges\u00e4ttigte Fette. Tofu enth\u00e4lt daher wenig ges\u00e4ttigte Fette. Und das ist eine sehr gute Nachricht f\u00fcr Ihren Cholesterinspiegel!<br \/>\nViele N\u00e4hrstoffe &gt; Tofu ist reich an Eisen, Kalium und Magnesium, und wenn Calciumphosphat als Gerinnungsmittel verwendet wurde, enth\u00e4lt Tofu auch viel Calcium.<br \/>\nNiedriger GI-Index &gt; Tofu hat einen niedrigen glyk\u00e4mischen Index. Das bedeutet, dass Ihr Blutzucker nicht pl\u00f6tzlich in die H\u00f6he schie\u00dft, wenn Sie Tofu essen. Es sei denn, Sie verwenden zu viel Zucker in der Marinade&#8230;<br \/>\nGeeignet f\u00fcr Veganer &gt; Tofu ist 100\u00a0% pflanzlich und daher sowohl f\u00fcr Vegetarier als auch f\u00fcr Veganer geeignet. Das zur Gerinnung der Sojamilch verwendete Lab ist ebenfalls rein pflanzlich.<br \/>\nGlutenfrei &gt; Tofu ist glutenfrei. Zumindest, wenn Sie keine glutenhaltige Marinade verwenden (z. B. bestimmte Arten von Sojasauce).<br \/>\nLaktosefrei &gt; Tofu ist 100\u00a0% pflanzlich und laktosefrei.<br \/>\nSalzarm &gt; Naturtofu enth\u00e4lt kein Salz, aber beachten Sie bitte, dass vorgew\u00fcrzte Tofusorten oft Salz enthalten. Menschen, die sich salzarm ern\u00e4hren, sollten bei Marinaden vorsichtig sein: Klassische Geschmacksverst\u00e4rker wie Sojasauce enthalten Salz.<br \/>\nFODMAP-freundlich &gt; Tofu passt perfekt in die FODMAP-Ern\u00e4hrung. Das liegt daran, dass er aus reiner Sojamilch und nicht aus ganzen Sojabohnen mit f\u00fcr den Darm schwer verdaulichen Kohlenhydraten hergestellt wird.<br \/>\nGut f\u00fcr Sportler &gt; Tofu ist ein perfektes Nahrungsmittel f\u00fcr (Spitzen-)Sportler. Er ist reich an Eiwei\u00df, kalorienarm und enth\u00e4lt wenig ges\u00e4ttigte Fette.<\/p>\n<p><strong>Gibt es irgendwelche Nachteile von Tofu?<\/strong><br \/>\nWir sind absolute Tofu-Fans, aber hey: Niemand ist perfekt. Dies sind einige kleinere Nachteile:<\/p>\n<p>Kein Vitamin B12 &gt; Vitamin B12 ist in tierischen Produkten enthalten, jedoch nicht in Soja.<br \/>\n<strong>Nicht \u201eroh\u201c<\/strong> &gt; Rohk\u00f6stler essen keinen Tofu. Denn bei der Herstellung von Tofu steigt die Temperatur \u00fcber die f\u00fcr Rohkost zul\u00e4ssige Grenze von 37\u00a0\u00b0C.<br \/>\n<strong>Soja-Allergie<\/strong> &gt; Wenn Sie eine Sojaallergie haben, sollten Sie keinen Tofu essen.<\/p>\n<p><strong>Unterschied zwischen Tempeh, Tofu und Tahu<\/strong><br \/>\n<strong>\u2028<\/strong>Tofu und Tahu sind unterschiedliche Bezeichnungen f\u00fcr dasselbe Produkt. Das Wort Tofu stammt aus dem Chinesischen, und Tahu ist die indonesische Bezeichnung f\u00fcr dieses besondere Produkt. Tempeh ist wirklich etwas anderes als Tofu und Tahu. Tofu wird aus geronnener Sojamilch hergestellt, und Tempeh aus gepressten und fermentierten Sojabohnen. Tempeh ist fester und trockener in der Struktur und hat einen sehr ausgepr\u00e4gten Geschmack. Tofu ist weicher in der Konsistenz und neutraler im Geschmack, weshalb er in der K\u00fcche vielseitiger eingesetzt werden kann.<\/p>\n<p><strong>Ist Tofu nachhaltig?<\/strong><br \/>\nManchmal hei\u00dft es, es sei nicht gut, zu viel Soja zu essen, weil das auf Kosten der Urw\u00e4lder im Amazonasgebiet ginge. Dies stimmt jedoch nicht. Der \u00fcberwiegende Teil des angebauten Sojas ist als Tierfutter bestimmt. Das ist sehr ineffizient, denn f\u00fcr 1 kg Fleisch werden 5 kg pflanzliche Futtermittel ben\u00f6tigt. Es ist also viel nachhaltiger, Soja selbst zu essen, als es f\u00fcr Tierfutter zu verwenden! Au\u00dferdem erfordert die Produktion von pflanzlichen Erzeugnissen wie Sojabohnen viel weniger Energie, Wasser, Land und Rohstoffe als die Haltung von Milchvieh.<br \/>\n<strong><br \/>\nWie bewahrt man Tofu auf?<\/strong><br \/>\nTofu ist ein Frischprodukt und sollte immer k\u00fchl gelagert werden: in der unge\u00f6ffneten Originalverpackung oder in einem Beh\u00e4lter mit Wasser im K\u00fchlschrank. Sie k\u00f6nnen Tofu auch einfrieren. Oder verl\u00e4ngern Sie die Haltbarkeit, indem Sie Tofu zubereiten und dann im K\u00fchlschrank aufbewahren.<\/p>\n<p>Aufbewahrung von Tofu im K\u00fchlschrank\u2028Sie verwenden nicht das ganze St\u00fcck Tofu? Dann bewahren Sie den Rest in einem Beh\u00e4lter mit frischem Wasser im K\u00fchlschrank auf. Verschlie\u00dfen Sie den Beh\u00e4lter gut, denn Tofu nimmt schnell andere Ger\u00fcche und Geschm\u00e4cker an.\u00a0Wenn der Beh\u00e4lter gut verschlossen ist, kann Tofu 3 bis maximal 5 Tage aufbewahrt werden. Der Tofu bleibt am schmackhaftesten, wenn Sie das Wasser jeden Tag wechseln.<\/p>\n<p>Aufbewahrung von Tofu im Gefrierschrank\u2028Sie k\u00f6nnen Tofu auch einfrieren. Dadurch ver\u00e4ndern sich die Struktur und die Farbe des Tofus. Der Tofu wird etwas \u201eschwammiger\u201c und kann die Marinade besser aufnehmen. Die Farbe wird gelb-braun. Sie k\u00f6nnen diesen Tofu in Suppen und So\u00dfen, aber auch in Wokgerichten verwenden. Schneiden Sie den Tofu in die gew\u00fcnschte Gr\u00f6\u00dfe, bevor Sie ihn in den Gefrierschrank legen.<\/p>\n<p><strong>Woher wissen Sie, ob der Tofu noch genie\u00dfbar ist?\u2028<\/strong><br \/>\nRiechen Sie daran! Tofu muss frisch riechen. Wenn er leicht s\u00e4uerlich riecht, ist es besser, den Tofu wegzuwerfen. Wenn Sie Tofu haben, dessen Haltbarkeitsdatum bald abl\u00e4uft, bereiten Sie ihn im Voraus zu, indem Sie ihn braten, frittieren oder r\u00f6sten. So verl\u00e4ngern Sie das Haltbarkeitsdatum um ein paar Tage.<\/p>\n<p>M\u00f6chten Sie sich \u00f6fter vegetarisch oder vegan ern\u00e4hren, aber auch mal etwas anderes als Tofu essen? Dann lesen Sie alles \u00fcber veganen Fisch![\/vc_column_text][\/vc_column][vc_column width=&#8220;1\/3&#8243;][vc_single_image image=&#8220;6609&#8243; img_size=&#8220;full&#8220; alignment=&#8220;center&#8220; onclick=&#8220;custom_link&#8220; css_animation=&#8220;fadeIn&#8220; image_hovers=&#8220;false&#8220; link=&#8220;\/ontdek-onze-vriendelijke-producten\/&#8220;][\/vc_column][\/vc_row]<\/p>\n<\/div>","protected":false},"excerpt":{"rendered":"<p>[vc_row type=&#8220;vc_default&#8220; css=&#8220;.vc_custom_1487237915484{margin-bottom: 70px !important;}&#8220;][vc_column width=&#8220;2\/3&#8243;][vc_column_text]Fakten \u00fcber Soja: alles, was Sie \u00fcber TOFU wissen sollten Jeder hat schon einmal von Tofu geh\u00f6rt. Aber was genau ist Tofu? Woraus besteht er, wie wird er hergestellt, woher kommt Tofu urspr\u00fcnglich, aber auch: was kann man damit machen? Ist er gut f\u00fcr die Gesundheit und warum? Kurzum, Fragen&hellip;<\/p>\n","protected":false},"author":7,"featured_media":0,"parent":323,"menu_order":0,"comment_status":"closed","ping_status":"closed","template":"","meta":{"footnotes":""},"class_list":["post-13363","page","type-page","status-publish","hentry","description-off"],"yoast_head":"<!-- This site is optimized with the Yoast SEO Premium plugin v25.1 (Yoast SEO v27.3) - https:\/\/yoast.com\/product\/yoast-seo-premium-wordpress\/ -->\n<title>Tofu - Sofine DE<\/title>\n<meta name=\"description\" content=\"We nemen je graag mee in de wereld van tofu: wat het is, hoe je het maakt en waarom je het zou moeten eten. Nieuwsgierig? Lees snel verder..\" \/>\n<meta name=\"robots\" content=\"index, follow, max-snippet:-1, max-image-preview:large, max-video-preview:-1\" \/>\n<link rel=\"canonical\" href=\"https:\/\/www.sofine.eu\/de\/ueber-sofine\/tofu\/\" \/>\n<meta property=\"og:locale\" content=\"de_DE\" \/>\n<meta property=\"og:type\" content=\"article\" \/>\n<meta property=\"og:title\" content=\"Tofu\" \/>\n<meta property=\"og:description\" content=\"Fakten \u00fcber Soja: alles, was Sie \u00fcber TOFU wissen sollten Jeder hat schon einmal von Tofu geh\u00f6rt. Aber was genau ist Tofu? Woraus besteht er, wie wird er\" \/>\n<meta property=\"og:url\" content=\"https:\/\/www.sofine.eu\/de\/ueber-sofine\/tofu\/\" \/>\n<meta property=\"og:site_name\" content=\"Sofine DE\" \/>\n<meta property=\"article:publisher\" content=\"https:\/\/www.facebook.com\/SoFineDeutschland\" \/>\n<meta property=\"article:modified_time\" content=\"2023-10-02T10:42:32+00:00\" \/>\n<meta property=\"og:image\" content=\"https:\/\/www.sofine.eu\/de\/wp-content\/uploads\/sites\/3\/2022\/01\/LOGO_SoFine_leaf.png\" \/>\n\t<meta property=\"og:image:width\" content=\"250\" \/>\n\t<meta property=\"og:image:height\" content=\"224\" \/>\n\t<meta property=\"og:image:type\" content=\"image\/png\" \/>\n<meta name=\"twitter:card\" content=\"summary_large_image\" \/>\n<meta name=\"twitter:label1\" content=\"Gesch\u00e4tzte Lesezeit\" \/>\n\t<meta name=\"twitter:data1\" content=\"11\u00a0Minuten\" \/>\n<script type=\"application\/ld+json\" class=\"yoast-schema-graph\">{\"@context\":\"https:\\\/\\\/schema.org\",\"@graph\":[{\"@type\":\"WebPage\",\"@id\":\"https:\\\/\\\/www.sofine.eu\\\/de\\\/ueber-sofine\\\/tofu\\\/\",\"url\":\"https:\\\/\\\/www.sofine.eu\\\/de\\\/ueber-sofine\\\/tofu\\\/\",\"name\":\"Tofu - Sofine DE\",\"isPartOf\":{\"@id\":\"https:\\\/\\\/www.sofine.eu\\\/de\\\/#website\"},\"datePublished\":\"2019-02-21T11:00:09+00:00\",\"dateModified\":\"2023-10-02T10:42:32+00:00\",\"description\":\"We nemen je graag mee in de wereld van tofu: wat het is, hoe je het maakt en waarom je het zou moeten eten. Nieuwsgierig? Lees snel verder..\",\"breadcrumb\":{\"@id\":\"https:\\\/\\\/www.sofine.eu\\\/de\\\/ueber-sofine\\\/tofu\\\/#breadcrumb\"},\"inLanguage\":\"de\",\"potentialAction\":[{\"@type\":\"ReadAction\",\"target\":[\"https:\\\/\\\/www.sofine.eu\\\/de\\\/ueber-sofine\\\/tofu\\\/\"]}]},{\"@type\":\"BreadcrumbList\",\"@id\":\"https:\\\/\\\/www.sofine.eu\\\/de\\\/ueber-sofine\\\/tofu\\\/#breadcrumb\",\"itemListElement\":[{\"@type\":\"ListItem\",\"position\":1,\"name\":\"Home\",\"item\":\"https:\\\/\\\/www.sofine.eu\\\/de\\\/\"},{\"@type\":\"ListItem\",\"position\":2,\"name\":\"\u00dcber SoFine\",\"item\":\"https:\\\/\\\/www.sofine.eu\\\/de\\\/ueber-sofine\\\/\"},{\"@type\":\"ListItem\",\"position\":3,\"name\":\"Tofu\"}]},{\"@type\":\"WebSite\",\"@id\":\"https:\\\/\\\/www.sofine.eu\\\/de\\\/#website\",\"url\":\"https:\\\/\\\/www.sofine.eu\\\/de\\\/\",\"name\":\"Sofine DE\",\"description\":\"The friendly food!\",\"publisher\":{\"@id\":\"https:\\\/\\\/www.sofine.eu\\\/de\\\/#organization\"},\"potentialAction\":[{\"@type\":\"SearchAction\",\"target\":{\"@type\":\"EntryPoint\",\"urlTemplate\":\"https:\\\/\\\/www.sofine.eu\\\/de\\\/?s={search_term_string}\"},\"query-input\":{\"@type\":\"PropertyValueSpecification\",\"valueRequired\":true,\"valueName\":\"search_term_string\"}}],\"inLanguage\":\"de\"},{\"@type\":\"Organization\",\"@id\":\"https:\\\/\\\/www.sofine.eu\\\/de\\\/#organization\",\"name\":\"Sofine\",\"url\":\"https:\\\/\\\/www.sofine.eu\\\/de\\\/\",\"logo\":{\"@type\":\"ImageObject\",\"inLanguage\":\"de\",\"@id\":\"https:\\\/\\\/www.sofine.eu\\\/de\\\/#\\\/schema\\\/logo\\\/image\\\/\",\"url\":\"https:\\\/\\\/www.sofine.eu\\\/de\\\/wp-content\\\/uploads\\\/sites\\\/3\\\/2021\\\/06\\\/logo-sofine-baseline-150.png\",\"contentUrl\":\"https:\\\/\\\/www.sofine.eu\\\/de\\\/wp-content\\\/uploads\\\/sites\\\/3\\\/2021\\\/06\\\/logo-sofine-baseline-150.png\",\"width\":689,\"height\":150,\"caption\":\"Sofine\"},\"image\":{\"@id\":\"https:\\\/\\\/www.sofine.eu\\\/de\\\/#\\\/schema\\\/logo\\\/image\\\/\"},\"sameAs\":[\"https:\\\/\\\/www.facebook.com\\\/SoFineDeutschland\",\"https:\\\/\\\/www.instagram.com\\\/SoFine.Deutschland\\\/\"]}]}<\/script>\n<!-- \/ Yoast SEO Premium plugin. -->","yoast_head_json":{"title":"Tofu - Sofine DE","description":"We nemen je graag mee in de wereld van tofu: wat het is, hoe je het maakt en waarom je het zou moeten eten. Nieuwsgierig? Lees snel verder..","robots":{"index":"index","follow":"follow","max-snippet":"max-snippet:-1","max-image-preview":"max-image-preview:large","max-video-preview":"max-video-preview:-1"},"canonical":"https:\/\/www.sofine.eu\/de\/ueber-sofine\/tofu\/","og_locale":"de_DE","og_type":"article","og_title":"Tofu","og_description":"Fakten \u00fcber Soja: alles, was Sie \u00fcber TOFU wissen sollten Jeder hat schon einmal von Tofu geh\u00f6rt. Aber was genau ist Tofu? Woraus besteht er, wie wird er","og_url":"https:\/\/www.sofine.eu\/de\/ueber-sofine\/tofu\/","og_site_name":"Sofine DE","article_publisher":"https:\/\/www.facebook.com\/SoFineDeutschland","article_modified_time":"2023-10-02T10:42:32+00:00","og_image":[{"width":250,"height":224,"url":"https:\/\/www.sofine.eu\/de\/wp-content\/uploads\/sites\/3\/2022\/01\/LOGO_SoFine_leaf.png","type":"image\/png"}],"twitter_card":"summary_large_image","twitter_misc":{"Gesch\u00e4tzte Lesezeit":"11\u00a0Minuten"},"schema":{"@context":"https:\/\/schema.org","@graph":[{"@type":"WebPage","@id":"https:\/\/www.sofine.eu\/de\/ueber-sofine\/tofu\/","url":"https:\/\/www.sofine.eu\/de\/ueber-sofine\/tofu\/","name":"Tofu - Sofine DE","isPartOf":{"@id":"https:\/\/www.sofine.eu\/de\/#website"},"datePublished":"2019-02-21T11:00:09+00:00","dateModified":"2023-10-02T10:42:32+00:00","description":"We nemen je graag mee in de wereld van tofu: wat het is, hoe je het maakt en waarom je het zou moeten eten. Nieuwsgierig? Lees snel verder..","breadcrumb":{"@id":"https:\/\/www.sofine.eu\/de\/ueber-sofine\/tofu\/#breadcrumb"},"inLanguage":"de","potentialAction":[{"@type":"ReadAction","target":["https:\/\/www.sofine.eu\/de\/ueber-sofine\/tofu\/"]}]},{"@type":"BreadcrumbList","@id":"https:\/\/www.sofine.eu\/de\/ueber-sofine\/tofu\/#breadcrumb","itemListElement":[{"@type":"ListItem","position":1,"name":"Home","item":"https:\/\/www.sofine.eu\/de\/"},{"@type":"ListItem","position":2,"name":"\u00dcber SoFine","item":"https:\/\/www.sofine.eu\/de\/ueber-sofine\/"},{"@type":"ListItem","position":3,"name":"Tofu"}]},{"@type":"WebSite","@id":"https:\/\/www.sofine.eu\/de\/#website","url":"https:\/\/www.sofine.eu\/de\/","name":"Sofine DE","description":"The friendly food!","publisher":{"@id":"https:\/\/www.sofine.eu\/de\/#organization"},"potentialAction":[{"@type":"SearchAction","target":{"@type":"EntryPoint","urlTemplate":"https:\/\/www.sofine.eu\/de\/?s={search_term_string}"},"query-input":{"@type":"PropertyValueSpecification","valueRequired":true,"valueName":"search_term_string"}}],"inLanguage":"de"},{"@type":"Organization","@id":"https:\/\/www.sofine.eu\/de\/#organization","name":"Sofine","url":"https:\/\/www.sofine.eu\/de\/","logo":{"@type":"ImageObject","inLanguage":"de","@id":"https:\/\/www.sofine.eu\/de\/#\/schema\/logo\/image\/","url":"https:\/\/www.sofine.eu\/de\/wp-content\/uploads\/sites\/3\/2021\/06\/logo-sofine-baseline-150.png","contentUrl":"https:\/\/www.sofine.eu\/de\/wp-content\/uploads\/sites\/3\/2021\/06\/logo-sofine-baseline-150.png","width":689,"height":150,"caption":"Sofine"},"image":{"@id":"https:\/\/www.sofine.eu\/de\/#\/schema\/logo\/image\/"},"sameAs":["https:\/\/www.facebook.com\/SoFineDeutschland","https:\/\/www.instagram.com\/SoFine.Deutschland\/"]}]}},"_links":{"self":[{"href":"https:\/\/www.sofine.eu\/de\/wp-json\/wp\/v2\/pages\/13363","targetHints":{"allow":["GET"]}}],"collection":[{"href":"https:\/\/www.sofine.eu\/de\/wp-json\/wp\/v2\/pages"}],"about":[{"href":"https:\/\/www.sofine.eu\/de\/wp-json\/wp\/v2\/types\/page"}],"author":[{"embeddable":true,"href":"https:\/\/www.sofine.eu\/de\/wp-json\/wp\/v2\/users\/7"}],"replies":[{"embeddable":true,"href":"https:\/\/www.sofine.eu\/de\/wp-json\/wp\/v2\/comments?post=13363"}],"version-history":[{"count":4,"href":"https:\/\/www.sofine.eu\/de\/wp-json\/wp\/v2\/pages\/13363\/revisions"}],"predecessor-version":[{"id":14257,"href":"https:\/\/www.sofine.eu\/de\/wp-json\/wp\/v2\/pages\/13363\/revisions\/14257"}],"up":[{"embeddable":true,"href":"https:\/\/www.sofine.eu\/de\/wp-json\/wp\/v2\/pages\/323"}],"wp:attachment":[{"href":"https:\/\/www.sofine.eu\/de\/wp-json\/wp\/v2\/media?parent=13363"}],"curies":[{"name":"wp","href":"https:\/\/api.w.org\/{rel}","templated":true}]}}