{"id":14097,"date":"2022-12-14T15:32:18","date_gmt":"2022-12-14T14:32:18","guid":{"rendered":"https:\/\/www.sofine.eu\/de\/?page_id=14097"},"modified":"2022-12-14T15:37:58","modified_gmt":"2022-12-14T14:37:58","slug":"teilnahmebedingungen-veganuary","status":"publish","type":"page","link":"https:\/\/www.sofine.eu\/de\/veganuary-2023\/teilnahmebedingungen-veganuary\/","title":{"rendered":"Teilnahmebedingungen Veganuary"},"content":{"rendered":"<div class=\"wpb-content-wrapper\"><p>[vc_row][vc_column]<style type=\"text\/css\" data-type=\"the7_shortcodes-inline-css\">#default-btn-86bdb12b56d9dbf9ad0e7f223accb287.ico-right-side > i {\n  margin-right: 0px;\n  margin-left: 8px;\n}\n#default-btn-86bdb12b56d9dbf9ad0e7f223accb287 > i {\n  margin-right: 8px;\n}<\/style><a href=\"\/de\/veganuary-2023\/\" class=\"default-btn-shortcode dt-btn dt-btn-m link-hover-off btn-inline-left  vc_custom_1671028670067\" id=\"default-btn-86bdb12b56d9dbf9ad0e7f223accb287\"><i class=\"fas fa-arrow-left\"><\/i><span>Zur\u00fcck zur Veganuary aktion<\/span><\/a>[vc_column_text]<\/p>\n<h1>F\u00fcr die Teilnahme am SoFine Veganuary Gewinnspiel gelten die folgenden Bedingungen:<\/h1>\n<p>&nbsp;<\/p>\n<p>1.1 Veranstalter des SoFine Veganuary Gewinnspiels ist die SoFine Foods BV, Sperwerweg 11 6374 AG, Landgraaf, Niederlande. Weitere Informationen zu SoFine Foods BV finden Sie unter <a href=\"https:\/\/www.sofine.eu\/de\/datenschutzrichtlinie\/\">https:\/\/www.sofine.eu\/de\/datenschutzrichtlinie\/<\/a><\/p>\n<p>1.2 Das SoFine Veganuary Gewinnspiel wird nicht von Instagram unterst\u00fctzt, steht in keiner Verbindung zu Instagram und wird in keiner Weise von Instagram gesponsert bzw. organisiert.<\/p>\n<p>2. Teilnahmeberechtigt sind nur vollj\u00e4hrige, uneingeschr\u00e4nkt gesch\u00e4ftsf\u00e4hige nat\u00fcrliche Personen, die ihren Wohnsitz und gew\u00f6hnlichen Aufenthalt in Deutschland haben und die einen eigenen Instagram-Account besitzen. Von der Teilnahme am SoFine Veganuary Gewinnspiel ausgeschlossen sind Mitarbeiter von SoFine Foods BV und deren Familienangeh\u00f6rige sowie alle Mitarbeiter von Tochtergesellschaften oder Kooperationspartnern, die mit der Erstellung oder Abwicklung des Gewinnspiels besch\u00e4ftigt sind oder waren und deren Familienangeh\u00f6rige.<\/p>\n<p>3. SoFine Foods BV ist zu jedem Zeitpunkt berechtigt, Teilnehmer aus wichtigem Grund vom Gewinnspiel auszuschlie\u00dfen. Ein wichtiger Grund liegt insbesondere, aber nicht ausschlie\u00dflich, vor im Fall eines Versto\u00dfes gegen diese Teilnahmebedingungen, bei versuchter Manipulation des Gewinnspiels, versuchter St\u00f6rung oder Beeinflussung des ordnungsgem\u00e4\u00dfen Gewinnspiel-Ablaufs sowie Bedrohung oder Bel\u00e4stigung von SoFine Foods BV-Mitarbeitern oder anderen Teilnehmern.<\/p>\n<p>4.1 Das Gewinnspiel besteht aus einer Aktion.\u00a0 Zur Teilnahme am Gewinnspiel ist nur berechtigt, wer die Teilnahmevoraussetzungen unter Ziff. 2 oben erf\u00fcllt und dem SoFine Deutschland-Instagram-Account folgt. Das blo\u00dfe Folgen oder Abonnieren des Accounts berechtigt noch nicht zur Inanspruchnahme des Gewinns.<\/p>\n<p>4.2 Zus\u00e4tzlich muss der Teilnehmer die beschriebenen Anforderungen unter dem Gewinnspiel-Post erf\u00fcllen. Dazu z\u00e4hlt das Kommentieren eines Beitrages, welcher auf dem SoFine Deutschland-Instagram Account ver\u00f6ffentlicht wird.<\/p>\n<p>N\u00e4here Details der Einzelaktionen ergeben sich aus der Ank\u00fcndigung zur jeweiligen Einzelaktion.<\/p>\n<p>5.1 Das SoFine Veganuary Gewinnspiel beginnt am 01.01.2023.<\/p>\n<p>5.2 Teilnahmeschluss f\u00fcr das SoFine Veganuary Gewinnspiel ist der 08.01.2023, 23:59 Uhr. Die Teilnahme ist kostenlos und unabh\u00e4ngig vom Erwerb von Waren oder Dienstleistungen.<\/p>\n<p>6. Teilnehmer, deren Personenangaben bei Instagram nicht wahrheitsgem\u00e4\u00df sind, werden von der Teilnahme ausgeschlossen. Ebenso werden Teilnehmer ausgeschlossen, die den Teilnahmevorgang manipulieren bzw. zu manipulieren versuchen und\/oder in anderer Weise gegen die Teilnahmebedingungen versto\u00dfen.<\/p>\n<p>7.1 Die Ermittlung der Gewinner\/der Gewinnerinnen erfolgt, je nach Einzelaktion, innerhalb des Gewinnspiels \u00fcber das Losverfahren.<\/p>\n<p>7.2 Die Bekanntgabe der Gewinner\/der Gewinnerinnen erfolgt am 09. Januar 2023.<\/p>\n<p>7.3 Die Gewinner\/die Gewinnerinnen werden von SoFine Foods BV oder dem hierf\u00fcr beauftragten Partner schriftlich via Instagram benachrichtigt, wobei der Gewinnanspruch nur dann entsteht, wenn der Gewinner\/die Gewinnerin die Annahme des Gewinns innerhalb von zwei Kalendertagen nach Bekanntgabe gegen\u00fcber SoFine Foods BV erkl\u00e4rt. Erfolgt innerhalb dieses Zeitraums keine Erkl\u00e4rung der Gewinnannahme durch den jeweiligen Gewinner\/der Gewinnerin, wird ein neuer Gewinner\/eine neue Gewinnerin ermittelt.<\/p>\n<p>8. Der Gewinner\/die Gewinnerin einer jeden Einzelaktion erh\u00e4lt jeweils 1x Veganuary Survial Kit bestehend aus den Produkten von SoFine Foods BV sowie zus\u00e4tzlich Schokolade der Marke Handsoff Chocolate, Tortilla Wraps der Marke Beetgold, Brotbackmischung der Marke Myro, Brotaufstriche der Marke Rettergut sowie vegane Butter der Marke The vegan Cow. Insgesamt werden f\u00fcnf Pakete verlost.<\/p>\n<p>9.1 Der Teilnehmer r\u00e4umt SoFine Foods BV hiermit unentgeltlich das nicht-exklusive, zeitlich, r\u00e4umlich und inhaltlich unbeschr\u00e4nkte Recht ein, s\u00e4mtliche von ihm unter diesem Gewinnspiel erstellte, gepostete und SoFine Foods BV \u00fcberlassene Beitr\u00e4ge, einschlie\u00dflich Fotos, Texte, Videos und sonstige Werke umfassend, auch mit dem Ziel einer kommerziellen Verwertung, frei von Rechten Dritter, in allen audio-visuellen Medien zu nutzen und zu verwerten. Hierzu geh\u00f6ren insbesondere, aber nicht ausschlie\u00dflich, die folgenden urheberrechtlichen Nutzungsrechte, Leistungsschutz- und sonstigen Rechte: das Vervielf\u00e4ltigungs-, Verbreitungs-, Ausstellungs-, Vortrags- und Vorf\u00fchrrecht, das Senderecht, das Recht zur Wiedergabe durch Bild- und\/oder Tontr\u00e4ger analog und\/oder digital, das Recht der Wiedergabe von Funksendungen analog und\/oder digital sowie das Online-Recht. SoFine Foods BV hat insbesondere das Recht, auf die Beitr\u00e4ge des Teilnehmers zu verweisen und sie in die eigenen Online-Pr\u00e4senzen (u.a. Social Media-Kan\u00e4le) einzubinden (u.a. durch sog. Reposten) oder sie in Printmedien zu verwenden. Der Teilnehmer muss die entsprechenden Beitr\u00e4ge \u00fcber den Aktionszeitraum hinaus auf unbestimmte Zeit auf Instagram \u00f6ffentlich zug\u00e4nglich halten. Die Einr\u00e4umung schlie\u00dft das Recht zur weiteren Sublizenzierung und \u00dcbertragung der Rechte an Dritte ein. Von dieser Rechteeinr\u00e4umung umfasst ist auch das Recht zur Nutzung des Bildnisses und der Stimme des Teilnehmers im vorgenannten Umfang sowie zur beliebigen Bearbeitung der Beitr\u00e4ge des Teilnehmers, insbesondere zur Ver\u00e4nderung, Erg\u00e4nzung oder K\u00fcrzung der Beitr\u00e4ge.<\/p>\n<p>9.2 Der Teilnehmer garantiert, die notwendige Rechte und Einwilligungen seiner in Ziff. 9.1 benannten Beitr\u00e4ge erhalten zu haben. Dies umfasst insbesondere die Einwilligung der in seinen Beitr\u00e4gen abgebildeten Personen in die \u00f6ffentliche Verbreitung und Zurschaustellung der Beitr\u00e4ge durch den Teilnehmer oder durch SoFine Foods BV. Der Teilnehmer garantiert, dass die Beitr\u00e4ge, die darin enthaltenen Fotos, Videos, Texte oder sonstigen Darstellungen sowie die get\u00e4tigten Aussagen keine Rechte Dritter verletzen oder gegen sonstige Informations- oder Verhaltenspflichten versto\u00dfen. Der Teilnehmer stellt SoFine Foods BV\u00a0 insoweit von allen Anspr\u00fcchen Dritter vollumf\u00e4nglich frei (einschlie\u00dflich angemessener Rechtsverfolgungskosten).<\/p>\n<p>10. SoFine Foods BV beh\u00e4lt sich vor, das Gewinnspiel jederzeit ohne Vorank\u00fcndigung zu beenden oder zu \u00e4ndern, wenn aus technischen oder sonstigen Gr\u00fcnden eine ordnungsgem\u00e4\u00dfe Durchf\u00fchrung des Gewinnspiels nicht gew\u00e4hrleistet werden kann oder die Fairness des Gewinnspiels beeintr\u00e4chtigt erscheint. Anspr\u00fcche f\u00fcr die Teilnehmer entstehen daraus nicht.<\/p>\n<p>11.1 F\u00fcr die Beschaffenheit der Gewinne wird keine Haftung \u00fcbernommen. Eine Haftung von SoFine Foods BV in Bezug auf Sch\u00e4den, die bei der Teilnahme am Gewinnspiel oder im Zusammenhang mit der Aussch\u00fcttung der Gewinne, insbesondere deren Versand, entstehen, ist \u2013 mit Ausnahme der Einschr\u00e4nkungen der nachfolgenden Ziffern 11.2 und 11.3 \u2013 ausgeschlossen. Insbesondere ist eine Haftung f\u00fcr entgangene Gewinnchancen ausgeschlossen, die auf einer technischen St\u00f6rung (z.B. Verbindungsst\u00f6rung, Netzwerkausfall, Elektronikprobleme) beruhen. SoFine Foods BV haftet nicht f\u00fcr die Verf\u00fcgbarkeit von Instagram sowie des SoFine Deutschland-Insatgram-Accounts oder f\u00fcr \u00dcbertragungsfehler.<\/p>\n<p>11.2 Der vorstehende Haftungsausschluss gilt nicht f\u00fcr Sch\u00e4den aus der Verletzung des Lebens, des K\u00f6rpers oder der Gesundheit, die auf einer vors\u00e4tzlichen oder fahrl\u00e4ssigen Pflichtverletzung von SoFine Foods BV oder einer vors\u00e4tzlichen oder fahrl\u00e4ssigen Pflichtverletzung eines gesetzlichen Vertreters oder Erf\u00fcllungsgehilfen von SoFine Foods BV.<\/p>\n<p>11.3 Der Haftungsausschluss gilt zudem nicht in Bezug auf sonstige Sch\u00e4den, die auf einer vors\u00e4tzlichen oder grob fahrl\u00e4ssigen Pflichtverletzung von SoFine Foods BV oder auf einer vors\u00e4tzlichen oder grob fahrl\u00e4ssigen Pflichtverletzung eines gesetzlichen Vertreters oder Erf\u00fcllungsgehilfen von SoFine Foods BV beruhen. Ferner gilt der Haftungsausschluss nicht f\u00fcr typisch vorhersehbare Sch\u00e4den, die auf einer vors\u00e4tzlichen oder fahrl\u00e4ssigen Verletzung von wesentlichen Pflichten durch SoFine Foods BV, einen gesetzlichen Vertreter oder einen Erf\u00fcllungsgehilfen von SoFine Foods BV beruhen, deren Erf\u00fcllung die ordnungsgem\u00e4\u00dfe Durchf\u00fchrung des Gewinnspiels \u00fcberhaupt erst erm\u00f6glicht und auf deren Einhaltung der Teilnehmer vertrauen darf. Die Haftung nach dem Produkthaftungsgesetz bleibt unber\u00fchrt.<\/p>\n<p>12. Personenbezogene Daten der Teilnehmer (Instagram-Account sowie \u2013 nur von den Gewinnern \u2013 Name, E-Mail-Adresse, Postanschrift, Telefonnummer) werden von SoFine Foods BV nur unter Einhaltung der einschl\u00e4gigen Datenschutzbestimmungen und nur zur Bereitstellung, Durchf\u00fchrung und Abwicklung des Gewinnspiels gespeichert, verarbeitet und genutzt, wenn dies f\u00fcr die Durchf\u00fchrung der Gewinnspielaktion erforderlich ist. Rechtsgrundlage hierf\u00fcr ist Art. 6 Abs. 1 lit. b) DSGVO.\u00a0Nach Ablauf des Gewinnspiels l\u00f6scht SoFine Foods BV diese Daten.<\/p>\n<p>13. Der Rechtsweg ist ausgeschlossen. Ein klagbarer Anspruch auf den Gewinn oder die Auszahlung des Barwertes besteht nicht. Der Gewinn ist nicht \u00fcbertragbar. Diese Teilnahmebedingungen und die gesamte Rechtsbeziehung zwischen dem Teilnehmer\/der Teilnehmerin und SoFine Foods BV unterliegen ausschlie\u00dflich deutschem Recht.<\/p>\n<p>14. Sollten eine oder mehrere Bestimmungen der Teilnahmebedingungen ung\u00fcltig sein oder werden, bleibt die G\u00fcltigkeit der \u00fcbrigen Teilnahmebedingungen davon unber\u00fchrt. An ihre Stelle tritt eine angemessene Regelung, die dem wirtschaftlichen Ziel der unwirksamen Bestimmung am ehesten entspricht.[\/vc_column_text]<style type=\"text\/css\" data-type=\"the7_shortcodes-inline-css\">#default-btn-86bdb12b56d9dbf9ad0e7f223accb287.ico-right-side > i {\n  margin-right: 0px;\n  margin-left: 8px;\n}\n#default-btn-86bdb12b56d9dbf9ad0e7f223accb287 > i {\n  margin-right: 8px;\n}<\/style><a href=\"\/de\/veganuary-2023\/\" class=\"default-btn-shortcode dt-btn dt-btn-m link-hover-off btn-inline-left  vc_custom_1671028670067\" id=\"default-btn-86bdb12b56d9dbf9ad0e7f223accb287\"><i class=\"fas fa-arrow-left\"><\/i><span>Zur\u00fcck zur Veganuary aktion<\/span><\/a>[\/vc_column][\/vc_row]<\/p>\n<\/div>","protected":false},"excerpt":{"rendered":"<p>[vc_row][vc_column][vc_column_text] F\u00fcr die Teilnahme am SoFine Veganuary Gewinnspiel gelten die folgenden Bedingungen: &nbsp; 1.1 Veranstalter des SoFine Veganuary Gewinnspiels ist die SoFine Foods BV, Sperwerweg 11 6374 AG, Landgraaf, Niederlande. Weitere Informationen zu SoFine Foods BV finden Sie unter https:\/\/www.sofine.eu\/de\/datenschutzrichtlinie\/ 1.2 Das SoFine Veganuary Gewinnspiel wird nicht von Instagram unterst\u00fctzt, steht in keiner Verbindung zu&hellip;<\/p>\n","protected":false},"author":1,"featured_media":0,"parent":13961,"menu_order":0,"comment_status":"closed","ping_status":"closed","template":"","meta":{"footnotes":""},"class_list":["post-14097","page","type-page","status-publish","hentry","description-off"],"yoast_head":"<!-- This site is optimized with the Yoast SEO Premium plugin v25.1 (Yoast SEO v27.5) - https:\/\/yoast.com\/product\/yoast-seo-premium-wordpress\/ -->\n<title>Teilnahmebedingungen Veganuary - Sofine DE<\/title>\n<meta name=\"robots\" content=\"index, follow, max-snippet:-1, max-image-preview:large, max-video-preview:-1\" \/>\n<link rel=\"canonical\" href=\"https:\/\/www.sofine.eu\/de\/veganuary-2023\/teilnahmebedingungen-veganuary\/\" \/>\n<meta property=\"og:locale\" content=\"de_DE\" \/>\n<meta property=\"og:type\" content=\"article\" \/>\n<meta property=\"og:title\" content=\"Teilnahmebedingungen Veganuary\" \/>\n<meta property=\"og:description\" content=\"F\u00fcr die Teilnahme am SoFine Veganuary Gewinnspiel gelten die folgenden Bedingungen: &nbsp; 1.1 Veranstalter des SoFine Veganuary Gewinnspiels ist die\" \/>\n<meta property=\"og:url\" content=\"https:\/\/www.sofine.eu\/de\/veganuary-2023\/teilnahmebedingungen-veganuary\/\" \/>\n<meta property=\"og:site_name\" content=\"Sofine DE\" \/>\n<meta property=\"article:publisher\" content=\"https:\/\/www.facebook.com\/SoFineDeutschland\" \/>\n<meta property=\"article:modified_time\" content=\"2022-12-14T14:37:58+00:00\" \/>\n<meta property=\"og:image\" content=\"https:\/\/www.sofine.eu\/de\/wp-content\/uploads\/sites\/3\/2022\/01\/LOGO_SoFine_leaf.png\" \/>\n\t<meta property=\"og:image:width\" content=\"250\" \/>\n\t<meta property=\"og:image:height\" content=\"224\" \/>\n\t<meta property=\"og:image:type\" content=\"image\/png\" \/>\n<meta name=\"twitter:card\" content=\"summary_large_image\" \/>\n<meta name=\"twitter:label1\" content=\"Gesch\u00e4tzte Lesezeit\" \/>\n\t<meta name=\"twitter:data1\" content=\"7\u00a0Minuten\" \/>\n<script type=\"application\/ld+json\" class=\"yoast-schema-graph\">{\"@context\":\"https:\\\/\\\/schema.org\",\"@graph\":[{\"@type\":\"WebPage\",\"@id\":\"https:\\\/\\\/www.sofine.eu\\\/de\\\/veganuary-2023\\\/teilnahmebedingungen-veganuary\\\/\",\"url\":\"https:\\\/\\\/www.sofine.eu\\\/de\\\/veganuary-2023\\\/teilnahmebedingungen-veganuary\\\/\",\"name\":\"Teilnahmebedingungen Veganuary - Sofine DE\",\"isPartOf\":{\"@id\":\"https:\\\/\\\/www.sofine.eu\\\/de\\\/#website\"},\"datePublished\":\"2022-12-14T14:32:18+00:00\",\"dateModified\":\"2022-12-14T14:37:58+00:00\",\"breadcrumb\":{\"@id\":\"https:\\\/\\\/www.sofine.eu\\\/de\\\/veganuary-2023\\\/teilnahmebedingungen-veganuary\\\/#breadcrumb\"},\"inLanguage\":\"de\",\"potentialAction\":[{\"@type\":\"ReadAction\",\"target\":[\"https:\\\/\\\/www.sofine.eu\\\/de\\\/veganuary-2023\\\/teilnahmebedingungen-veganuary\\\/\"]}]},{\"@type\":\"BreadcrumbList\",\"@id\":\"https:\\\/\\\/www.sofine.eu\\\/de\\\/veganuary-2023\\\/teilnahmebedingungen-veganuary\\\/#breadcrumb\",\"itemListElement\":[{\"@type\":\"ListItem\",\"position\":1,\"name\":\"Home\",\"item\":\"https:\\\/\\\/www.sofine.eu\\\/de\\\/\"},{\"@type\":\"ListItem\",\"position\":2,\"name\":\"Veganuary 2023\",\"item\":\"https:\\\/\\\/www.sofine.eu\\\/de\\\/veganuary-2023\\\/\"},{\"@type\":\"ListItem\",\"position\":3,\"name\":\"Teilnahmebedingungen Veganuary\"}]},{\"@type\":\"WebSite\",\"@id\":\"https:\\\/\\\/www.sofine.eu\\\/de\\\/#website\",\"url\":\"https:\\\/\\\/www.sofine.eu\\\/de\\\/\",\"name\":\"Sofine DE\",\"description\":\"The friendly food!\",\"publisher\":{\"@id\":\"https:\\\/\\\/www.sofine.eu\\\/de\\\/#organization\"},\"potentialAction\":[{\"@type\":\"SearchAction\",\"target\":{\"@type\":\"EntryPoint\",\"urlTemplate\":\"https:\\\/\\\/www.sofine.eu\\\/de\\\/?s={search_term_string}\"},\"query-input\":{\"@type\":\"PropertyValueSpecification\",\"valueRequired\":true,\"valueName\":\"search_term_string\"}}],\"inLanguage\":\"de\"},{\"@type\":\"Organization\",\"@id\":\"https:\\\/\\\/www.sofine.eu\\\/de\\\/#organization\",\"name\":\"Sofine\",\"url\":\"https:\\\/\\\/www.sofine.eu\\\/de\\\/\",\"logo\":{\"@type\":\"ImageObject\",\"inLanguage\":\"de\",\"@id\":\"https:\\\/\\\/www.sofine.eu\\\/de\\\/#\\\/schema\\\/logo\\\/image\\\/\",\"url\":\"https:\\\/\\\/www.sofine.eu\\\/de\\\/wp-content\\\/uploads\\\/sites\\\/3\\\/2021\\\/06\\\/logo-sofine-baseline-150.png\",\"contentUrl\":\"https:\\\/\\\/www.sofine.eu\\\/de\\\/wp-content\\\/uploads\\\/sites\\\/3\\\/2021\\\/06\\\/logo-sofine-baseline-150.png\",\"width\":689,\"height\":150,\"caption\":\"Sofine\"},\"image\":{\"@id\":\"https:\\\/\\\/www.sofine.eu\\\/de\\\/#\\\/schema\\\/logo\\\/image\\\/\"},\"sameAs\":[\"https:\\\/\\\/www.facebook.com\\\/SoFineDeutschland\",\"https:\\\/\\\/www.instagram.com\\\/SoFine.Deutschland\\\/\"]}]}<\/script>\n<!-- \/ Yoast SEO Premium plugin. -->","yoast_head_json":{"title":"Teilnahmebedingungen Veganuary - Sofine DE","robots":{"index":"index","follow":"follow","max-snippet":"max-snippet:-1","max-image-preview":"max-image-preview:large","max-video-preview":"max-video-preview:-1"},"canonical":"https:\/\/www.sofine.eu\/de\/veganuary-2023\/teilnahmebedingungen-veganuary\/","og_locale":"de_DE","og_type":"article","og_title":"Teilnahmebedingungen Veganuary","og_description":"F\u00fcr die Teilnahme am SoFine Veganuary Gewinnspiel gelten die folgenden Bedingungen: &nbsp; 1.1 Veranstalter des SoFine Veganuary Gewinnspiels ist die","og_url":"https:\/\/www.sofine.eu\/de\/veganuary-2023\/teilnahmebedingungen-veganuary\/","og_site_name":"Sofine DE","article_publisher":"https:\/\/www.facebook.com\/SoFineDeutschland","article_modified_time":"2022-12-14T14:37:58+00:00","og_image":[{"width":250,"height":224,"url":"https:\/\/www.sofine.eu\/de\/wp-content\/uploads\/sites\/3\/2022\/01\/LOGO_SoFine_leaf.png","type":"image\/png"}],"twitter_card":"summary_large_image","twitter_misc":{"Gesch\u00e4tzte Lesezeit":"7\u00a0Minuten"},"schema":{"@context":"https:\/\/schema.org","@graph":[{"@type":"WebPage","@id":"https:\/\/www.sofine.eu\/de\/veganuary-2023\/teilnahmebedingungen-veganuary\/","url":"https:\/\/www.sofine.eu\/de\/veganuary-2023\/teilnahmebedingungen-veganuary\/","name":"Teilnahmebedingungen Veganuary - Sofine DE","isPartOf":{"@id":"https:\/\/www.sofine.eu\/de\/#website"},"datePublished":"2022-12-14T14:32:18+00:00","dateModified":"2022-12-14T14:37:58+00:00","breadcrumb":{"@id":"https:\/\/www.sofine.eu\/de\/veganuary-2023\/teilnahmebedingungen-veganuary\/#breadcrumb"},"inLanguage":"de","potentialAction":[{"@type":"ReadAction","target":["https:\/\/www.sofine.eu\/de\/veganuary-2023\/teilnahmebedingungen-veganuary\/"]}]},{"@type":"BreadcrumbList","@id":"https:\/\/www.sofine.eu\/de\/veganuary-2023\/teilnahmebedingungen-veganuary\/#breadcrumb","itemListElement":[{"@type":"ListItem","position":1,"name":"Home","item":"https:\/\/www.sofine.eu\/de\/"},{"@type":"ListItem","position":2,"name":"Veganuary 2023","item":"https:\/\/www.sofine.eu\/de\/veganuary-2023\/"},{"@type":"ListItem","position":3,"name":"Teilnahmebedingungen Veganuary"}]},{"@type":"WebSite","@id":"https:\/\/www.sofine.eu\/de\/#website","url":"https:\/\/www.sofine.eu\/de\/","name":"Sofine DE","description":"The friendly food!","publisher":{"@id":"https:\/\/www.sofine.eu\/de\/#organization"},"potentialAction":[{"@type":"SearchAction","target":{"@type":"EntryPoint","urlTemplate":"https:\/\/www.sofine.eu\/de\/?s={search_term_string}"},"query-input":{"@type":"PropertyValueSpecification","valueRequired":true,"valueName":"search_term_string"}}],"inLanguage":"de"},{"@type":"Organization","@id":"https:\/\/www.sofine.eu\/de\/#organization","name":"Sofine","url":"https:\/\/www.sofine.eu\/de\/","logo":{"@type":"ImageObject","inLanguage":"de","@id":"https:\/\/www.sofine.eu\/de\/#\/schema\/logo\/image\/","url":"https:\/\/www.sofine.eu\/de\/wp-content\/uploads\/sites\/3\/2021\/06\/logo-sofine-baseline-150.png","contentUrl":"https:\/\/www.sofine.eu\/de\/wp-content\/uploads\/sites\/3\/2021\/06\/logo-sofine-baseline-150.png","width":689,"height":150,"caption":"Sofine"},"image":{"@id":"https:\/\/www.sofine.eu\/de\/#\/schema\/logo\/image\/"},"sameAs":["https:\/\/www.facebook.com\/SoFineDeutschland","https:\/\/www.instagram.com\/SoFine.Deutschland\/"]}]}},"_links":{"self":[{"href":"https:\/\/www.sofine.eu\/de\/wp-json\/wp\/v2\/pages\/14097","targetHints":{"allow":["GET"]}}],"collection":[{"href":"https:\/\/www.sofine.eu\/de\/wp-json\/wp\/v2\/pages"}],"about":[{"href":"https:\/\/www.sofine.eu\/de\/wp-json\/wp\/v2\/types\/page"}],"author":[{"embeddable":true,"href":"https:\/\/www.sofine.eu\/de\/wp-json\/wp\/v2\/users\/1"}],"replies":[{"embeddable":true,"href":"https:\/\/www.sofine.eu\/de\/wp-json\/wp\/v2\/comments?post=14097"}],"version-history":[{"count":5,"href":"https:\/\/www.sofine.eu\/de\/wp-json\/wp\/v2\/pages\/14097\/revisions"}],"predecessor-version":[{"id":14104,"href":"https:\/\/www.sofine.eu\/de\/wp-json\/wp\/v2\/pages\/14097\/revisions\/14104"}],"up":[{"embeddable":true,"href":"https:\/\/www.sofine.eu\/de\/wp-json\/wp\/v2\/pages\/13961"}],"wp:attachment":[{"href":"https:\/\/www.sofine.eu\/de\/wp-json\/wp\/v2\/media?parent=14097"}],"curies":[{"name":"wp","href":"https:\/\/api.w.org\/{rel}","templated":true}]}}