{"id":27,"date":"2017-01-27T15:43:36","date_gmt":"2017-01-27T14:43:36","guid":{"rendered":"http:\/\/www.sofine.eu\/recepten-copy\/"},"modified":"2024-06-14T16:28:57","modified_gmt":"2024-06-14T14:28:57","slug":"wo-sind-sofine-produkte-erhaltlich","status":"publish","type":"page","link":"https:\/\/www.sofine.eu\/de\/wo-sind-sofine-produkte-erhaltlich\/","title":{"rendered":"Wo sind SoFine Produkte erh\u00e4ltlich?"},"content":{"rendered":"<div class=\"wpb-content-wrapper\"><p>[vc_row type=&#8220;vc_default&#8220;][vc_column][vc_column_text]<\/p>\n<p class=\"p1\">Auf dieser Website erfahren Sie alles\u00a0<a href=\"http:\/\/www.sofine.eu\/over-sofine\/\">\u00fcber SoFine<\/a> und unsere <a href=\"http:\/\/www.sofine.eu\/ontdek-onze-vriendelijke-producten\/\">vegetarischen Produkte<\/a>. Aber wir k\u00f6nnen uns vorstellen, dass Sie auch wissen m\u00f6chten, wo Sie all diese Leckereien bekommen&#8230; Nachstehend finden Sie eine praktische \u00dcbersicht, wo Sie die pflanzlichen Alternativen von SoFine finden k\u00f6nnen. Nehmen Sie eine wiederverwendbare Einkaufstasche mit und los geht&#8217;s! Oder shoppen Sie online und kaufen Sie bequem von zu Hause aus ein!<\/p>\n<p>[\/vc_column_text][\/vc_column][\/vc_row][vc_row gap=&#8220;35&#8243; equal_height=&#8220;yes&#8220; type=&#8220;vc_default&#8220;][vc_column]<div class=\"dt-fancy-separator title-left h3-size style-thick title-color accent-border-color\" style=\"width: 100%;\"><div class=\"dt-fancy-title\"><span class=\"separator-holder separator-left\"><\/span>Deutschland<span class=\"separator-holder separator-right\"><\/span><\/div><\/div>[vc_empty_space height=&#8220;30px&#8220;][vc_row_inner content_placement=&#8220;middle&#8220;][vc_column_inner width=&#8220;1\/4&#8243;][vc_single_image image=&#8220;13112&#8243; img_size=&#8220;full&#8220; alignment=&#8220;center&#8220; onclick=&#8220;custom_link&#8220; img_link_target=&#8220;_blank&#8220; css_animation=&#8220;bounceIn&#8220; image_hovers=&#8220;false&#8220; link=&#8220;https:\/\/www.edeka.de\/marktsuche.jsp&#8220;]<div class=\"text-centered\"><a href=\"https:\/\/www.edeka.de\/marktsuche.jsp\" class=\"btn-shortcode dt-btn-s dt-btn default-btn-color default-btn-hover-color default-btn-bg-color default-btn-bg-hover-color fadeInUp animate-element animation-builder ico-right-side\" target=\"_blank\" id=\"dt-btn-1\" rel=\"noopener\"><span>Finde ein Gesch\u00e4ft<\/span><i class=\"fa icon-location\"><\/i><\/a><\/div>[vc_separator css=&#8220;.vc_custom_1494500620770{padding-top: 15px !important;padding-bottom: 15px !important;}&#8220;][\/vc_column_inner][vc_column_inner width=&#8220;1\/4&#8243;][vc_single_image image=&#8220;13111&#8243; img_size=&#8220;full&#8220; alignment=&#8220;center&#8220; onclick=&#8220;custom_link&#8220; img_link_target=&#8220;_blank&#8220; css_animation=&#8220;bounceIn&#8220; image_hovers=&#8220;false&#8220; link=&#8220;https:\/\/www.tegut.com\/maerkte.html&#8220;]<div class=\"text-centered\"><a href=\"https:\/\/www.tegut.com\/maerkte.html\" class=\"btn-shortcode dt-btn-s dt-btn default-btn-color default-btn-hover-color default-btn-bg-color default-btn-bg-hover-color fadeInUp animate-element animation-builder ico-right-side\" target=\"_blank\" id=\"dt-btn-2\" rel=\"noopener\"><span>Finde ein Gesch\u00e4ft<\/span><i class=\"fa icon-location\"><\/i><\/a><\/div>[vc_separator css=&#8220;.vc_custom_1494500620770{padding-top: 15px !important;padding-bottom: 15px !important;}&#8220;][\/vc_column_inner][vc_column_inner width=&#8220;1\/4&#8243;][vc_single_image image=&#8220;13242&#8243; img_size=&#8220;full&#8220; alignment=&#8220;center&#8220; onclick=&#8220;custom_link&#8220; img_link_target=&#8220;_blank&#8220; css_animation=&#8220;bounceIn&#8220; image_hovers=&#8220;false&#8220; link=&#8220;https:\/\/www.netto-online.de\/filialfinder&#8220;]<div class=\"text-centered\"><a href=\"https:\/\/www.netto-online.de\/filialfinder\" class=\"btn-shortcode dt-btn-s dt-btn default-btn-color default-btn-hover-color default-btn-bg-color default-btn-bg-hover-color fadeInUp animate-element animation-builder ico-right-side\" target=\"_blank\" id=\"dt-btn-3\" rel=\"noopener\"><span>Finde ein Gesch\u00e4ft<\/span><i class=\"fa icon-location\"><\/i><\/a><\/div>[vc_separator css=&#8220;.vc_custom_1494500620770{padding-top: 15px !important;padding-bottom: 15px !important;}&#8220;][\/vc_column_inner][vc_column_inner width=&#8220;1\/4&#8243;][vc_single_image image=&#8220;13109&#8243; img_size=&#8220;full&#8220; alignment=&#8220;center&#8220; onclick=&#8220;custom_link&#8220; img_link_target=&#8220;_blank&#8220; css_animation=&#8220;bounceIn&#8220; image_hovers=&#8220;false&#8220; link=&#8220;https:\/\/www.rewe.de\/marktsuche\/&#8220;]<div class=\"text-centered\"><a href=\"https:\/\/www.rewe.de\/marktsuche\/\" class=\"btn-shortcode dt-btn-s dt-btn default-btn-color default-btn-hover-color default-btn-bg-color default-btn-bg-hover-color fadeInUp animate-element animation-builder ico-right-side\" target=\"_blank\" id=\"dt-btn-4\" rel=\"noopener\"><span>Finde ein Gesch\u00e4ft<\/span><i class=\"fa icon-location\"><\/i><\/a><\/div>[vc_separator css=&#8220;.vc_custom_1494500620770{padding-top: 15px !important;padding-bottom: 15px !important;}&#8220;][\/vc_column_inner][\/vc_row_inner][\/vc_column][\/vc_row]<\/p>\n<\/div>","protected":false},"excerpt":{"rendered":"<p>[vc_row type=&#8220;vc_default&#8220;][vc_column][vc_column_text] Auf dieser Website erfahren Sie alles\u00a0\u00fcber SoFine und unsere vegetarischen Produkte. Aber wir k\u00f6nnen uns vorstellen, dass Sie auch wissen m\u00f6chten, wo Sie all diese Leckereien bekommen&#8230; Nachstehend finden Sie eine praktische \u00dcbersicht, wo Sie die pflanzlichen Alternativen von SoFine finden k\u00f6nnen. Nehmen Sie eine wiederverwendbare Einkaufstasche mit und los geht&#8217;s! Oder shoppen&hellip;<\/p>\n","protected":false},"author":1,"featured_media":0,"parent":0,"menu_order":0,"comment_status":"closed","ping_status":"closed","template":"","meta":{"footnotes":""},"class_list":["post-27","page","type-page","status-publish","hentry","description-off"],"yoast_head":"<!-- This site is optimized with the Yoast SEO Premium plugin v25.1 (Yoast SEO v27.5) - https:\/\/yoast.com\/product\/yoast-seo-premium-wordpress\/ -->\n<title>Wo sind die vegane Produkte von SoFine erh\u00e4ltlich?<\/title>\n<meta name=\"description\" content=\"Erfahren Sie auf unserer Website, in welchem n\u00e4chstgelegenen Supermarkt die vegane und pflanzlichen Produkte von SoFine Foods erh\u00e4ltlich sind.\" \/>\n<meta name=\"robots\" content=\"index, follow, max-snippet:-1, max-image-preview:large, max-video-preview:-1\" \/>\n<link rel=\"canonical\" href=\"https:\/\/www.sofine.eu\/de\/wo-sind-sofine-produkte-erhaltlich\/\" \/>\n<meta property=\"og:locale\" content=\"de_DE\" \/>\n<meta property=\"og:type\" content=\"article\" \/>\n<meta property=\"og:title\" content=\"Wo sind SoFine Produkte erh\u00e4ltlich?\" \/>\n<meta property=\"og:description\" content=\"Auf dieser Website erfahren Sie alles\u00a0\u00fcber SoFine und unsere vegetarischen Produkte. Aber wir k\u00f6nnen uns vorstellen, dass Sie auch wissen m\u00f6chten, wo Sie\" \/>\n<meta property=\"og:url\" content=\"https:\/\/www.sofine.eu\/de\/wo-sind-sofine-produkte-erhaltlich\/\" \/>\n<meta property=\"og:site_name\" content=\"Sofine DE\" \/>\n<meta property=\"article:publisher\" content=\"https:\/\/www.facebook.com\/SoFineDeutschland\" \/>\n<meta property=\"article:modified_time\" content=\"2024-06-14T14:28:57+00:00\" \/>\n<meta property=\"og:image\" content=\"https:\/\/www.sofine.eu\/de\/wp-content\/uploads\/sites\/3\/2022\/01\/LOGO_SoFine_leaf.png\" \/>\n\t<meta property=\"og:image:width\" content=\"250\" \/>\n\t<meta property=\"og:image:height\" content=\"224\" \/>\n\t<meta property=\"og:image:type\" content=\"image\/png\" \/>\n<meta name=\"twitter:card\" content=\"summary_large_image\" \/>\n<meta name=\"twitter:label1\" content=\"Gesch\u00e4tzte Lesezeit\" \/>\n\t<meta name=\"twitter:data1\" content=\"2\u00a0Minuten\" \/>\n<script type=\"application\/ld+json\" class=\"yoast-schema-graph\">{\"@context\":\"https:\\\/\\\/schema.org\",\"@graph\":[{\"@type\":\"WebPage\",\"@id\":\"https:\\\/\\\/www.sofine.eu\\\/de\\\/wo-sind-sofine-produkte-erhaltlich\\\/\",\"url\":\"https:\\\/\\\/www.sofine.eu\\\/de\\\/wo-sind-sofine-produkte-erhaltlich\\\/\",\"name\":\"Wo sind die vegane Produkte von SoFine erh\u00e4ltlich?\",\"isPartOf\":{\"@id\":\"https:\\\/\\\/www.sofine.eu\\\/de\\\/#website\"},\"datePublished\":\"2017-01-27T14:43:36+00:00\",\"dateModified\":\"2024-06-14T14:28:57+00:00\",\"description\":\"Erfahren Sie auf unserer Website, in welchem n\u00e4chstgelegenen Supermarkt die vegane und pflanzlichen Produkte von SoFine Foods erh\u00e4ltlich sind.\",\"breadcrumb\":{\"@id\":\"https:\\\/\\\/www.sofine.eu\\\/de\\\/wo-sind-sofine-produkte-erhaltlich\\\/#breadcrumb\"},\"inLanguage\":\"de\",\"potentialAction\":[{\"@type\":\"ReadAction\",\"target\":[\"https:\\\/\\\/www.sofine.eu\\\/de\\\/wo-sind-sofine-produkte-erhaltlich\\\/\"]}]},{\"@type\":\"BreadcrumbList\",\"@id\":\"https:\\\/\\\/www.sofine.eu\\\/de\\\/wo-sind-sofine-produkte-erhaltlich\\\/#breadcrumb\",\"itemListElement\":[{\"@type\":\"ListItem\",\"position\":1,\"name\":\"Home\",\"item\":\"https:\\\/\\\/www.sofine.eu\\\/de\\\/\"},{\"@type\":\"ListItem\",\"position\":2,\"name\":\"Wo sind SoFine Produkte erh\u00e4ltlich?\"}]},{\"@type\":\"WebSite\",\"@id\":\"https:\\\/\\\/www.sofine.eu\\\/de\\\/#website\",\"url\":\"https:\\\/\\\/www.sofine.eu\\\/de\\\/\",\"name\":\"Sofine DE\",\"description\":\"The friendly food!\",\"publisher\":{\"@id\":\"https:\\\/\\\/www.sofine.eu\\\/de\\\/#organization\"},\"potentialAction\":[{\"@type\":\"SearchAction\",\"target\":{\"@type\":\"EntryPoint\",\"urlTemplate\":\"https:\\\/\\\/www.sofine.eu\\\/de\\\/?s={search_term_string}\"},\"query-input\":{\"@type\":\"PropertyValueSpecification\",\"valueRequired\":true,\"valueName\":\"search_term_string\"}}],\"inLanguage\":\"de\"},{\"@type\":\"Organization\",\"@id\":\"https:\\\/\\\/www.sofine.eu\\\/de\\\/#organization\",\"name\":\"Sofine\",\"url\":\"https:\\\/\\\/www.sofine.eu\\\/de\\\/\",\"logo\":{\"@type\":\"ImageObject\",\"inLanguage\":\"de\",\"@id\":\"https:\\\/\\\/www.sofine.eu\\\/de\\\/#\\\/schema\\\/logo\\\/image\\\/\",\"url\":\"https:\\\/\\\/www.sofine.eu\\\/de\\\/wp-content\\\/uploads\\\/sites\\\/3\\\/2021\\\/06\\\/logo-sofine-baseline-150.png\",\"contentUrl\":\"https:\\\/\\\/www.sofine.eu\\\/de\\\/wp-content\\\/uploads\\\/sites\\\/3\\\/2021\\\/06\\\/logo-sofine-baseline-150.png\",\"width\":689,\"height\":150,\"caption\":\"Sofine\"},\"image\":{\"@id\":\"https:\\\/\\\/www.sofine.eu\\\/de\\\/#\\\/schema\\\/logo\\\/image\\\/\"},\"sameAs\":[\"https:\\\/\\\/www.facebook.com\\\/SoFineDeutschland\",\"https:\\\/\\\/www.instagram.com\\\/SoFine.Deutschland\\\/\"]}]}<\/script>\n<!-- \/ Yoast SEO Premium plugin. -->","yoast_head_json":{"title":"Wo sind die vegane Produkte von SoFine erh\u00e4ltlich?","description":"Erfahren Sie auf unserer Website, in welchem n\u00e4chstgelegenen Supermarkt die vegane und pflanzlichen Produkte von SoFine Foods erh\u00e4ltlich sind.","robots":{"index":"index","follow":"follow","max-snippet":"max-snippet:-1","max-image-preview":"max-image-preview:large","max-video-preview":"max-video-preview:-1"},"canonical":"https:\/\/www.sofine.eu\/de\/wo-sind-sofine-produkte-erhaltlich\/","og_locale":"de_DE","og_type":"article","og_title":"Wo sind SoFine Produkte erh\u00e4ltlich?","og_description":"Auf dieser Website erfahren Sie alles\u00a0\u00fcber SoFine und unsere vegetarischen Produkte. Aber wir k\u00f6nnen uns vorstellen, dass Sie auch wissen m\u00f6chten, wo Sie","og_url":"https:\/\/www.sofine.eu\/de\/wo-sind-sofine-produkte-erhaltlich\/","og_site_name":"Sofine DE","article_publisher":"https:\/\/www.facebook.com\/SoFineDeutschland","article_modified_time":"2024-06-14T14:28:57+00:00","og_image":[{"width":250,"height":224,"url":"https:\/\/www.sofine.eu\/de\/wp-content\/uploads\/sites\/3\/2022\/01\/LOGO_SoFine_leaf.png","type":"image\/png"}],"twitter_card":"summary_large_image","twitter_misc":{"Gesch\u00e4tzte Lesezeit":"2\u00a0Minuten"},"schema":{"@context":"https:\/\/schema.org","@graph":[{"@type":"WebPage","@id":"https:\/\/www.sofine.eu\/de\/wo-sind-sofine-produkte-erhaltlich\/","url":"https:\/\/www.sofine.eu\/de\/wo-sind-sofine-produkte-erhaltlich\/","name":"Wo sind die vegane Produkte von SoFine erh\u00e4ltlich?","isPartOf":{"@id":"https:\/\/www.sofine.eu\/de\/#website"},"datePublished":"2017-01-27T14:43:36+00:00","dateModified":"2024-06-14T14:28:57+00:00","description":"Erfahren Sie auf unserer Website, in welchem n\u00e4chstgelegenen Supermarkt die vegane und pflanzlichen Produkte von SoFine Foods erh\u00e4ltlich sind.","breadcrumb":{"@id":"https:\/\/www.sofine.eu\/de\/wo-sind-sofine-produkte-erhaltlich\/#breadcrumb"},"inLanguage":"de","potentialAction":[{"@type":"ReadAction","target":["https:\/\/www.sofine.eu\/de\/wo-sind-sofine-produkte-erhaltlich\/"]}]},{"@type":"BreadcrumbList","@id":"https:\/\/www.sofine.eu\/de\/wo-sind-sofine-produkte-erhaltlich\/#breadcrumb","itemListElement":[{"@type":"ListItem","position":1,"name":"Home","item":"https:\/\/www.sofine.eu\/de\/"},{"@type":"ListItem","position":2,"name":"Wo sind SoFine Produkte erh\u00e4ltlich?"}]},{"@type":"WebSite","@id":"https:\/\/www.sofine.eu\/de\/#website","url":"https:\/\/www.sofine.eu\/de\/","name":"Sofine DE","description":"The friendly food!","publisher":{"@id":"https:\/\/www.sofine.eu\/de\/#organization"},"potentialAction":[{"@type":"SearchAction","target":{"@type":"EntryPoint","urlTemplate":"https:\/\/www.sofine.eu\/de\/?s={search_term_string}"},"query-input":{"@type":"PropertyValueSpecification","valueRequired":true,"valueName":"search_term_string"}}],"inLanguage":"de"},{"@type":"Organization","@id":"https:\/\/www.sofine.eu\/de\/#organization","name":"Sofine","url":"https:\/\/www.sofine.eu\/de\/","logo":{"@type":"ImageObject","inLanguage":"de","@id":"https:\/\/www.sofine.eu\/de\/#\/schema\/logo\/image\/","url":"https:\/\/www.sofine.eu\/de\/wp-content\/uploads\/sites\/3\/2021\/06\/logo-sofine-baseline-150.png","contentUrl":"https:\/\/www.sofine.eu\/de\/wp-content\/uploads\/sites\/3\/2021\/06\/logo-sofine-baseline-150.png","width":689,"height":150,"caption":"Sofine"},"image":{"@id":"https:\/\/www.sofine.eu\/de\/#\/schema\/logo\/image\/"},"sameAs":["https:\/\/www.facebook.com\/SoFineDeutschland","https:\/\/www.instagram.com\/SoFine.Deutschland\/"]}]}},"_links":{"self":[{"href":"https:\/\/www.sofine.eu\/de\/wp-json\/wp\/v2\/pages\/27","targetHints":{"allow":["GET"]}}],"collection":[{"href":"https:\/\/www.sofine.eu\/de\/wp-json\/wp\/v2\/pages"}],"about":[{"href":"https:\/\/www.sofine.eu\/de\/wp-json\/wp\/v2\/types\/page"}],"author":[{"embeddable":true,"href":"https:\/\/www.sofine.eu\/de\/wp-json\/wp\/v2\/users\/1"}],"replies":[{"embeddable":true,"href":"https:\/\/www.sofine.eu\/de\/wp-json\/wp\/v2\/comments?post=27"}],"version-history":[{"count":10,"href":"https:\/\/www.sofine.eu\/de\/wp-json\/wp\/v2\/pages\/27\/revisions"}],"predecessor-version":[{"id":14350,"href":"https:\/\/www.sofine.eu\/de\/wp-json\/wp\/v2\/pages\/27\/revisions\/14350"}],"wp:attachment":[{"href":"https:\/\/www.sofine.eu\/de\/wp-json\/wp\/v2\/media?parent=27"}],"curies":[{"name":"wp","href":"https:\/\/api.w.org\/{rel}","templated":true}]}}