{"id":60,"date":"2017-01-30T13:48:39","date_gmt":"2017-01-30T12:48:39","guid":{"rendered":"http:\/\/www.sofine.eu\/publicaties-copy\/"},"modified":"2021-10-08T11:30:04","modified_gmt":"2021-10-08T09:30:04","slug":"datenschutzrichtlinie","status":"publish","type":"page","link":"https:\/\/www.sofine.eu\/de\/datenschutzrichtlinie\/","title":{"rendered":"Datenschutzerkl\u00e4rung"},"content":{"rendered":"<div class=\"wpb-content-wrapper\"><p>[vc_row][vc_column][vc_column_text]<strong>Datenschutz- und Cookie-Erkl\u00e4rung<\/strong><\/p>\n<p><strong>1. \u00dcber SoFine<\/strong><br \/>\nSoFine Foods B.V. (im Folgenden: \u201e<strong>SoFine<\/strong>\u201c, \u201e<strong>wir<\/strong>\u201c, \u201e<strong>uns<\/strong>\u201c) mit Sitz in Sperwerweg 9, 6374 AG Landgraaf (Niederlande), ist f\u00fcr die Verarbeitung personenbezogener Daten gem\u00e4\u00df dieser Datenschutzerkl\u00e4rung und Cookie-Erkl\u00e4rung verantwortlich (im Folgenden: \u201e<strong>Datenschutzerkl\u00e4rung<\/strong>\u201c). Fragen zu dieser Datenschutzerkl\u00e4rung k\u00f6nnen an info@sofine.eu gesendet oder \u00fcber +31 (0)45 569 7940 gestellt werden, siehe auch die Kontaktdaten unten auf dieser Seite.<\/p>\n<p><strong>2. Diese Datenschutzerkl\u00e4rung<\/strong><br \/>\nIn dieser Datenschutzerkl\u00e4rung m\u00f6chten wir Sie \u00fcber die Verarbeitung Ihrer personenbezogenen Daten (im Folgenden: \u201e<strong>personenbezogene Daten<\/strong>\u201c) von SoFine informieren. Diese Datenschutzerkl\u00e4rung gilt f\u00fcr die Verarbeitung Ihrer personenbezogenen Daten durch SoFine, beispielsweise wenn Sie unser Kontaktformular ausf\u00fcllen, eine Vereinbarung mit uns schlie\u00dfen oder unsere Website www.sofine.eu (im Folgenden: \u201e<strong>Website<\/strong>&#8222;) besuchen.<\/p>\n<p>Durch die Nutzung der Dienste von SoFine akzeptieren Sie unsere Datenschutzerkl\u00e4rung. Bitte lesen Sie diese Datenschutzerkl\u00e4rung sorgf\u00e4ltig durch, bevor Sie unsere Dienste nutzen. Sie k\u00f6nnen diese Datenschutzerkl\u00e4rung \u00fcber unsere Website einsehen, herunterladen und ausdrucken.<\/p>\n<p><strong>3. Personenbezogene Daten, die wir verarbeiten<\/strong><br \/>\nPersonenbezogene Daten sind alle Informationen, mit denen eine nat\u00fcrliche Person direkt oder indirekt identifiziert werden kann. SoFine verarbeitet Ihre personenbezogenen Daten, weil Sie unsere Dienste nutzen und\/oder weil Sie diese selbst bereitstellen. Nachfolgend finden Sie eine \u00dcbersicht \u00fcber die von uns verarbeiteten personenbezogenen Daten:<\/p>\n<table cellspacing=\"0\" cellpadding=\"0\">\n<tbody>\n<tr>\n<td valign=\"top\"><b>pers\u00f6nliche Daten<\/b><\/td>\n<td valign=\"top\"><b>Anwendungszweck<\/b><\/td>\n<\/tr>\n<tr>\n<td valign=\"top\">NAWTE-Daten<br \/>\n(Name, Adresse, Wohnort, Telefon, E-Mail)GeschlechtGeburtsdatum<\/td>\n<td valign=\"top\">Um mit Ihnen eine Vereinbarung zu treffen und diese durchf\u00fchren zu k\u00f6nnen;<\/p>\n<p>Um Ihnen Korrespondenz und\/oder Newsletters senden zu k\u00f6nnen;<\/p>\n<p>Um Sie aufgrund einer Frage, einer Bemerkung oder einer Beschwerde kontaktieren zu k\u00f6nnen;<\/p>\n<p>Um Sie \u00fcber \u00c4nderungen an unseren Dienstleistungen und Produkten zu informieren;<\/p>\n<p>Um Ihre Anfrage bearbeiten zu k\u00f6nnen;\u2028\u2028Um Ihre Bewerbung bearbeiten zu k\u00f6nnen.<\/td>\n<\/tr>\n<tr>\n<td valign=\"top\">Zahlungsdaten (IBAN-Nummer, Anfangsbuchstaben von Vornamen und Nachname)<\/td>\n<td valign=\"top\">Zur Ausf\u00fchrung von Zahlungen<\/td>\n<\/tr>\n<\/tbody>\n<\/table>\n<p>Sie entscheiden grunds\u00e4tzlich immer selbst, ob Sie Ihre personenbezogenen Daten an uns zu \u00fcbermitteln. Wir m\u00f6chten Sie jedoch darauf hinweisen, dass wir ohne Ihre personenbezogenen Daten keine Vereinbarung mit Ihnen treffen k\u00f6nnen. Unser Kundenservice kann einige Fragen auch nicht beantworten, ohne vorher Ihre personenbezogenen Daten zu verarbeiten.<\/p>\n<p><strong>4. Minderj\u00e4hrige<\/strong><br \/>\nUnsere Website dient nicht dem Zweck, personenbezogene Daten \u00fcber Website-Besucher unter 16 Jahren zu erheben, es sei denn, sie haben die Zustimmung der Eltern oder des Erziehungsberechtigten. Wir k\u00f6nnen jedoch nicht \u00fcberpr\u00fcfen, ob ein Besucher \u00e4lter als 16 Jahre ist. Wir empfehlen Eltern daher, sich in die Online-Aktivit\u00e4ten ihrer Kinder einzubeziehen, um zu verhindern, dass Daten \u00fcber Kinder ohne elterliche Zustimmung erhoben werden. Wenn Sie davon \u00fcberzeugt sind, dass wir ohne diese Zustimmung personenbezogene Daten \u00fcber einen Minderj\u00e4hrigen erhoben haben, wenden Sie sich bitte an info@sofine.eu. Wir werden diese Informationen dann l\u00f6schen.<\/p>\n<p><strong>5. Sicherheitsma\u00dfnahmen<\/strong><br \/>\nSoFine hat technische und organisatorische Sicherheitsma\u00dfnahmen getroffen, um Ihre personenbezogenen Daten zu sch\u00fctzen, insbesondere vor Verlust, Manipulation oder unberechtigtem Zugriff. Wir passen unsere Sicherheitsma\u00dfnahmen regelm\u00e4\u00dfig an. Dennoch weisen wir darauf hin, dass mit der Daten\u00fcbertragung \u00fcber das Internet Sicherheitsrisiken verbunden sind, sodass wir keinen umfassenden Schutz vor dem Zugriff Dritter garantieren k\u00f6nnen. Wenn Sie den Eindruck haben, dass Ihre Daten nicht ordnungsgem\u00e4\u00df gesichert sind oder Hinweise auf Missbrauch vorliegen, wenden Sie sich bitte an unseren Kundendienst oder informieren Sie uns \u00fcber info@sofine.eu.<\/p>\n<p><strong>6. Wie lange wir personenbezogene Daten speichern<\/strong><br \/>\nSoFine speichert Ihre personenbezogenen Daten nicht l\u00e4nger als erforderlich, um die oben genannten Zwecke zu erf\u00fcllen und\/oder unsere gesetzlichen Verpflichtungen nachzukommen. Wir speichern Ihre personenbezogenen Daten so lange, wie beispielsweise die Kundenbeziehung besteht, solange finanzielle Verpflichtungen noch nicht erf\u00fcllt sind und\/oder so lange, wie dies nach den (gesetzlichen) Aufbewahrungsfristen erforderlich ist.<\/p>\n<p><strong>7. Hyperlinks<\/strong><br \/>\nDie Website kann Hyperlinks zu Websites Dritter enthalten. SoFine hat keinen Einfluss auf diese Websites. Wir empfehlen Ihnen, die Datenschutzerkl\u00e4rung des jeweiligen Website-Betreibers zu lesen, um weitere Informationen \u00fcber Zweck und Umfang der zu verarbeitenden personenbezogenen Daten, Ihre Rechte und m\u00f6gliche Einstellungen zum Schutz Ihrer Privatsph\u00e4re zu erhalten. Wir sind nicht verantwortlich und\/oder haftbar f\u00fcr den Inhalt dieser Websites oder die Art und Weise, wie diese Website-Anbieter Ihre personenbezogenen Daten verarbeiten.<\/p>\n<p><strong>8. Weitergabe personenbezogener Daten an Dritte<\/strong><br \/>\nSoFine wird Ihre personenbezogenen Daten nur dann an Dritte weitergeben, wenn wir Ihre Zustimmung dazu erhalten haben oder wenn die Weitergabe Ihrer personenbezogenen Daten an Dritte (i) f\u00fcr die Vertragsausf\u00fchrung oder (ii) zur Erf\u00fcllung einer gesetzlichen Verpflichtung erforderlich ist. Wenn wir Ihre personenbezogenen Daten an Dritte weitergeben, werden wir daf\u00fcr sorgen, dass wir vor der Weitergabe der personenbezogenen Daten (vertragliche) Vereinbarungen mit diesen Dritten getroffen haben, sodass ein gleiches Ma\u00df an Sicherheit und Vertraulichkeit Ihrer personenbezogenen Daten gew\u00e4hrleistet ist. SoFine bleibt als Verantwortlicher f\u00fcr diese Verarbeitung verantwortlich. Die Daten werden nicht au\u00dferhalb des EWR verwendet.<\/p>\n<p><strong>9. Rechte der betroffenen Personen<\/strong><br \/>\nNach den geltenden Datenschutzbestimmungen haben Sie eine Reihe von Rechten:<\/p>\n<ul>\n<li>Das Recht auf Einsichtnahme in die pers\u00f6nlichen Daten, die wir von und\/oder \u00fcber Sie gesammelt haben;<\/li>\n<li>Das Recht auf Berichtigung oder Erg\u00e4nzung Ihrer Daten, wenn diese sachlich falsch oder unvollst\u00e4ndig sind oder f\u00fcr den Zweck, f\u00fcr den sie erhoben wurden, nicht relevant sind;<\/li>\n<li>Das Recht, einer bestimmten Verarbeitung personenbezogener Daten zu widersprechen;<\/li>\n<li>Das Recht, Entscheidungen aufgrund automatisierter Datenverarbeitung und Profiling abzulehnen;<\/li>\n<li>Das Recht, eine Beschwerde bei der niederl\u00e4ndischen Datenschutzbeh\u00f6rde (Autoriteit Persoonsgegevens) einzureichen;<\/li>\n<li>Das Recht, unter bestimmten Umst\u00e4nden eine Einschr\u00e4nkung der Verarbeitung Ihrer personenbezogenen Daten zu beantragen;<\/li>\n<li>Unter bestimmten Umst\u00e4nden das Recht zu verlangen, dass Ihre personenbezogenen Daten, die wir von und\/oder \u00fcber Sie haben, gel\u00f6scht werden;<\/li>\n<li>Unter bestimmten Umst\u00e4nden das Recht auf Daten\u00fcbertragbarkeit. Dies bedeutet, dass Sie das Recht haben, Ihre Daten in einem strukturierten, allgemein verwendeten und maschinenlesbaren Format zu empfangen.<\/li>\n<\/ul>\n<p>Um sicherzustellen, dass Sie die Anfrage gestellt haben, bitten wir Sie, eine Kopie Ihres Personalausweises mit der Anfrage zu \u00fcbermitteln. Schw\u00e4rzen Sie in dieser Kopie Ihr Passfoto, MRZ (Machine readable zone, der Nummernstreifen an der Unterseite des Passes), Passnummer und B\u00fcrgerservicenummer (BSN). Dies dient zum Schutz Ihrer Privatsph\u00e4re.<\/p>\n<p><strong>10. Ersuchen, Fragen, Bemerkungen und Beschwerden<\/strong><br \/>\nSollten Sie eines oder mehrere der oben genannten Rechte in Anspruch nehmen wollen oder Fragen, Anmerkungen und\/oder Beschwerden zu dieser Datenschutzerkl\u00e4rung oder der Verarbeitung Ihrer personenbezogenen Daten durch SoFine haben, so k\u00f6nnen Sie uns selbstverst\u00e4ndlich unter folgenden Kontaktdaten erreichen:<\/p>\n<p>E-Mail: info@sofine.eu<br \/>\nTelefon: +31 45569 7940<\/p>\n<p>SoFine ist bestrebt, innerhalb von vier Wochen auf Ihre Anfrage, Frage, Anmerkung und\/oder Beschwerde zu antworten. Die M\u00f6glichkeit besteht, dass Sie mit der Art und Weise, wie wir Ihre Beschwerde bearbeitet haben oder wie wir Ihre personenbezogenen Daten verarbeiten, nicht zufrieden sind. In diesem Fall k\u00f6nnen Sie sich an die niederl\u00e4ndische Datenschutzbeh\u00f6rde (Autoriteit Persoonsgegevens) wenden, um Ihre Beschwerde einzureichen.<\/p>\n<p><strong>11. Social Media Netzwerke<\/strong><br \/>\nWir sind auch in Social Media Netzwerken wie Instagram und Facebook aktiv und verweisen auf die in unserem jeweiligen SoFine-Account bei Instagram und Facebook hinterlegte Datenschutzerkl\u00e4rung zu verweisen. Weiter erlauben wir uns auf die Datenschutzerkl\u00e4rung des jeweiligen Netzwerkes selbst zu verweisen, die jederzeit \u00fcber deren Webauftritt abrufbar ist.<\/p>\n<p><strong>12. Cookies oder \u00e4hnliche Techniken, die wir verwenden<\/strong><br \/>\nEin Cookie ist eine kleine Textdatei, die beim ersten Besuch dieser Website im Browser Ihres Computers, Tablets oder Smartphones gespeichert wird. SoFine verwendet Cookies mit rein technischer Funktionalit\u00e4t. Diese stellen sicher, dass die Website ordnungsgem\u00e4\u00df funktioniert und dass zum Beispiel Ihre bevorzugten Einstellungen gespeichert werden. Diese Cookies werden auch dazu verwendet, die Website ordnungsgem\u00e4\u00df zu betreiben und zu optimieren. Dar\u00fcber hinaus platzieren wir Cookies, die Ihr Surfverhalten verfolgen, damit wir ma\u00dfgeschneiderte Inhalte und Werbung anbieten k\u00f6nnen. Bei Ihrem ersten Besuch auf unserer Website haben wir Sie bereits \u00fcber diese Cookies informiert und um Erlaubnis zur Platzierung gebeten. Sie k\u00f6nnen Cookies deaktivieren, indem Sie Ihren Internet-Browser so einstellen, dass keine Cookies mehr gespeichert werden. Zus\u00e4tzlich k\u00f6nnen Sie auch alle zuvor gespeicherten Informationen \u00fcber die Einstellungen Ihres Browsers l\u00f6schen. Siehe f\u00fcr eine Erkl\u00e4rung: <a href=\"https:\/\/veiliginternetten.nl\/themes\/situatie\/cookies-wat-zijn-het-en-wat-doe-ik-ermee\/\">https:\/\/veiliginternetten.nl\/themes\/situatie\/cookies-wat-zijn-het-en-wat-doe-ik-ermee\/<\/a><\/p>\n<p>SoFine platziert wichtige, funktionale, analytische und Tracking-Cookies.<\/p>\n<p><strong>Wichtige Cookies<\/strong>: Es handelt sich um Cookies, die sicherstellen, dass Sie die Website besuchen und bestimmte Funktionen auf der Website nutzen k\u00f6nnen. F\u00fcr das Setzen dieser Cookies ben\u00f6tigen wir keine Erlaubnis.<\/p>\n<p><strong>Funktionelle Cookies<\/strong>: Hierbei handelt es sich um Cookies, die sicherstellen, dass die Website die von Ihnen festgelegten Einstellungen speichert, wenn Sie als Website-Besucher die Website gem\u00e4\u00df Ihren Einstellungen anpassen, z. B. durch \u00c4ndern der Sprach- oder Standorteinstellungen. F\u00fcr das Setzen dieser Cookies ben\u00f6tigen wir keine Erlaubnis.<\/p>\n<p><strong>Analytische Cookies<\/strong>: Dies sind Cookies, die sicherstellen, dass wir Ihnen eine bessere Website-Nutzung bieten k\u00f6nnen. F\u00fcr die Platzierung dieser Cookies ben\u00f6tigen wir grunds\u00e4tzlich Ihre Zustimmung.<\/p>\n<p><strong>Tracking-Cookies<\/strong>: Dies sind Cookies, die es uns erm\u00f6glichen, Ihnen ma\u00dfgeschneiderte Werbung anzubieten. Wir d\u00fcrfen solche Cookies erst dann platzieren, wenn wir Ihre Zustimmung erhalten haben. Dies sind Cookies wie Google Adwords, Google Analytics, Google Tag Manager, Google Dynamic Remarketing, Facebook Custom Audiences und Facebook Pixel. Auf diese Weise k\u00f6nnen wir gezielt werben und die Kosten niedrig halten.<\/p>\n<p>Diese Cookies erm\u00f6glichen es:<br \/>\n&#8211; die Anzeigen, die Sie bereits gesehen haben, zu verfolgen. Damit wird verhindert, dass Sie zu oft dieselben Anzeigen sehen;<br \/>\n&#8211; die Anzahl der Besucher, die auf unsere Anzeigen klicken, zu verfolgen;<br \/>\n&#8211; die Anzahl der Besucher, die eine unserer Dienstleistungen nach dem Klick auf eine Anzeige in Anspruch nehmen, zu verfolgen. Dies ist notwendig, um die Wirksamkeit von Werbung analysieren zu k\u00f6nnen.<br \/>\n&#8211; zu registrieren, ob Sie bereits bestimmte Versicherungen oder Dienstleistungen von uns in Anspruch genommen haben. Sie sehen dann keine unn\u00f6tigen Anzeigen.<\/p>\n<p>F\u00fcr weitere Informationen dar\u00fcber, was Google mit den gespeicherten Daten macht, verweisen wir auf die Datenschutzerkl\u00e4rung von Google. (<a href=\"https:\/\/policies.google.com\/privacy?hl=de\">https:\/\/policies.google.com\/privacy?hl=de<\/a>). Sie kann sich regelm\u00e4\u00dfig \u00e4ndern. Wir haben Google nicht die Erlaubnis erteilt, die erhaltenen Informationen f\u00fcr andere Google-Dienste zu verwenden.<\/p>\n<p>Weitere Informationen zu den gespeicherten Daten von Facebook (<a href=\"https:\/\/www.facebook.com\/privacy\/explanation\">https:\/\/www.facebook.com\/privacy\/explanation<\/a>) finden Sie in der Datenschutzerkl\u00e4rung von Facebook. Sie kann sich regelm\u00e4\u00dfig \u00e4ndern. Wir haben Facebook nicht die Erlaubnis erteilt, die erhaltenen Informationen f\u00fcr andere Facebook-Dienste zu verwenden.<\/p>\n<p>Sie k\u00f6nnen die Verwendung von Cookies auch zulassen oder verhindern, indem Sie die Einstellungen Ihres Browsers \u00e4ndern. Um die gespeicherten Cookies zu l\u00f6schen, zu aktivieren und\/oder zu verwalten, rufen Sie das Men\u00fc mit den Browsereinstellungen auf. Auch wenn Sie Cookies nicht akzeptieren, k\u00f6nnen Sie dennoch online auf Werbung von uns sto\u00dfen. Nicht alle unsere Anzeigen verwenden Cookies. Cookies erm\u00f6glichen es, Ihnen relevantere Anzeigen zu zeigen und keine unn\u00f6tigen Anzeigen.<\/p>\n<p><strong>\u00c4nderungen<\/strong><br \/>\nDiese Datenschutzerkl\u00e4rung kann von uns ge\u00e4ndert werden. \u00c4nderungen treten mit dem Zeitpunkt in Kraft, zu dem sie auf der Website ver\u00f6ffentlicht werden. Wir empfehlen Ihnen daher, diese Datenschutzerkl\u00e4rung regelm\u00e4\u00dfig zu lesen. Diese Datenschutzerkl\u00e4rung wurde zuletzt am 15. September 2020 aktualisiert.<\/p>\n<p>[\/vc_column_text][\/vc_column][\/vc_row]<\/p>\n<\/div>","protected":false},"excerpt":{"rendered":"<p>[vc_row][vc_column][vc_column_text]Datenschutz- und Cookie-Erkl\u00e4rung 1. \u00dcber SoFine SoFine Foods B.V. (im Folgenden: \u201eSoFine\u201c, \u201ewir\u201c, \u201euns\u201c) mit Sitz in Sperwerweg 9, 6374 AG Landgraaf (Niederlande), ist f\u00fcr die Verarbeitung personenbezogener Daten gem\u00e4\u00df dieser Datenschutzerkl\u00e4rung und Cookie-Erkl\u00e4rung verantwortlich (im Folgenden: \u201eDatenschutzerkl\u00e4rung\u201c). Fragen zu dieser Datenschutzerkl\u00e4rung k\u00f6nnen an info@sofine.eu gesendet oder \u00fcber +31 (0)45 569 7940 gestellt werden, siehe&hellip;<\/p>\n","protected":false},"author":1,"featured_media":0,"parent":0,"menu_order":0,"comment_status":"closed","ping_status":"closed","template":"","meta":{"footnotes":""},"class_list":["post-60","page","type-page","status-publish","hentry","description-off"],"yoast_head":"<!-- This site is optimized with the Yoast SEO Premium plugin v25.1 (Yoast SEO v27.4) - https:\/\/yoast.com\/product\/yoast-seo-premium-wordpress\/ -->\n<title>Datenschutzerkl\u00e4rung - Sofine DE<\/title>\n<meta name=\"description\" content=\"Disclaimer: content is door de eigenaar met zorg samengesteld maar is niet aansprakelijk voor mogelijke onjuistheden van het getoonde. Oneigenlijk gebruik van de content of delen daarvan maken inbreuk op intellectuele rechten.\" \/>\n<meta name=\"robots\" content=\"index, nofollow, max-snippet:-1, max-image-preview:large, max-video-preview:-1\" \/>\n<link rel=\"canonical\" href=\"https:\/\/www.sofine.eu\/de\/datenschutzrichtlinie\/\" \/>\n<meta property=\"og:locale\" content=\"de_DE\" \/>\n<meta property=\"og:type\" content=\"article\" \/>\n<meta property=\"og:title\" content=\"Datenschutzerkl\u00e4rung\" \/>\n<meta property=\"og:description\" content=\"Datenschutz- und Cookie-Erkl\u00e4rung 1. \u00dcber SoFine SoFine Foods B.V. (im Folgenden: \u201eSoFine\u201c, \u201ewir\u201c, \u201euns\u201c) mit Sitz in Sperwerweg 9, 6374 AG Landgraaf\" \/>\n<meta property=\"og:url\" content=\"https:\/\/www.sofine.eu\/de\/datenschutzrichtlinie\/\" \/>\n<meta property=\"og:site_name\" content=\"Sofine DE\" \/>\n<meta property=\"article:publisher\" content=\"https:\/\/www.facebook.com\/SoFineDeutschland\" \/>\n<meta property=\"article:modified_time\" content=\"2021-10-08T09:30:04+00:00\" \/>\n<meta property=\"og:image\" content=\"https:\/\/www.sofine.eu\/de\/wp-content\/uploads\/sites\/3\/2022\/01\/LOGO_SoFine_leaf.png\" \/>\n\t<meta property=\"og:image:width\" content=\"250\" \/>\n\t<meta property=\"og:image:height\" content=\"224\" \/>\n\t<meta property=\"og:image:type\" content=\"image\/png\" \/>\n<meta name=\"twitter:card\" content=\"summary_large_image\" \/>\n<meta name=\"twitter:label1\" content=\"Gesch\u00e4tzte Lesezeit\" \/>\n\t<meta name=\"twitter:data1\" content=\"9\u00a0Minuten\" \/>\n<script type=\"application\/ld+json\" class=\"yoast-schema-graph\">{\"@context\":\"https:\\\/\\\/schema.org\",\"@graph\":[{\"@type\":\"WebPage\",\"@id\":\"https:\\\/\\\/www.sofine.eu\\\/de\\\/datenschutzrichtlinie\\\/\",\"url\":\"https:\\\/\\\/www.sofine.eu\\\/de\\\/datenschutzrichtlinie\\\/\",\"name\":\"Datenschutzerkl\u00e4rung - Sofine DE\",\"isPartOf\":{\"@id\":\"https:\\\/\\\/www.sofine.eu\\\/de\\\/#website\"},\"datePublished\":\"2017-01-30T12:48:39+00:00\",\"dateModified\":\"2021-10-08T09:30:04+00:00\",\"description\":\"Disclaimer: content is door de eigenaar met zorg samengesteld maar is niet aansprakelijk voor mogelijke onjuistheden van het getoonde. Oneigenlijk gebruik van de content of delen daarvan maken inbreuk op intellectuele rechten.\",\"breadcrumb\":{\"@id\":\"https:\\\/\\\/www.sofine.eu\\\/de\\\/datenschutzrichtlinie\\\/#breadcrumb\"},\"inLanguage\":\"de\",\"potentialAction\":[{\"@type\":\"ReadAction\",\"target\":[\"https:\\\/\\\/www.sofine.eu\\\/de\\\/datenschutzrichtlinie\\\/\"]}]},{\"@type\":\"BreadcrumbList\",\"@id\":\"https:\\\/\\\/www.sofine.eu\\\/de\\\/datenschutzrichtlinie\\\/#breadcrumb\",\"itemListElement\":[{\"@type\":\"ListItem\",\"position\":1,\"name\":\"Home\",\"item\":\"https:\\\/\\\/www.sofine.eu\\\/de\\\/\"},{\"@type\":\"ListItem\",\"position\":2,\"name\":\"Datenschutzerkl\u00e4rung\"}]},{\"@type\":\"WebSite\",\"@id\":\"https:\\\/\\\/www.sofine.eu\\\/de\\\/#website\",\"url\":\"https:\\\/\\\/www.sofine.eu\\\/de\\\/\",\"name\":\"Sofine DE\",\"description\":\"The friendly food!\",\"publisher\":{\"@id\":\"https:\\\/\\\/www.sofine.eu\\\/de\\\/#organization\"},\"potentialAction\":[{\"@type\":\"SearchAction\",\"target\":{\"@type\":\"EntryPoint\",\"urlTemplate\":\"https:\\\/\\\/www.sofine.eu\\\/de\\\/?s={search_term_string}\"},\"query-input\":{\"@type\":\"PropertyValueSpecification\",\"valueRequired\":true,\"valueName\":\"search_term_string\"}}],\"inLanguage\":\"de\"},{\"@type\":\"Organization\",\"@id\":\"https:\\\/\\\/www.sofine.eu\\\/de\\\/#organization\",\"name\":\"Sofine\",\"url\":\"https:\\\/\\\/www.sofine.eu\\\/de\\\/\",\"logo\":{\"@type\":\"ImageObject\",\"inLanguage\":\"de\",\"@id\":\"https:\\\/\\\/www.sofine.eu\\\/de\\\/#\\\/schema\\\/logo\\\/image\\\/\",\"url\":\"https:\\\/\\\/www.sofine.eu\\\/de\\\/wp-content\\\/uploads\\\/sites\\\/3\\\/2021\\\/06\\\/logo-sofine-baseline-150.png\",\"contentUrl\":\"https:\\\/\\\/www.sofine.eu\\\/de\\\/wp-content\\\/uploads\\\/sites\\\/3\\\/2021\\\/06\\\/logo-sofine-baseline-150.png\",\"width\":689,\"height\":150,\"caption\":\"Sofine\"},\"image\":{\"@id\":\"https:\\\/\\\/www.sofine.eu\\\/de\\\/#\\\/schema\\\/logo\\\/image\\\/\"},\"sameAs\":[\"https:\\\/\\\/www.facebook.com\\\/SoFineDeutschland\",\"https:\\\/\\\/www.instagram.com\\\/SoFine.Deutschland\\\/\"]}]}<\/script>\n<!-- \/ Yoast SEO Premium plugin. -->","yoast_head_json":{"title":"Datenschutzerkl\u00e4rung - Sofine DE","description":"Disclaimer: content is door de eigenaar met zorg samengesteld maar is niet aansprakelijk voor mogelijke onjuistheden van het getoonde. Oneigenlijk gebruik van de content of delen daarvan maken inbreuk op intellectuele rechten.","robots":{"index":"index","follow":"nofollow","max-snippet":"max-snippet:-1","max-image-preview":"max-image-preview:large","max-video-preview":"max-video-preview:-1"},"canonical":"https:\/\/www.sofine.eu\/de\/datenschutzrichtlinie\/","og_locale":"de_DE","og_type":"article","og_title":"Datenschutzerkl\u00e4rung","og_description":"Datenschutz- und Cookie-Erkl\u00e4rung 1. \u00dcber SoFine SoFine Foods B.V. (im Folgenden: \u201eSoFine\u201c, \u201ewir\u201c, \u201euns\u201c) mit Sitz in Sperwerweg 9, 6374 AG Landgraaf","og_url":"https:\/\/www.sofine.eu\/de\/datenschutzrichtlinie\/","og_site_name":"Sofine DE","article_publisher":"https:\/\/www.facebook.com\/SoFineDeutschland","article_modified_time":"2021-10-08T09:30:04+00:00","og_image":[{"width":250,"height":224,"url":"https:\/\/www.sofine.eu\/de\/wp-content\/uploads\/sites\/3\/2022\/01\/LOGO_SoFine_leaf.png","type":"image\/png"}],"twitter_card":"summary_large_image","twitter_misc":{"Gesch\u00e4tzte Lesezeit":"9\u00a0Minuten"},"schema":{"@context":"https:\/\/schema.org","@graph":[{"@type":"WebPage","@id":"https:\/\/www.sofine.eu\/de\/datenschutzrichtlinie\/","url":"https:\/\/www.sofine.eu\/de\/datenschutzrichtlinie\/","name":"Datenschutzerkl\u00e4rung - Sofine DE","isPartOf":{"@id":"https:\/\/www.sofine.eu\/de\/#website"},"datePublished":"2017-01-30T12:48:39+00:00","dateModified":"2021-10-08T09:30:04+00:00","description":"Disclaimer: content is door de eigenaar met zorg samengesteld maar is niet aansprakelijk voor mogelijke onjuistheden van het getoonde. Oneigenlijk gebruik van de content of delen daarvan maken inbreuk op intellectuele rechten.","breadcrumb":{"@id":"https:\/\/www.sofine.eu\/de\/datenschutzrichtlinie\/#breadcrumb"},"inLanguage":"de","potentialAction":[{"@type":"ReadAction","target":["https:\/\/www.sofine.eu\/de\/datenschutzrichtlinie\/"]}]},{"@type":"BreadcrumbList","@id":"https:\/\/www.sofine.eu\/de\/datenschutzrichtlinie\/#breadcrumb","itemListElement":[{"@type":"ListItem","position":1,"name":"Home","item":"https:\/\/www.sofine.eu\/de\/"},{"@type":"ListItem","position":2,"name":"Datenschutzerkl\u00e4rung"}]},{"@type":"WebSite","@id":"https:\/\/www.sofine.eu\/de\/#website","url":"https:\/\/www.sofine.eu\/de\/","name":"Sofine DE","description":"The friendly food!","publisher":{"@id":"https:\/\/www.sofine.eu\/de\/#organization"},"potentialAction":[{"@type":"SearchAction","target":{"@type":"EntryPoint","urlTemplate":"https:\/\/www.sofine.eu\/de\/?s={search_term_string}"},"query-input":{"@type":"PropertyValueSpecification","valueRequired":true,"valueName":"search_term_string"}}],"inLanguage":"de"},{"@type":"Organization","@id":"https:\/\/www.sofine.eu\/de\/#organization","name":"Sofine","url":"https:\/\/www.sofine.eu\/de\/","logo":{"@type":"ImageObject","inLanguage":"de","@id":"https:\/\/www.sofine.eu\/de\/#\/schema\/logo\/image\/","url":"https:\/\/www.sofine.eu\/de\/wp-content\/uploads\/sites\/3\/2021\/06\/logo-sofine-baseline-150.png","contentUrl":"https:\/\/www.sofine.eu\/de\/wp-content\/uploads\/sites\/3\/2021\/06\/logo-sofine-baseline-150.png","width":689,"height":150,"caption":"Sofine"},"image":{"@id":"https:\/\/www.sofine.eu\/de\/#\/schema\/logo\/image\/"},"sameAs":["https:\/\/www.facebook.com\/SoFineDeutschland","https:\/\/www.instagram.com\/SoFine.Deutschland\/"]}]}},"_links":{"self":[{"href":"https:\/\/www.sofine.eu\/de\/wp-json\/wp\/v2\/pages\/60","targetHints":{"allow":["GET"]}}],"collection":[{"href":"https:\/\/www.sofine.eu\/de\/wp-json\/wp\/v2\/pages"}],"about":[{"href":"https:\/\/www.sofine.eu\/de\/wp-json\/wp\/v2\/types\/page"}],"author":[{"embeddable":true,"href":"https:\/\/www.sofine.eu\/de\/wp-json\/wp\/v2\/users\/1"}],"replies":[{"embeddable":true,"href":"https:\/\/www.sofine.eu\/de\/wp-json\/wp\/v2\/comments?post=60"}],"version-history":[{"count":1,"href":"https:\/\/www.sofine.eu\/de\/wp-json\/wp\/v2\/pages\/60\/revisions"}],"predecessor-version":[{"id":13115,"href":"https:\/\/www.sofine.eu\/de\/wp-json\/wp\/v2\/pages\/60\/revisions\/13115"}],"wp:attachment":[{"href":"https:\/\/www.sofine.eu\/de\/wp-json\/wp\/v2\/media?parent=60"}],"curies":[{"name":"wp","href":"https:\/\/api.w.org\/{rel}","templated":true}]}}