{"id":5592,"date":"2018-05-17T18:30:44","date_gmt":"2018-05-17T16:30:44","guid":{"rendered":"https:\/\/www.sofine.eu\/?page_id=5592"},"modified":"2021-11-02T15:06:09","modified_gmt":"2021-11-02T14:06:09","slug":"tietosuojakaytanto","status":"publish","type":"page","link":"https:\/\/www.sofine.eu\/fi\/tietosuojakaytanto\/","title":{"rendered":"Tietosuojak\u00e4yt\u00e4nt\u00f6"},"content":{"rendered":"<div class=\"wpb-content-wrapper\"><p>[vc_row][vc_column][vc_column_text]<strong> Tietosuoja- ja ev\u00e4stelausunto <\/strong><\/p>\n<p><strong> 1. Tietoja SoFine <\/strong> sta<br \/>\nSoFine Foods B.V. (j\u00e4ljemp\u00e4n\u00e4 &#8221;SoFine&#8221;, &#8221;me&#8221;, &#8221;me&#8221;), joka sijaitsee osoitteessa Sperwerweg 9, 6374 AG Landgraaf, on vastuussa henkil\u00f6tietojen k\u00e4sittelyst\u00e4, joka esitet\u00e4\u00e4n t\u00e4ss\u00e4 tietosuoja- ja ev\u00e4stek\u00e4yt\u00e4nn\u00f6ss\u00e4 (j\u00e4ljemp\u00e4n\u00e4 &#8221;tietosuojalausunto&#8221;). T\u00e4t\u00e4 tietosuojalausuntoa koskevat kysymykset voidaan l\u00e4hett\u00e4\u00e4 osoitteeseen info@sofine.eu tai numeroon 045 569 7940 t\u00e4m\u00e4n sivun alareunassa olevilla yhteystiedoilla.<\/p>\n<p><strong> 2. T\u00e4m\u00e4 tietosuojalausunto <\/strong><br \/>\nT\u00e4ss\u00e4 tietosuojaselosteessa haluamme informoida sinua henkil\u00f6tietojesi (j\u00e4ljemp\u00e4n\u00e4 &#8221;Henkil\u00f6tiedot&#8221;) k\u00e4sittelyst\u00e4 SoFinen toimesta. T\u00e4m\u00e4 tietosuojaseloste koskee henkil\u00f6tietojesi k\u00e4sittely\u00e4 SoFinen toimesta, esimerkiksi kun t\u00e4yt\u00e4t yhteydenottolomakkeemme, teet sopimuksen kanssamme tai vierailet verkkosivustollamme www.sofine.eu (j\u00e4ljemp\u00e4n\u00e4 &#8221;verkkosivusto&#8221;).<\/p>\n<p>K\u00e4ytt\u00e4m\u00e4ll\u00e4 SoFinen palveluita hyv\u00e4ksyt tietosuojalausuntomme. Lue t\u00e4m\u00e4 tietosuojaseloste huolellisesti ennen palveluidemme k\u00e4ytt\u00f6\u00e4. Voit tarkastella, ladata ja tulostaa t\u00e4m\u00e4n tietosuojaselosteen verkkosivustomme kautta.<\/p>\n<p><strong> 3. K\u00e4sittelem\u00e4mme henkil\u00f6tiedot <\/strong><br \/>\nHenkil\u00f6tiedoilla tarkoitetaan kaikkia tietoja, joiden avulla luonnollinen henkil\u00f6 voidaan tunnistaa suoraan tai v\u00e4lillisesti. SoFine k\u00e4sittelee henkil\u00f6tietojasi, koska k\u00e4yt\u00e4t palveluitamme ja\/tai koska toimitat ne meille itse. Alta l\u00f6yd\u00e4t yleiskatsauksen k\u00e4sittelemist\u00e4mme henkil\u00f6tiedoista:<\/p>\n<p><strong> Henkil\u00f6tiedot <\/strong><strong> K\u00e4ytt\u00f6tarkoitus <\/strong>NAWTE -tiedot<br \/>\n(Nimi, osoite, kaupunki, puhelin, s\u00e4hk\u00f6posti) Sukupuoli Syntym\u00e4aika<\/p>\n<p>Sopimuksen tekeminen ja tekeminen kanssasi;<\/p>\n<p>Voidakseen l\u00e4hett\u00e4\u00e4 sinulle kirjeenvaihtoa ja\/tai uutiskirjeit\u00e4;<\/p>\n<p>Voidakseen ottaa sinuun yhteytt\u00e4 vastauksena kysymykseen, kommenttiin tai valitukseen;<\/p>\n<p>Voidaksemme kertoa sinulle palveluidemme ja tuotteidemme muutoksista;<\/p>\n<p>Voidaksemme k\u00e4sitell\u00e4 pyynt\u00f6si; Hakemuksesi k\u00e4sittely<\/p>\n<p>Maksutiedot (IBAN -numero, nimikirjaimet ja sukunimi)Maksujen suorittaminen<\/p>\n<p>Periaatteessa sinulla on aina mahdollisuus toimittaa meille henkil\u00f6tietosi. Haluamme kuitenkin huomauttaa, ett\u00e4 emme voi tehd\u00e4 sopimusta kanssasi ilman henkil\u00f6tietojasi. Asiakaspalvelumme ei my\u00f6sk\u00e4\u00e4n voi vastata joihinkin kysymyksiin k\u00e4sittelem\u00e4tt\u00e4 ensin henkil\u00f6tietojasi.<\/p>\n<p><strong> 4. Alaik\u00e4iset <\/strong><br \/>\nVerkkosivustomme ei aio ker\u00e4t\u00e4 henkil\u00f6tietoja alle 16 -vuotiaista sivuston k\u00e4vij\u00f6ist\u00e4. Ellei heill\u00e4 ole vanhempien tai huoltajien lupaa. Emme kuitenkaan voi tarkistaa, onko k\u00e4vij\u00e4 yli 16 -vuotias. Siksi kehotamme vanhempia osallistumaan lastensa verkkotoimintaan, jotta estet\u00e4\u00e4n lapsia koskevien tietojen ker\u00e4\u00e4minen ilman vanhempien suostumusta. Jos olet vakuuttunut siit\u00e4, ett\u00e4 olemme ker\u00e4nneet henkil\u00f6tietoja alaik\u00e4isest\u00e4 ilman t\u00e4t\u00e4 lupaa, ota meihin yhteytt\u00e4 osoitteeseen info@sofine.eu ja poistamme n\u00e4m\u00e4 tiedot.<\/p>\n<p><strong> 5. Turvatoimet <\/strong><br \/>\nSoFine on toteuttanut teknisi\u00e4 ja organisatorisia turvatoimenpiteit\u00e4 suojatakseen henkil\u00f6tietosi erityisesti katoamiselta, manipuloinnilta tai luvattomalta k\u00e4yt\u00f6lt\u00e4. Mukaamme s\u00e4\u00e4nn\u00f6llisesti turvatoimenpiteit\u00e4mme. Huomautamme kuitenkin, ett\u00e4 Internetin kautta tapahtuvaan tiedonsiirtoon liittyy tietoturvariskej\u00e4, joten emme voi taata t\u00e4ydellist\u00e4 suojaa kolmansien osapuolten p\u00e4\u00e4sy\u00e4 vastaan. Jos sinusta tuntuu, ett\u00e4 tietojasi ei ole suojattu kunnolla tai jos on viitteit\u00e4 v\u00e4\u00e4rink\u00e4yt\u00f6st\u00e4, ota yhteytt\u00e4 asiakaspalveluumme tai osoitteeseen info@sofine.eu.<\/p>\n<p><strong> 6. Kuinka kauan s\u00e4ilyt\u00e4mme henkil\u00f6tietoja <\/strong><br \/>\nSoFine ei s\u00e4ilyt\u00e4 henkil\u00f6tietojasi pidemp\u00e4\u00e4n kuin on tarpeen edell\u00e4 mainittujen tavoitteiden saavuttamiseksi ja\/tai lakis\u00e4\u00e4teisten velvoitteiden t\u00e4ytt\u00e4miseksi. S\u00e4ilyt\u00e4mme henkil\u00f6tietojasi niin kauan kuin esimerkiksi asiakassuhde kest\u00e4\u00e4, niin kauan kuin taloudellisia velvoitteita ei ole viel\u00e4 suoritettu, ja\/tai niin kauan kuin on tarpeen (lakis\u00e4\u00e4teisten) s\u00e4ilytysaikojen mukaisesti.<\/p>\n<p><strong> 7. Hyperlinkit <\/strong><br \/>\nVerkkosivusto voi sis\u00e4lt\u00e4\u00e4 hyperlinkkej\u00e4 kolmansien osapuolten verkkosivustoille. SoFine ei vaikuta n\u00e4ihin verkkosivustoihin. Suosittelemme, ett\u00e4 tutustut asianomaisen verkkosivuston tarjoajan tietosuojalausuntoon saadaksesi lis\u00e4tietoja k\u00e4sitelt\u00e4vien henkil\u00f6tietojen tarkoituksesta ja laajuudesta, oikeuksistasi ja mahdollisista asetuksista yksityisyyden suojaamiseksi. Emme ole vastuussa ja\/tai vastuussa n\u00e4iden verkkosivustojen sis\u00e4ll\u00f6st\u00e4 tai tavasta, jolla n\u00e4m\u00e4 verkkosivustojen tarjoajat k\u00e4sittelev\u00e4t henkil\u00f6tietojasi.<\/p>\n<p><strong> 8. Henkil\u00f6tietojen jakaminen kolmansien osapuolten kanssa <\/strong><br \/>\nSoFine k\u00e4sittelee vain henkil\u00f6tietojasi[\/vc_column_text][\/vc_column][\/vc_row]<\/p>\n<\/div>","protected":false},"excerpt":{"rendered":"<p>[vc_row][vc_column][vc_column_text] Tietosuoja- ja ev\u00e4stelausunto 1. Tietoja SoFine sta SoFine Foods B.V. (j\u00e4ljemp\u00e4n\u00e4 &#8221;SoFine&#8221;, &#8221;me&#8221;, &#8221;me&#8221;), joka sijaitsee osoitteessa Sperwerweg 9, 6374 AG Landgraaf, on vastuussa henkil\u00f6tietojen k\u00e4sittelyst\u00e4, joka esitet\u00e4\u00e4n t\u00e4ss\u00e4 tietosuoja- ja ev\u00e4stek\u00e4yt\u00e4nn\u00f6ss\u00e4 (j\u00e4ljemp\u00e4n\u00e4 &#8221;tietosuojalausunto&#8221;). T\u00e4t\u00e4 tietosuojalausuntoa koskevat kysymykset voidaan l\u00e4hett\u00e4\u00e4 osoitteeseen info@sofine.eu tai numeroon 045 569 7940 t\u00e4m\u00e4n sivun alareunassa olevilla yhteystiedoilla. 2. T\u00e4m\u00e4&hellip;<\/p>\n","protected":false},"author":1,"featured_media":0,"parent":0,"menu_order":0,"comment_status":"closed","ping_status":"closed","template":"","meta":{"footnotes":""},"class_list":["post-5592","page","type-page","status-publish","hentry","description-off"],"yoast_head":"<!-- This site is optimized with the Yoast SEO Premium plugin v25.1 (Yoast SEO v27.4) - https:\/\/yoast.com\/product\/yoast-seo-premium-wordpress\/ -->\n<title>Tietosuojak\u00e4yt\u00e4nt\u00f6 - Sofine FI<\/title>\n<meta name=\"robots\" content=\"index, follow, max-snippet:-1, max-image-preview:large, max-video-preview:-1\" \/>\n<link rel=\"canonical\" href=\"https:\/\/www.sofine.eu\/fi\/tietosuojakaytanto\/\" \/>\n<meta property=\"og:locale\" content=\"fi_FI\" \/>\n<meta property=\"og:type\" content=\"article\" \/>\n<meta property=\"og:title\" content=\"Tietosuojak\u00e4yt\u00e4nt\u00f6\" \/>\n<meta property=\"og:description\" content=\"Tietosuoja- ja ev\u00e4stelausunto 1. Tietoja SoFine sta SoFine Foods B.V. (j\u00e4ljemp\u00e4n\u00e4 &quot;SoFine&quot;, &quot;me&quot;, &quot;me&quot;), joka sijaitsee osoitteessa Sperwerweg 9, 6374 AG\" \/>\n<meta property=\"og:url\" content=\"https:\/\/www.sofine.eu\/fi\/tietosuojakaytanto\/\" \/>\n<meta property=\"og:site_name\" content=\"Sofine FI\" \/>\n<meta property=\"article:modified_time\" content=\"2021-11-02T14:06:09+00:00\" \/>\n<meta name=\"twitter:card\" content=\"summary_large_image\" \/>\n<meta name=\"twitter:label1\" content=\"Arvioitu lukuaika\" \/>\n\t<meta name=\"twitter:data1\" content=\"2 minuuttia\" \/>\n<script type=\"application\/ld+json\" class=\"yoast-schema-graph\">{\"@context\":\"https:\\\/\\\/schema.org\",\"@graph\":[{\"@type\":\"WebPage\",\"@id\":\"https:\\\/\\\/www.sofine.eu\\\/fi\\\/tietosuojakaytanto\\\/\",\"url\":\"https:\\\/\\\/www.sofine.eu\\\/fi\\\/tietosuojakaytanto\\\/\",\"name\":\"Tietosuojak\u00e4yt\u00e4nt\u00f6 - Sofine FI\",\"isPartOf\":{\"@id\":\"https:\\\/\\\/www.sofine.eu\\\/fi\\\/#website\"},\"datePublished\":\"2018-05-17T16:30:44+00:00\",\"dateModified\":\"2021-11-02T14:06:09+00:00\",\"breadcrumb\":{\"@id\":\"https:\\\/\\\/www.sofine.eu\\\/fi\\\/tietosuojakaytanto\\\/#breadcrumb\"},\"inLanguage\":\"fi\",\"potentialAction\":[{\"@type\":\"ReadAction\",\"target\":[\"https:\\\/\\\/www.sofine.eu\\\/fi\\\/tietosuojakaytanto\\\/\"]}]},{\"@type\":\"BreadcrumbList\",\"@id\":\"https:\\\/\\\/www.sofine.eu\\\/fi\\\/tietosuojakaytanto\\\/#breadcrumb\",\"itemListElement\":[{\"@type\":\"ListItem\",\"position\":1,\"name\":\"Home\",\"item\":\"https:\\\/\\\/www.sofine.eu\\\/fi\\\/\"},{\"@type\":\"ListItem\",\"position\":2,\"name\":\"Tietosuojak\u00e4yt\u00e4nt\u00f6\"}]},{\"@type\":\"WebSite\",\"@id\":\"https:\\\/\\\/www.sofine.eu\\\/fi\\\/#website\",\"url\":\"https:\\\/\\\/www.sofine.eu\\\/fi\\\/\",\"name\":\"Sofine FI\",\"description\":\"The friendly food!\",\"publisher\":{\"@id\":\"https:\\\/\\\/www.sofine.eu\\\/fi\\\/#organization\"},\"potentialAction\":[{\"@type\":\"SearchAction\",\"target\":{\"@type\":\"EntryPoint\",\"urlTemplate\":\"https:\\\/\\\/www.sofine.eu\\\/fi\\\/?s={search_term_string}\"},\"query-input\":{\"@type\":\"PropertyValueSpecification\",\"valueRequired\":true,\"valueName\":\"search_term_string\"}}],\"inLanguage\":\"fi\"},{\"@type\":\"Organization\",\"@id\":\"https:\\\/\\\/www.sofine.eu\\\/fi\\\/#organization\",\"name\":\"Sofine\",\"url\":\"https:\\\/\\\/www.sofine.eu\\\/fi\\\/\",\"logo\":{\"@type\":\"ImageObject\",\"inLanguage\":\"fi\",\"@id\":\"https:\\\/\\\/www.sofine.eu\\\/fi\\\/#\\\/schema\\\/logo\\\/image\\\/\",\"url\":\"https:\\\/\\\/www.sofine.eu\\\/fi\\\/wp-content\\\/uploads\\\/sites\\\/5\\\/2021\\\/10\\\/LOGO_SoFine_baseline_blue_250.png\",\"contentUrl\":\"https:\\\/\\\/www.sofine.eu\\\/fi\\\/wp-content\\\/uploads\\\/sites\\\/5\\\/2021\\\/10\\\/LOGO_SoFine_baseline_blue_250.png\",\"width\":250,\"height\":65,\"caption\":\"Sofine\"},\"image\":{\"@id\":\"https:\\\/\\\/www.sofine.eu\\\/fi\\\/#\\\/schema\\\/logo\\\/image\\\/\"}}]}<\/script>\n<!-- \/ Yoast SEO Premium plugin. -->","yoast_head_json":{"title":"Tietosuojak\u00e4yt\u00e4nt\u00f6 - Sofine FI","robots":{"index":"index","follow":"follow","max-snippet":"max-snippet:-1","max-image-preview":"max-image-preview:large","max-video-preview":"max-video-preview:-1"},"canonical":"https:\/\/www.sofine.eu\/fi\/tietosuojakaytanto\/","og_locale":"fi_FI","og_type":"article","og_title":"Tietosuojak\u00e4yt\u00e4nt\u00f6","og_description":"Tietosuoja- ja ev\u00e4stelausunto 1. Tietoja SoFine sta SoFine Foods B.V. (j\u00e4ljemp\u00e4n\u00e4 \"SoFine\", \"me\", \"me\"), joka sijaitsee osoitteessa Sperwerweg 9, 6374 AG","og_url":"https:\/\/www.sofine.eu\/fi\/tietosuojakaytanto\/","og_site_name":"Sofine FI","article_modified_time":"2021-11-02T14:06:09+00:00","twitter_card":"summary_large_image","twitter_misc":{"Arvioitu lukuaika":"2 minuuttia"},"schema":{"@context":"https:\/\/schema.org","@graph":[{"@type":"WebPage","@id":"https:\/\/www.sofine.eu\/fi\/tietosuojakaytanto\/","url":"https:\/\/www.sofine.eu\/fi\/tietosuojakaytanto\/","name":"Tietosuojak\u00e4yt\u00e4nt\u00f6 - Sofine FI","isPartOf":{"@id":"https:\/\/www.sofine.eu\/fi\/#website"},"datePublished":"2018-05-17T16:30:44+00:00","dateModified":"2021-11-02T14:06:09+00:00","breadcrumb":{"@id":"https:\/\/www.sofine.eu\/fi\/tietosuojakaytanto\/#breadcrumb"},"inLanguage":"fi","potentialAction":[{"@type":"ReadAction","target":["https:\/\/www.sofine.eu\/fi\/tietosuojakaytanto\/"]}]},{"@type":"BreadcrumbList","@id":"https:\/\/www.sofine.eu\/fi\/tietosuojakaytanto\/#breadcrumb","itemListElement":[{"@type":"ListItem","position":1,"name":"Home","item":"https:\/\/www.sofine.eu\/fi\/"},{"@type":"ListItem","position":2,"name":"Tietosuojak\u00e4yt\u00e4nt\u00f6"}]},{"@type":"WebSite","@id":"https:\/\/www.sofine.eu\/fi\/#website","url":"https:\/\/www.sofine.eu\/fi\/","name":"Sofine FI","description":"The friendly food!","publisher":{"@id":"https:\/\/www.sofine.eu\/fi\/#organization"},"potentialAction":[{"@type":"SearchAction","target":{"@type":"EntryPoint","urlTemplate":"https:\/\/www.sofine.eu\/fi\/?s={search_term_string}"},"query-input":{"@type":"PropertyValueSpecification","valueRequired":true,"valueName":"search_term_string"}}],"inLanguage":"fi"},{"@type":"Organization","@id":"https:\/\/www.sofine.eu\/fi\/#organization","name":"Sofine","url":"https:\/\/www.sofine.eu\/fi\/","logo":{"@type":"ImageObject","inLanguage":"fi","@id":"https:\/\/www.sofine.eu\/fi\/#\/schema\/logo\/image\/","url":"https:\/\/www.sofine.eu\/fi\/wp-content\/uploads\/sites\/5\/2021\/10\/LOGO_SoFine_baseline_blue_250.png","contentUrl":"https:\/\/www.sofine.eu\/fi\/wp-content\/uploads\/sites\/5\/2021\/10\/LOGO_SoFine_baseline_blue_250.png","width":250,"height":65,"caption":"Sofine"},"image":{"@id":"https:\/\/www.sofine.eu\/fi\/#\/schema\/logo\/image\/"}}]}},"_links":{"self":[{"href":"https:\/\/www.sofine.eu\/fi\/wp-json\/wp\/v2\/pages\/5592","targetHints":{"allow":["GET"]}}],"collection":[{"href":"https:\/\/www.sofine.eu\/fi\/wp-json\/wp\/v2\/pages"}],"about":[{"href":"https:\/\/www.sofine.eu\/fi\/wp-json\/wp\/v2\/types\/page"}],"author":[{"embeddable":true,"href":"https:\/\/www.sofine.eu\/fi\/wp-json\/wp\/v2\/users\/1"}],"replies":[{"embeddable":true,"href":"https:\/\/www.sofine.eu\/fi\/wp-json\/wp\/v2\/comments?post=5592"}],"version-history":[{"count":4,"href":"https:\/\/www.sofine.eu\/fi\/wp-json\/wp\/v2\/pages\/5592\/revisions"}],"predecessor-version":[{"id":13506,"href":"https:\/\/www.sofine.eu\/fi\/wp-json\/wp\/v2\/pages\/5592\/revisions\/13506"}],"wp:attachment":[{"href":"https:\/\/www.sofine.eu\/fi\/wp-json\/wp\/v2\/media?parent=5592"}],"curies":[{"name":"wp","href":"https:\/\/api.w.org\/{rel}","templated":true}]}}