{"id":60,"date":"2017-01-30T13:48:39","date_gmt":"2017-01-30T12:48:39","guid":{"rendered":"http:\/\/www.sofine.eu\/publicaties-copy\/"},"modified":"2021-11-02T15:11:55","modified_gmt":"2021-11-02T14:11:55","slug":"vastuuvapauslauseke","status":"publish","type":"page","link":"https:\/\/www.sofine.eu\/fi\/vastuuvapauslauseke\/","title":{"rendered":"Vastuuvapauslauseke"},"content":{"rendered":"<div class=\"wpb-content-wrapper\"><p>[vc_row][vc_column][vc_column_text]<\/p>\n<ul>\n<li>Omistaja on koonnut sis\u00e4ll\u00f6n mahdollisimman huolellisesti, mutta omistaja ei ole vastuussa mahdollisista ep\u00e4tarkkuuksista.<\/li>\n<li>Omistaja ei ole vastuussa t\u00e4h\u00e4n sivustoon linkitettyjen tiedostojen ja\/tai mainittujen verkkosivustojen sis\u00e4ll\u00f6st\u00e4.<\/li>\n<li>Sis\u00e4ll\u00f6n tai sen osien luvaton tai ep\u00e4asianmukainen k\u00e4ytt\u00f6 loukkaa immateriaalioikeuksia<\/li>\n<li>Lupaa k\u00e4ytt\u00e4\u00e4 n\u00e4ytetty\u00e4 sis\u00e4lt\u00f6\u00e4 tai sen osia julkisesti saatavilla olevissa paikoissa on pyydett\u00e4v\u00e4 meilt\u00e4 kirjallisesti<\/li>\n<\/ul>\n<p>[\/vc_column_text][\/vc_column][\/vc_row]<\/p>\n<\/div>","protected":false},"excerpt":{"rendered":"<p>[vc_row][vc_column][vc_column_text] Omistaja on koonnut sis\u00e4ll\u00f6n mahdollisimman huolellisesti, mutta omistaja ei ole vastuussa mahdollisista ep\u00e4tarkkuuksista. Omistaja ei ole vastuussa t\u00e4h\u00e4n sivustoon linkitettyjen tiedostojen ja\/tai mainittujen verkkosivustojen sis\u00e4ll\u00f6st\u00e4. Sis\u00e4ll\u00f6n tai sen osien luvaton tai ep\u00e4asianmukainen k\u00e4ytt\u00f6 loukkaa immateriaalioikeuksia Lupaa k\u00e4ytt\u00e4\u00e4 n\u00e4ytetty\u00e4 sis\u00e4lt\u00f6\u00e4 tai sen osia julkisesti saatavilla olevissa paikoissa on pyydett\u00e4v\u00e4 meilt\u00e4 kirjallisesti [\/vc_column_text][\/vc_column][\/vc_row]<\/p>\n","protected":false},"author":1,"featured_media":0,"parent":0,"menu_order":0,"comment_status":"closed","ping_status":"closed","template":"","meta":{"footnotes":""},"class_list":["post-60","page","type-page","status-publish","hentry","description-off"],"yoast_head":"<!-- This site is optimized with the Yoast SEO Premium plugin v25.1 (Yoast SEO v27.5) - https:\/\/yoast.com\/product\/yoast-seo-premium-wordpress\/ -->\n<title>Vastuuvapauslauseke - Sofine FI<\/title>\n<meta name=\"description\" content=\"Disclaimer: content is door de eigenaar met zorg samengesteld maar is niet aansprakelijk voor mogelijke onjuistheden van het getoonde. Oneigenlijk gebruik van de content of delen daarvan maken inbreuk op intellectuele rechten.\" \/>\n<meta name=\"robots\" content=\"index, nofollow, max-snippet:-1, max-image-preview:large, max-video-preview:-1\" \/>\n<link rel=\"canonical\" href=\"https:\/\/www.sofine.eu\/fi\/vastuuvapauslauseke\/\" \/>\n<meta property=\"og:locale\" content=\"fi_FI\" \/>\n<meta property=\"og:type\" content=\"article\" \/>\n<meta property=\"og:title\" content=\"Vastuuvapauslauseke\" \/>\n<meta property=\"og:description\" content=\"Omistaja on koonnut sis\u00e4ll\u00f6n mahdollisimman huolellisesti, mutta omistaja ei ole vastuussa mahdollisista ep\u00e4tarkkuuksista. Omistaja ei ole vastuussa t\u00e4h\u00e4n\" \/>\n<meta property=\"og:url\" content=\"https:\/\/www.sofine.eu\/fi\/vastuuvapauslauseke\/\" \/>\n<meta property=\"og:site_name\" content=\"Sofine FI\" \/>\n<meta property=\"article:modified_time\" content=\"2021-11-02T14:11:55+00:00\" \/>\n<meta name=\"twitter:card\" content=\"summary_large_image\" \/>\n<meta name=\"twitter:label1\" content=\"Arvioitu lukuaika\" \/>\n\t<meta name=\"twitter:data1\" content=\"1 minuutti\" \/>\n<script type=\"application\/ld+json\" class=\"yoast-schema-graph\">{\"@context\":\"https:\\\/\\\/schema.org\",\"@graph\":[{\"@type\":\"WebPage\",\"@id\":\"https:\\\/\\\/www.sofine.eu\\\/fi\\\/vastuuvapauslauseke\\\/\",\"url\":\"https:\\\/\\\/www.sofine.eu\\\/fi\\\/vastuuvapauslauseke\\\/\",\"name\":\"Vastuuvapauslauseke - Sofine FI\",\"isPartOf\":{\"@id\":\"https:\\\/\\\/www.sofine.eu\\\/fi\\\/#website\"},\"datePublished\":\"2017-01-30T12:48:39+00:00\",\"dateModified\":\"2021-11-02T14:11:55+00:00\",\"description\":\"Disclaimer: content is door de eigenaar met zorg samengesteld maar is niet aansprakelijk voor mogelijke onjuistheden van het getoonde. Oneigenlijk gebruik van de content of delen daarvan maken inbreuk op intellectuele rechten.\",\"breadcrumb\":{\"@id\":\"https:\\\/\\\/www.sofine.eu\\\/fi\\\/vastuuvapauslauseke\\\/#breadcrumb\"},\"inLanguage\":\"fi\",\"potentialAction\":[{\"@type\":\"ReadAction\",\"target\":[\"https:\\\/\\\/www.sofine.eu\\\/fi\\\/vastuuvapauslauseke\\\/\"]}]},{\"@type\":\"BreadcrumbList\",\"@id\":\"https:\\\/\\\/www.sofine.eu\\\/fi\\\/vastuuvapauslauseke\\\/#breadcrumb\",\"itemListElement\":[{\"@type\":\"ListItem\",\"position\":1,\"name\":\"Home\",\"item\":\"https:\\\/\\\/www.sofine.eu\\\/fi\\\/\"},{\"@type\":\"ListItem\",\"position\":2,\"name\":\"Vastuuvapauslauseke\"}]},{\"@type\":\"WebSite\",\"@id\":\"https:\\\/\\\/www.sofine.eu\\\/fi\\\/#website\",\"url\":\"https:\\\/\\\/www.sofine.eu\\\/fi\\\/\",\"name\":\"Sofine FI\",\"description\":\"The friendly food!\",\"publisher\":{\"@id\":\"https:\\\/\\\/www.sofine.eu\\\/fi\\\/#organization\"},\"potentialAction\":[{\"@type\":\"SearchAction\",\"target\":{\"@type\":\"EntryPoint\",\"urlTemplate\":\"https:\\\/\\\/www.sofine.eu\\\/fi\\\/?s={search_term_string}\"},\"query-input\":{\"@type\":\"PropertyValueSpecification\",\"valueRequired\":true,\"valueName\":\"search_term_string\"}}],\"inLanguage\":\"fi\"},{\"@type\":\"Organization\",\"@id\":\"https:\\\/\\\/www.sofine.eu\\\/fi\\\/#organization\",\"name\":\"Sofine\",\"url\":\"https:\\\/\\\/www.sofine.eu\\\/fi\\\/\",\"logo\":{\"@type\":\"ImageObject\",\"inLanguage\":\"fi\",\"@id\":\"https:\\\/\\\/www.sofine.eu\\\/fi\\\/#\\\/schema\\\/logo\\\/image\\\/\",\"url\":\"https:\\\/\\\/www.sofine.eu\\\/fi\\\/wp-content\\\/uploads\\\/sites\\\/5\\\/2021\\\/10\\\/LOGO_SoFine_baseline_blue_250.png\",\"contentUrl\":\"https:\\\/\\\/www.sofine.eu\\\/fi\\\/wp-content\\\/uploads\\\/sites\\\/5\\\/2021\\\/10\\\/LOGO_SoFine_baseline_blue_250.png\",\"width\":250,\"height\":65,\"caption\":\"Sofine\"},\"image\":{\"@id\":\"https:\\\/\\\/www.sofine.eu\\\/fi\\\/#\\\/schema\\\/logo\\\/image\\\/\"}}]}<\/script>\n<!-- \/ Yoast SEO Premium plugin. -->","yoast_head_json":{"title":"Vastuuvapauslauseke - Sofine FI","description":"Disclaimer: content is door de eigenaar met zorg samengesteld maar is niet aansprakelijk voor mogelijke onjuistheden van het getoonde. Oneigenlijk gebruik van de content of delen daarvan maken inbreuk op intellectuele rechten.","robots":{"index":"index","follow":"nofollow","max-snippet":"max-snippet:-1","max-image-preview":"max-image-preview:large","max-video-preview":"max-video-preview:-1"},"canonical":"https:\/\/www.sofine.eu\/fi\/vastuuvapauslauseke\/","og_locale":"fi_FI","og_type":"article","og_title":"Vastuuvapauslauseke","og_description":"Omistaja on koonnut sis\u00e4ll\u00f6n mahdollisimman huolellisesti, mutta omistaja ei ole vastuussa mahdollisista ep\u00e4tarkkuuksista. Omistaja ei ole vastuussa t\u00e4h\u00e4n","og_url":"https:\/\/www.sofine.eu\/fi\/vastuuvapauslauseke\/","og_site_name":"Sofine FI","article_modified_time":"2021-11-02T14:11:55+00:00","twitter_card":"summary_large_image","twitter_misc":{"Arvioitu lukuaika":"1 minuutti"},"schema":{"@context":"https:\/\/schema.org","@graph":[{"@type":"WebPage","@id":"https:\/\/www.sofine.eu\/fi\/vastuuvapauslauseke\/","url":"https:\/\/www.sofine.eu\/fi\/vastuuvapauslauseke\/","name":"Vastuuvapauslauseke - Sofine FI","isPartOf":{"@id":"https:\/\/www.sofine.eu\/fi\/#website"},"datePublished":"2017-01-30T12:48:39+00:00","dateModified":"2021-11-02T14:11:55+00:00","description":"Disclaimer: content is door de eigenaar met zorg samengesteld maar is niet aansprakelijk voor mogelijke onjuistheden van het getoonde. Oneigenlijk gebruik van de content of delen daarvan maken inbreuk op intellectuele rechten.","breadcrumb":{"@id":"https:\/\/www.sofine.eu\/fi\/vastuuvapauslauseke\/#breadcrumb"},"inLanguage":"fi","potentialAction":[{"@type":"ReadAction","target":["https:\/\/www.sofine.eu\/fi\/vastuuvapauslauseke\/"]}]},{"@type":"BreadcrumbList","@id":"https:\/\/www.sofine.eu\/fi\/vastuuvapauslauseke\/#breadcrumb","itemListElement":[{"@type":"ListItem","position":1,"name":"Home","item":"https:\/\/www.sofine.eu\/fi\/"},{"@type":"ListItem","position":2,"name":"Vastuuvapauslauseke"}]},{"@type":"WebSite","@id":"https:\/\/www.sofine.eu\/fi\/#website","url":"https:\/\/www.sofine.eu\/fi\/","name":"Sofine FI","description":"The friendly food!","publisher":{"@id":"https:\/\/www.sofine.eu\/fi\/#organization"},"potentialAction":[{"@type":"SearchAction","target":{"@type":"EntryPoint","urlTemplate":"https:\/\/www.sofine.eu\/fi\/?s={search_term_string}"},"query-input":{"@type":"PropertyValueSpecification","valueRequired":true,"valueName":"search_term_string"}}],"inLanguage":"fi"},{"@type":"Organization","@id":"https:\/\/www.sofine.eu\/fi\/#organization","name":"Sofine","url":"https:\/\/www.sofine.eu\/fi\/","logo":{"@type":"ImageObject","inLanguage":"fi","@id":"https:\/\/www.sofine.eu\/fi\/#\/schema\/logo\/image\/","url":"https:\/\/www.sofine.eu\/fi\/wp-content\/uploads\/sites\/5\/2021\/10\/LOGO_SoFine_baseline_blue_250.png","contentUrl":"https:\/\/www.sofine.eu\/fi\/wp-content\/uploads\/sites\/5\/2021\/10\/LOGO_SoFine_baseline_blue_250.png","width":250,"height":65,"caption":"Sofine"},"image":{"@id":"https:\/\/www.sofine.eu\/fi\/#\/schema\/logo\/image\/"}}]}},"_links":{"self":[{"href":"https:\/\/www.sofine.eu\/fi\/wp-json\/wp\/v2\/pages\/60","targetHints":{"allow":["GET"]}}],"collection":[{"href":"https:\/\/www.sofine.eu\/fi\/wp-json\/wp\/v2\/pages"}],"about":[{"href":"https:\/\/www.sofine.eu\/fi\/wp-json\/wp\/v2\/types\/page"}],"author":[{"embeddable":true,"href":"https:\/\/www.sofine.eu\/fi\/wp-json\/wp\/v2\/users\/1"}],"replies":[{"embeddable":true,"href":"https:\/\/www.sofine.eu\/fi\/wp-json\/wp\/v2\/comments?post=60"}],"version-history":[{"count":2,"href":"https:\/\/www.sofine.eu\/fi\/wp-json\/wp\/v2\/pages\/60\/revisions"}],"predecessor-version":[{"id":13508,"href":"https:\/\/www.sofine.eu\/fi\/wp-json\/wp\/v2\/pages\/60\/revisions\/13508"}],"wp:attachment":[{"href":"https:\/\/www.sofine.eu\/fi\/wp-json\/wp\/v2\/media?parent=60"}],"curies":[{"name":"wp","href":"https:\/\/api.w.org\/{rel}","templated":true}]}}