{"id":13200,"date":"2021-09-08T10:34:54","date_gmt":"2021-09-08T08:34:54","guid":{"rendered":"http:\/\/sofine.haveatry.nl\/nl\/over-ons\/soja-copy\/"},"modified":"2023-01-10T15:38:06","modified_gmt":"2023-01-10T14:38:06","slug":"nutriscore","status":"publish","type":"page","link":"https:\/\/www.sofine.eu\/nl\/over-ons\/nutriscore\/","title":{"rendered":"Uitleg over Nutriscore"},"content":{"rendered":"<div class=\"wpb-content-wrapper\"><p>[vc_row][vc_column][vc_column_text]<\/p>\n<h3>Wat is Nutri-Score?<\/h3>\n<p><strong>WHAT&#8217;S NEW<\/strong><br \/>\nWe zijn wat we eten en daarom streven we er voortdurend naar om de voedingswaarde van onze producten te verbeteren. Wij geloven in transparantie en labelen onze verpakkingen met alle ingredi\u00ebnten en voedingswaarde informatie, zodat jezelf de best ge\u00efnformeerde keuzes kunt maken. In Belgi\u00eb is de Nutri-score al ingevoerd, daardoor vind je de Nutri-score ook terug op onze verpakkingen in Nederland.<\/p>\n<p><strong>Wat betekent Nutri-Score?<\/strong><br \/>\nNutri-Score\u00a0is een voedselkeuzelogo dat door middel van kleuren (groen tot en met rood) en letters (A tot en met E) een oordeel geeft over de voedingswaarde van een product. Nutri-Score is door onafhankelijke wetenschappers ontwikkeld in Frankrijk. Het is een logo dat vrijwillig gebruikt kan worden door de levensmiddelenindustrie.<br \/>\nVoor veel landen in Europa is Nutri-Score het gewenste voedselkeuzelogo en onlangs heeft de Nederlandse overheid ook haar voorkeur voor dit logo uitgesproken, in principe met ingang van medio 2021. Tot die tijd kun je het logo wel tegenkomen op verpakkingen van producten die naast Nederland in meerdere landen worden verkocht en op producten waar een pilot mee wordt gedaan, zoals bijvoorbeeld producten van Albert Heijn.<br \/>\nUit diverse studies is gebleken dat de Nutri-Score makkelijk te begrijpen is voor consumenten en dat het helpt om betere voedingskeuzes te maken.<\/p>\n<p><strong>Hoe wordt de Nutri-Score berekend?<\/strong><br \/>\nVoor het berekenen van de Nutri-Score wordt een product ingedeeld in 1 van de 4 categorie\u00ebn, namelijk voeding \/ dranken \/ kazen \/ vetten en oli\u00ebn. Op basis van een algoritme wordt er rekening gehouden met de hoeveelheid positieve voedingsstoffen en negatieve voedingsstoffen per 100 g of 100 ml van het product. Positieve voedingsstoffen, waarvan de consumptie gestimuleerd moet worden, zijn de hoeveelheid vezels, eiwitten, groenten, fruit, peulvruchten en noten. Calorie\u00ebn, suikers, verzadigde vetten en zout worden beschouwd als zogenoemde negatieve voedingsstoffen, waarvan het beter is de hoeveelheid die je ervan eet te beperken. De score van de positieve en negatieve voedingsstoffen samen vormen een bepaald getal. De hoogte van dit getal bepaalt welke letter de Nutri-Score zal zijn. A (donkergroen) is de meest gunstige score en E (rood) is de minst gunstige score.<\/p>\n<p><strong>Waarom is Nutri-Score belangrijk voor ons?<\/strong><br \/>\nProducenten zijn niet verplicht om de Nutri-Score op de verpakking van hun producten te zetten. Nestl\u00e9 kondigde onlangs aan Nutri-Score in te gaan voeren. Binnen Europa zullen meer dan zevenduizend Nestl\u00e9 producten van de Nutri-Score worden voorzien. Studies hebben aangetoond dat de Nutri-Score consumenten daadwerkelijk hulp biedt bij het doen van bewustere aankopen. Door het gebruik van dit nieuwe voedselkeuzelogo kunnen we jou als consument niet alleen meer transparantie bieden, maar je dus ook aanmoedigen om bewuster met je voeding om te gaan. \u00a0Bovendien blijft het ons stimuleren om onze producten te verbeteren.<\/p>\n<p><strong>Wat is Nutri-Score?<\/strong><br \/>\nNutri-Score is een voedselkeuzelogo. Een voedselkeuzelogo is een afbeelding op de voorkant van een verpakking van voedingsmiddelen. Een logo kan helpen om makkelijker te zien wat een gezondere keuze is. In Nederland mag Nutri-Score nog niet gebruikt worden.<br \/>\nDe Nederlandse overheid is van plan om Nutri-Score in Nederland in te voeren op voorwaarde dat het in lijn is met de Schijf van Vijf. Nutri-Score sluit nu namelijk nog niet aan bij de Nederlandse voedselvoorlichting. Dat kan verwarrend zijn.<br \/>\nJe kunt Nutri-Score nu wel al tegenkomen, bijvoorbeeld op voedingsmiddelen die in het buitenland zijn geproduceerd.<\/p>\n<p><strong>Wat houdt Nutri-Score eigenlijk in?<\/strong><br \/>\nNutri-Score is ontwikkeld in Frankrijk. Met dit logo zie je welke voedingsmiddelen binnen dezelfde productgroep een betere samenstelling heeft. Een productgroep is bijvoorbeeld brood, frisdrank of vlees.<br \/>\nOm de score te bepalen krijgen \u2018positieve\u2019 en \u2018negatieve\u2019 componenten punten. Positieve componenten zijn de hoeveelheid eiwit, groente, fruit, peulvruchten, noten en bepaalde oli\u00ebn. Deze worden afgetrokken van de punten voor \u2018negatieve\u2019 componenten, namelijk de hoeveelheid energie, verzadigd vet, suiker en zout. De uitkomst wordt vertaald naar een score met kleuren vari\u00ebrend van lichtgroen (A) tot donkeroranje (E).<\/p>\n<p><strong>Waarom sluit Nutri-Score niet aan bij de Schijf van Vijf?<\/strong><br \/>\nOnderzoek\u00a0onder andere door het Voedingscentrum en het RIVM laat zien dat Nutri-Score momenteel niet aansluit bij de Schijf van Vijf. Er zijn voedingsmiddelen die een A- of B-score krijgen maar niet in de Schijf van Vijf passen. Ook zijn er voedingsmiddelen die juist in de Schijf van Vijf vallen maar toch een Nutri-Score krijgen van C, D of E.<\/p>\n<p>Dit heeft een aantal oorzaken:<br \/>\nGezond en ongezond langs \u00e9\u00e9n meetlat<br \/>\nDe Schijf van Vijf is gebaseerd op de Richtlijnen Goede Voeding en de Voedingsnormen van de Gezondheidsraad. De Schijf van Vijf maakt eerst onderscheid tussen voedingsmiddelen die goed of minder goed voor de gezondheid zijn. Daarna wordt naar de voedingsstoffen gekeken. De gezondere voedingsmiddelen staan in de Schijf van Vijf. Dit zijn de voedingsmiddelen die je vooral zou moeten eten. De ongezondere voedingsmiddelen staan niet in de Schijf van Vijf.<br \/>\nNutri-Score kijkt naar de voedingsstoffen en losse ingredi\u00ebnten. Ze kijken niet naar het voedingsmiddel als geheel. Zo maken ze in hun methode geen verschil tussen gezonde en minder gezonde voedingsmiddelen. Dus bijvoorbeeld groente en koekjes houden ze langs dezelfde meetlat. Hierdoor kunnen voedingsmiddelen in vrijwel \u00e1lle productgroepen op een goede score uitkomen.<\/p>\n<p>Zo kunnen bijvoorbeeld sommige light-frisdranken, witte rijst, pizza of gezouten noten een groene A of B krijgen, terwijl deze niet in de Schijf van Vijf vallen. En voedingsmiddelen als plantaardige oli\u00ebn en 30+ kaas, die wel in de Schijf van Vijf vallen, krijgen een C-, D- of E-score.<\/p>\n<p>Compensatie is mogelijk<br \/>\nDoor de puntentelling van Nutri-Score leidt bijvoorbeeld een laag vezelgehalte niet per se tot een C-, D- of E-score. Andere componenten in de berekening, zoals bijvoorbeeld minder zout of meer eiwit, kunnen de score namelijk toch op A tof B laten uitkomen.<br \/>\nDe Schijf van Vijf doet dat anders: daarin kun je het negatieve niet opwegen tegen het positieve. Dus in de Schijf van Vijf kun je bijvoorbeeld weinig vezels niet goedmaken door er minder zout of meer eiwit in te stoppen.<\/p>\n<p><strong>Helpt Nutri-Score de consument?<\/strong><br \/>\nIn opdracht van VWS is een consumentenonderzoek uitgevoerd naar 3 voedselkeuzelogo\u2019s. Hieruit blijkt dat consumenten met Nutri-Score beter in staat zijn om producten aan te wijzen die \u2013 volgens de berekening van het logo \u2013 de gezondere keuze zijn.<br \/>\nUit het onderzoek blijkt verder dat consumenten het verwarrend vinden als de boodschap van het logo niet overeenkomt met de Schijf van Vijf. De bewijzen dat mensen zich bij het boodschappen doen door een voedselkeuzelogo laten leiden in hun keuzes en daardoor echt gezonder gaan eten, zijn zwak en niet eenduidig.<\/p>\n<p><strong>Wat is de toekomst van Nutri-Score in Nederland?<\/strong><br \/>\nOm Nutri-Score aan te laten sluiten bij de Nederlandse voedingsvoorlichting zijn dus aanpassingen nodig. Doen we dat niet, dan gaan er 2 gezondheidsboodschappen door elkaar lopen. Dan kan bijvoorbeeld een product een A-score krijgen, maar niet in de Schijf van Vijf staan. Dat kan tot verwarring leiden.<br \/>\nEen groep wetenschappers uit verschillende landen is aan de slag om de rekenmethode van Nutri-Score te evalueren en mogelijk aan te passen. Vanaf januari 2021 is een Stuurgroep actief die het gebruik van Nutri-Score in verschillende deelnemende landen makkelijker moet maken. En een internationale wetenschappelijke commissie is aan de slag om het algoritme van Nutri-Score te evalueren en eventueel aanpassingen voor te stellen.<br \/>\nDe verwachting is dat er in 2021 meer duidelijk is en dat Nutri-Score dan kan worden ingevoerd in Nederland. Het ministerie van VWS heeft de regie en beslist hierover.<br \/>\nWettelijk gezien kan de Nederlandse overheid een logo niet verplichten. Dit heeft te maken met de handelsvrijheid van de landen in de EU. Het kan in de toekomst wel verplicht worden als alle Europese landen kiezen voor het logo. Zo ver is het echter nog niet.<\/p>\n<p><strong>Wat vindt het Voedingscentrum van Nutri-Score?<\/strong><br \/>\nHet Voedingscentrum denkt dat Nutri-Score kan helpen gezonder te kiezen, mits het logo aansluit op de Nederlandse voedingsrichtlijnen. Het moet duidelijk zijn dat voedingsmiddelen uit de Schijf van Vijf de meeste gezonde keuze zijn. Mensen moeten het logo begrijpen.<br \/>\nWe vinden het verder noodzakelijk dat alle producenten en supermarkten meedoen, zodat het logo overal opkomt en het consumenten informeert over alle producten die zij tegenkomen.<br \/>\nWij zien een voedselkeuzelogo als \u00e9\u00e9n mogelijke maatregel die kan helpen om mensen gezonder te laten kiezen. Ook andere maatregelen, zoals prijsmaatregelen, het vergroten van het gezonde aanbod in de eetomgeving en voedselonderwijs kunnen een belangrijke rol spelen in het gezonder maken van het voedingspatroon van meer mensen. Een integrale aanpak is daarom nodig.<br \/>\nBron = <a href=\"https:\/\/www.voedingscentrum.nl\/nl\/service\/vraag-en-antwoord\/eten-kopen-en-keurmerken\/wat-is-nutri-score-.aspx\">https:\/\/www.voedingscentrum.nl\/nl\/service\/vraag-en-antwoord\/eten-kopen-en-keurmerken\/wat-is-nutri-score-.aspx<\/a><\/p>\n<div class=\"notranslate\" style=\"all: initial;\"><\/div>\n<p>[\/vc_column_text][\/vc_column][\/vc_row]<\/p>\n<\/div>","protected":false},"excerpt":{"rendered":"<p>[vc_row][vc_column][vc_column_text] Wat is Nutri-Score? WHAT&#8217;S NEW We zijn wat we eten en daarom streven we er voortdurend naar om de voedingswaarde van onze producten te verbeteren. Wij geloven in transparantie en labelen onze verpakkingen met alle ingredi\u00ebnten en voedingswaarde informatie, zodat jezelf de best ge\u00efnformeerde keuzes kunt maken. In Belgi\u00eb is de Nutri-score al ingevoerd,&hellip;<\/p>\n","protected":false},"author":1,"featured_media":0,"parent":12899,"menu_order":0,"comment_status":"closed","ping_status":"closed","template":"","meta":{"footnotes":""},"class_list":["post-13200","page","type-page","status-publish","hentry","description-off"],"yoast_head":"<!-- This site is optimized with the Yoast SEO Premium plugin v25.1 (Yoast SEO v27.4) - https:\/\/yoast.com\/product\/yoast-seo-premium-wordpress\/ -->\n<title>Uitleg over Nutriscore - SoFine NL<\/title>\n<meta name=\"robots\" content=\"index, follow, max-snippet:-1, max-image-preview:large, max-video-preview:-1\" \/>\n<link rel=\"canonical\" href=\"https:\/\/www.sofine.eu\/nl\/over-ons\/nutriscore\/\" \/>\n<meta property=\"og:locale\" content=\"nl_NL\" \/>\n<meta property=\"og:type\" content=\"article\" \/>\n<meta property=\"og:title\" content=\"Uitleg over Nutriscore\" \/>\n<meta property=\"og:description\" content=\"Wat is Nutri-Score? WHAT&#039;S NEW We zijn wat we eten en daarom streven we er voortdurend naar om de voedingswaarde van onze producten te verbeteren. Wij\" \/>\n<meta property=\"og:url\" content=\"https:\/\/www.sofine.eu\/nl\/over-ons\/nutriscore\/\" \/>\n<meta property=\"og:site_name\" content=\"SoFine NL\" \/>\n<meta property=\"article:publisher\" content=\"https:\/\/www.facebook.com\/SoFineNederland\/\" \/>\n<meta property=\"article:modified_time\" content=\"2023-01-10T14:38:06+00:00\" \/>\n<meta property=\"og:image\" content=\"https:\/\/www.sofine.eu\/nl\/wp-content\/uploads\/sites\/2\/2022\/01\/LOGO_SoFine_leaf.png\" \/>\n\t<meta property=\"og:image:width\" content=\"250\" \/>\n\t<meta property=\"og:image:height\" content=\"224\" \/>\n\t<meta property=\"og:image:type\" content=\"image\/png\" \/>\n<meta name=\"twitter:card\" content=\"summary_large_image\" \/>\n<meta name=\"twitter:label1\" content=\"Geschatte leestijd\" \/>\n\t<meta name=\"twitter:data1\" content=\"7 minuten\" \/>\n<script type=\"application\/ld+json\" class=\"yoast-schema-graph\">{\"@context\":\"https:\\\/\\\/schema.org\",\"@graph\":[{\"@type\":\"WebPage\",\"@id\":\"https:\\\/\\\/www.sofine.eu\\\/nl\\\/over-ons\\\/nutriscore\\\/\",\"url\":\"https:\\\/\\\/www.sofine.eu\\\/nl\\\/over-ons\\\/nutriscore\\\/\",\"name\":\"Uitleg over Nutriscore - SoFine NL\",\"isPartOf\":{\"@id\":\"https:\\\/\\\/www.sofine.eu\\\/nl\\\/#website\"},\"datePublished\":\"2021-09-08T08:34:54+00:00\",\"dateModified\":\"2023-01-10T14:38:06+00:00\",\"breadcrumb\":{\"@id\":\"https:\\\/\\\/www.sofine.eu\\\/nl\\\/over-ons\\\/nutriscore\\\/#breadcrumb\"},\"inLanguage\":\"nl-NL\",\"potentialAction\":[{\"@type\":\"ReadAction\",\"target\":[\"https:\\\/\\\/www.sofine.eu\\\/nl\\\/over-ons\\\/nutriscore\\\/\"]}]},{\"@type\":\"BreadcrumbList\",\"@id\":\"https:\\\/\\\/www.sofine.eu\\\/nl\\\/over-ons\\\/nutriscore\\\/#breadcrumb\",\"itemListElement\":[{\"@type\":\"ListItem\",\"position\":1,\"name\":\"Home\",\"item\":\"https:\\\/\\\/www.sofine.eu\\\/nl\\\/\"},{\"@type\":\"ListItem\",\"position\":2,\"name\":\"Over SoFine\",\"item\":\"https:\\\/\\\/www.sofine.eu\\\/nl\\\/over-ons\\\/\"},{\"@type\":\"ListItem\",\"position\":3,\"name\":\"Uitleg over Nutriscore\"}]},{\"@type\":\"WebSite\",\"@id\":\"https:\\\/\\\/www.sofine.eu\\\/nl\\\/#website\",\"url\":\"https:\\\/\\\/www.sofine.eu\\\/nl\\\/\",\"name\":\"SoFine NL\",\"description\":\"The friendly food!\",\"publisher\":{\"@id\":\"https:\\\/\\\/www.sofine.eu\\\/nl\\\/#organization\"},\"potentialAction\":[{\"@type\":\"SearchAction\",\"target\":{\"@type\":\"EntryPoint\",\"urlTemplate\":\"https:\\\/\\\/www.sofine.eu\\\/nl\\\/?s={search_term_string}\"},\"query-input\":{\"@type\":\"PropertyValueSpecification\",\"valueRequired\":true,\"valueName\":\"search_term_string\"}}],\"inLanguage\":\"nl-NL\"},{\"@type\":\"Organization\",\"@id\":\"https:\\\/\\\/www.sofine.eu\\\/nl\\\/#organization\",\"name\":\"Sofine\",\"url\":\"https:\\\/\\\/www.sofine.eu\\\/nl\\\/\",\"logo\":{\"@type\":\"ImageObject\",\"inLanguage\":\"nl-NL\",\"@id\":\"https:\\\/\\\/www.sofine.eu\\\/nl\\\/#\\\/schema\\\/logo\\\/image\\\/\",\"url\":\"https:\\\/\\\/www.sofine.eu\\\/nl\\\/wp-content\\\/uploads\\\/sites\\\/2\\\/2021\\\/07\\\/LOGO_SoFine_baseline_blue_500.png\",\"contentUrl\":\"https:\\\/\\\/www.sofine.eu\\\/nl\\\/wp-content\\\/uploads\\\/sites\\\/2\\\/2021\\\/07\\\/LOGO_SoFine_baseline_blue_500.png\",\"width\":500,\"height\":131,\"caption\":\"Sofine\"},\"image\":{\"@id\":\"https:\\\/\\\/www.sofine.eu\\\/nl\\\/#\\\/schema\\\/logo\\\/image\\\/\"},\"sameAs\":[\"https:\\\/\\\/www.facebook.com\\\/SoFineNederland\\\/\",\"https:\\\/\\\/www.instagram.com\\\/SoFine.Nederland\\\/\"]}]}<\/script>\n<!-- \/ Yoast SEO Premium plugin. -->","yoast_head_json":{"title":"Uitleg over Nutriscore - SoFine NL","robots":{"index":"index","follow":"follow","max-snippet":"max-snippet:-1","max-image-preview":"max-image-preview:large","max-video-preview":"max-video-preview:-1"},"canonical":"https:\/\/www.sofine.eu\/nl\/over-ons\/nutriscore\/","og_locale":"nl_NL","og_type":"article","og_title":"Uitleg over Nutriscore","og_description":"Wat is Nutri-Score? WHAT'S NEW We zijn wat we eten en daarom streven we er voortdurend naar om de voedingswaarde van onze producten te verbeteren. Wij","og_url":"https:\/\/www.sofine.eu\/nl\/over-ons\/nutriscore\/","og_site_name":"SoFine NL","article_publisher":"https:\/\/www.facebook.com\/SoFineNederland\/","article_modified_time":"2023-01-10T14:38:06+00:00","og_image":[{"width":250,"height":224,"url":"https:\/\/www.sofine.eu\/nl\/wp-content\/uploads\/sites\/2\/2022\/01\/LOGO_SoFine_leaf.png","type":"image\/png"}],"twitter_card":"summary_large_image","twitter_misc":{"Geschatte leestijd":"7 minuten"},"schema":{"@context":"https:\/\/schema.org","@graph":[{"@type":"WebPage","@id":"https:\/\/www.sofine.eu\/nl\/over-ons\/nutriscore\/","url":"https:\/\/www.sofine.eu\/nl\/over-ons\/nutriscore\/","name":"Uitleg over Nutriscore - SoFine NL","isPartOf":{"@id":"https:\/\/www.sofine.eu\/nl\/#website"},"datePublished":"2021-09-08T08:34:54+00:00","dateModified":"2023-01-10T14:38:06+00:00","breadcrumb":{"@id":"https:\/\/www.sofine.eu\/nl\/over-ons\/nutriscore\/#breadcrumb"},"inLanguage":"nl-NL","potentialAction":[{"@type":"ReadAction","target":["https:\/\/www.sofine.eu\/nl\/over-ons\/nutriscore\/"]}]},{"@type":"BreadcrumbList","@id":"https:\/\/www.sofine.eu\/nl\/over-ons\/nutriscore\/#breadcrumb","itemListElement":[{"@type":"ListItem","position":1,"name":"Home","item":"https:\/\/www.sofine.eu\/nl\/"},{"@type":"ListItem","position":2,"name":"Over SoFine","item":"https:\/\/www.sofine.eu\/nl\/over-ons\/"},{"@type":"ListItem","position":3,"name":"Uitleg over Nutriscore"}]},{"@type":"WebSite","@id":"https:\/\/www.sofine.eu\/nl\/#website","url":"https:\/\/www.sofine.eu\/nl\/","name":"SoFine NL","description":"The friendly food!","publisher":{"@id":"https:\/\/www.sofine.eu\/nl\/#organization"},"potentialAction":[{"@type":"SearchAction","target":{"@type":"EntryPoint","urlTemplate":"https:\/\/www.sofine.eu\/nl\/?s={search_term_string}"},"query-input":{"@type":"PropertyValueSpecification","valueRequired":true,"valueName":"search_term_string"}}],"inLanguage":"nl-NL"},{"@type":"Organization","@id":"https:\/\/www.sofine.eu\/nl\/#organization","name":"Sofine","url":"https:\/\/www.sofine.eu\/nl\/","logo":{"@type":"ImageObject","inLanguage":"nl-NL","@id":"https:\/\/www.sofine.eu\/nl\/#\/schema\/logo\/image\/","url":"https:\/\/www.sofine.eu\/nl\/wp-content\/uploads\/sites\/2\/2021\/07\/LOGO_SoFine_baseline_blue_500.png","contentUrl":"https:\/\/www.sofine.eu\/nl\/wp-content\/uploads\/sites\/2\/2021\/07\/LOGO_SoFine_baseline_blue_500.png","width":500,"height":131,"caption":"Sofine"},"image":{"@id":"https:\/\/www.sofine.eu\/nl\/#\/schema\/logo\/image\/"},"sameAs":["https:\/\/www.facebook.com\/SoFineNederland\/","https:\/\/www.instagram.com\/SoFine.Nederland\/"]}]}},"_links":{"self":[{"href":"https:\/\/www.sofine.eu\/nl\/wp-json\/wp\/v2\/pages\/13200","targetHints":{"allow":["GET"]}}],"collection":[{"href":"https:\/\/www.sofine.eu\/nl\/wp-json\/wp\/v2\/pages"}],"about":[{"href":"https:\/\/www.sofine.eu\/nl\/wp-json\/wp\/v2\/types\/page"}],"author":[{"embeddable":true,"href":"https:\/\/www.sofine.eu\/nl\/wp-json\/wp\/v2\/users\/1"}],"replies":[{"embeddable":true,"href":"https:\/\/www.sofine.eu\/nl\/wp-json\/wp\/v2\/comments?post=13200"}],"version-history":[{"count":4,"href":"https:\/\/www.sofine.eu\/nl\/wp-json\/wp\/v2\/pages\/13200\/revisions"}],"predecessor-version":[{"id":13444,"href":"https:\/\/www.sofine.eu\/nl\/wp-json\/wp\/v2\/pages\/13200\/revisions\/13444"}],"up":[{"embeddable":true,"href":"https:\/\/www.sofine.eu\/nl\/wp-json\/wp\/v2\/pages\/12899"}],"wp:attachment":[{"href":"https:\/\/www.sofine.eu\/nl\/wp-json\/wp\/v2\/media?parent=13200"}],"curies":[{"name":"wp","href":"https:\/\/api.w.org\/{rel}","templated":true}]}}